{"id":10418,"date":"2023-01-18T12:35:11","date_gmt":"2023-01-18T11:35:11","guid":{"rendered":"https:\/\/pemmi.de\/?post_type=product&#038;p=10418"},"modified":"2023-03-01T09:28:56","modified_gmt":"2023-03-01T08:28:56","slug":"nager-teppich-aus-kokosfasern-ohne-latex-100-x-40-cm-ca-1cm-dick-3er-pack","status":"publish","type":"product","link":"https:\/\/pemmi.de\/fr\/shop\/pemmipet-fr\/nagerteppiche-aus-kokos-fr\/ohne-latex-ca-10mm-dick-fr\/nagerteppiche-ohne-latex-zuschnitte-fr\/nager-teppich-aus-kokosfasern-ohne-latex-100-x-40-cm-ca-1cm-dick-3er-pack\/","title":{"rendered":"Tapis de rongeurs en fibres de coco sans latex, 100 x 40 cm, \u00e9paisseur environ 1 cm, lot de 3"},"content":{"rendered":"<ul>\n<li><span class=\"a-list-item\"> <strong>MAT\u00c9RIEL<\/strong> &#8211; 100% noix de coco<\/span><\/li>\n<li><span class=\"a-list-item\"> <strong>HYGIENIQUE<\/strong> &#8211; grande absorption d&#8217;humidit\u00e9 et bonne fixation des odeurs <\/span><\/li>\n<li><span class=\"a-list-item\"> <strong>PEU DE POUSSI\u00c8RE<\/strong> &#8211; convient donc aux personnes allergiques \u00e0 la poussi\u00e8re <\/span><\/li>\n<li><span class=\"a-list-item\"> <strong>SANS LATEX<\/strong> &#8211; convient donc aux personnes allergiques au latex <\/span><\/li>\n<li><span class=\"a-list-item\"> <strong>COMPOSABLE<\/strong> &#8211; donc \u00e0 \u00e9liminer de mani\u00e8re \u00e9cologique <\/span><\/li>\n<li><span class=\"a-list-item\"> <strong>FACILE \u00c0 TRAITER<\/strong> &#8211; peut \u00eatre facilement fix\u00e9 au bo\u00eetier avec des ciseaux <\/span><\/li>\n<\/ul>\n<p>&nbsp;<\/p>\n<p>Les tapis pour rongeurs sont une garniture <strong><span class=\"a-text-bold\">souple<\/span><\/strong> et donc douce pour les pattes pour la cage des rongeurs, pour l&#8217;enclos ou pour couvrir les \u00e9tages de la cage en fil m\u00e9tallique.<\/p>\n<p>Les fibres de coco ne contiennent <strong><span class=\"a-text-bold\">pas de produits chimiques ni de pesticides<\/span><\/strong>.<\/p>\n<p>En raison de la r\u00e9sistance des fibres, il y a peu d&#8217;abrasion, donc de poussi\u00e8re, ce qui fait que les tapis pour rongeurs conviennent <span class=\"a-text-bold\">bien aux personnes <strong>allergiques \u00e0 la poussi\u00e8re<\/strong><\/span>, chez l&#8217;homme comme chez l&#8217;animal. Ce tapis anti-rongeurs est sans latex et convient donc \u00e9galement aux personnes allergiques au latex.<\/p>\n<p>Les fibres de coco absorbent particuli\u00e8rement bien les odeurs, <strong><span class=\"a-text-bold\">ce qui am\u00e9liore sensiblement le climat int\u00e9rieur<\/span><\/strong>.<\/p>\n<p>&nbsp;<\/p>\n<p><strong>Application<\/strong> : D\u00e9coupez le tapis sur mesure et disposez le sol de la cage compl\u00e8tement ou partiellement.<\/p>\n<p>&nbsp;<\/p>\n<p>Vous trouverez d&#8217;autres tailles et dimensions dans notre vaste assortiment. Des tailles sp\u00e9ciales sont \u00e9galement possibles sur demande.<\/p>\n<p><strong>Conseil<\/strong> : Consultez \u00e9galement nos ciseaux \u00e0 coco. Il permet de d\u00e9couper facilement le tapis de coco.<\/p>\n<p>&nbsp;<\/p>\n","protected":false},"excerpt":{"rendered":"<p>MAT\u00c9RIEL &#8211; 100% noix de coco HYGIENIQUE &#8211; grande absorption d&#8217;humidit\u00e9 et bonne fixation des odeurs PEU DE POUSSI\u00c8RE &#8211; convient donc aux personnes allergiques \u00e0 la poussi\u00e8re SANS LATEX &#8211; convient donc aux personnes allergiques au latex COMPOSABLE &#8211; donc \u00e0 \u00e9liminer de mani\u00e8re \u00e9cologique FACILE \u00c0 TRAITER &#8211; peut \u00eatre facilement fix\u00e9 au [&hellip;]<\/p>\n","protected":false},"featured_media":1832,"comment_status":"open","ping_status":"closed","template":"","meta":[],"product_cat":[541],"product_tag":[],"class_list":{"0":"post-10418","1":"product","2":"type-product","3":"status-publish","4":"has-post-thumbnail","6":"product_cat-nagerteppiche-ohne-latex-zuschnitte-fr","8":"first","9":"outofstock","10":"taxable","11":"shipping-taxable","12":"purchasable","13":"product-type-simple"},"_links":{"self":[{"href":"https:\/\/pemmi.de\/fr\/wp-json\/wp\/v2\/product\/10418","targetHints":{"allow":["GET"]}}],"collection":[{"href":"https:\/\/pemmi.de\/fr\/wp-json\/wp\/v2\/product"}],"about":[{"href":"https:\/\/pemmi.de\/fr\/wp-json\/wp\/v2\/types\/product"}],"replies":[{"embeddable":true,"href":"https:\/\/pemmi.de\/fr\/wp-json\/wp\/v2\/comments?post=10418"}],"wp:featuredmedia":[{"embeddable":true,"href":"https:\/\/pemmi.de\/fr\/wp-json\/wp\/v2\/media\/1832"}],"wp:attachment":[{"href":"https:\/\/pemmi.de\/fr\/wp-json\/wp\/v2\/media?parent=10418"}],"wp:term":[{"taxonomy":"product_cat","embeddable":true,"href":"https:\/\/pemmi.de\/fr\/wp-json\/wp\/v2\/product_cat?post=10418"},{"taxonomy":"product_tag","embeddable":true,"href":"https:\/\/pemmi.de\/fr\/wp-json\/wp\/v2\/product_tag?post=10418"}],"curies":[{"name":"wp","href":"https:\/\/api.w.org\/{rel}","templated":true}]}}