{"id":10748,"date":"2023-02-23T10:05:47","date_gmt":"2023-02-23T09:05:47","guid":{"rendered":"https:\/\/pemmi.de\/?post_type=product&#038;p=10748"},"modified":"2023-03-01T08:51:16","modified_gmt":"2023-03-01T07:51:16","slug":"hanffilzrolle-080-x-10m-5mm-dick-8m%c2%b2","status":"publish","type":"product","link":"https:\/\/pemmi.de\/fr\/shop\/isolation-en-fibres-naturelles\/rouleau-de-chanvre-feutre\/hanffilzrolle-080-x-10m-5mm-dick-8m%c2%b2\/","title":{"rendered":"Rouleau feutre chanvre 0,80 x 10m, \u00e9paisseur 5mm, 8m\u00b2"},"content":{"rendered":"<ul class=\"a-unordered-list a-vertical a-spacing-mini\">\n<li><span class=\"a-list-item\"><strong>MADE IN GERMANY<\/strong> &#8211; 100 % chanvre, produit purement naturel <\/span><\/li>\n<li><span class=\"a-list-item\"><strong>CULTURE \u00c9COLOGIQUE<\/strong> &#8211; sans produits chimiques <\/span><\/li>\n<li><span class=\"a-list-item\"><strong>DURABLE<\/strong> &#8211; nat\u00fcrlicher und erneuerbarer Rohstoff <\/span><\/li>\n<li><span class=\"a-list-item\"><strong>POLYVALENT<\/strong> &#8211; isolation des bruits d&#8217;impact, voile acoustique, isolation thermique, isolation <\/span><\/li>\n<li><span class=\"a-list-item\"><strong>FACILE \u00c0 METTRE EN \u0152UVRE &#8211; peu de poussi\u00e8re, bien tol\u00e9r\u00e9 par la peau, ne pr\u00e9sente aucun risque pour la sant\u00e9<\/strong><\/span><\/li>\n<\/ul>\n<p>Les fibres de chanvre sont une alternative <strong><span class=\"a-text-bold\">\u00e9cologique<\/span><\/strong> et <strong><span class=\"a-text-bold\">durable<\/span><\/strong> aux fibres synth\u00e9tiques.<\/p>\n<p>Le chanvre \u00e9tant une mati\u00e8re premi\u00e8re naturelle et renouvelable, il constitue, en tant que mat\u00e9riau d&#8217;isolation, un mat\u00e9riau de construction int\u00e9ressant et \u00e9cologiquement pr\u00e9cieux, dot\u00e9 de propri\u00e9t\u00e9s exceptionnelles. Qu&#8217;il s&#8217;agisse d&#8217;une isolation phonique pour les parquets et les sols stratifi\u00e9s flottants, d&#8217;un non-tiss\u00e9 acoustique (isolation acoustique des murs), d&#8217;une isolation thermique dans le toit ou dans les murs ou d&#8217;une am\u00e9lioration de l&#8217;isolation thermique. En effet, les pores ouverts des fibres de chanvre sont en mesure d&#8217;absorber l&#8217;humidit\u00e9 et de la restituer en s\u00e9chant. Le chanvre est donc climatisant et il r\u00e8gne toujours un climat agr\u00e9able et sain dans les pi\u00e8ces d&#8217;habitation.<\/p>\n<p>Le feutre de chanvre est r\u00e9sistant aux parasites, biod\u00e9gradable et facile \u00e0 travailler. Le rouleau de feutre de chanvre aiguillet\u00e9 peut \u00eatre facilement d\u00e9coup\u00e9 avec nos <strong><span class=\"a-text-bold\">ciseaux \u00e0 chanvre<\/span><\/strong>, par exemple.<\/p>\n<p>Les tapis de chanvre sont un <strong><span class=\"a-text-bold\">produit purement naturel<\/span><\/strong> et <strong><span class=\"a-text-bold\">exempt de produits chimiques.<\/span><\/strong> Ils sont peu poussi\u00e9reux, bien tol\u00e9r\u00e9s par la peau et ne pr\u00e9sentent aucun risque pour la sant\u00e9.<\/p>\n","protected":false},"excerpt":{"rendered":"<p>MADE IN GERMANY &#8211; 100 % chanvre, produit purement naturel CULTURE \u00c9COLOGIQUE &#8211; sans produits chimiques DURABLE &#8211; nat\u00fcrlicher und erneuerbarer Rohstoff POLYVALENT &#8211; isolation des bruits d&#8217;impact, voile acoustique, isolation thermique, isolation FACILE \u00c0 METTRE EN \u0152UVRE &#8211; peu de poussi\u00e8re, bien tol\u00e9r\u00e9 par la peau, ne pr\u00e9sente aucun risque pour la sant\u00e9 Les [&hellip;]<\/p>\n","protected":false},"featured_media":5878,"comment_status":"closed","ping_status":"closed","template":"","meta":[],"product_cat":[535],"product_tag":[],"class_list":{"0":"post-10748","1":"product","2":"type-product","3":"status-publish","4":"has-post-thumbnail","6":"product_cat-rouleau-de-chanvre-feutre","8":"first","9":"instock","10":"taxable","11":"shipping-taxable","12":"purchasable","13":"product-type-simple"},"_links":{"self":[{"href":"https:\/\/pemmi.de\/fr\/wp-json\/wp\/v2\/product\/10748","targetHints":{"allow":["GET"]}}],"collection":[{"href":"https:\/\/pemmi.de\/fr\/wp-json\/wp\/v2\/product"}],"about":[{"href":"https:\/\/pemmi.de\/fr\/wp-json\/wp\/v2\/types\/product"}],"replies":[{"embeddable":true,"href":"https:\/\/pemmi.de\/fr\/wp-json\/wp\/v2\/comments?post=10748"}],"wp:featuredmedia":[{"embeddable":true,"href":"https:\/\/pemmi.de\/fr\/wp-json\/wp\/v2\/media\/5878"}],"wp:attachment":[{"href":"https:\/\/pemmi.de\/fr\/wp-json\/wp\/v2\/media?parent=10748"}],"wp:term":[{"taxonomy":"product_cat","embeddable":true,"href":"https:\/\/pemmi.de\/fr\/wp-json\/wp\/v2\/product_cat?post=10748"},{"taxonomy":"product_tag","embeddable":true,"href":"https:\/\/pemmi.de\/fr\/wp-json\/wp\/v2\/product_tag?post=10748"}],"curies":[{"name":"wp","href":"https:\/\/api.w.org\/{rel}","templated":true}]}}