{"id":10869,"date":"2022-07-14T11:44:36","date_gmt":"2023-03-08T08:04:59","guid":{"rendered":"https:\/\/pemmi.de\/shop\/non class\u00e9\/ouate-100-chanvre-naturel-1kg\/"},"modified":"2023-03-08T09:04:59","modified_gmt":"2023-03-08T08:04:59","slug":"fuellwatte-aus-100-hanf-natur-1kg-2","status":"publish","type":"product","link":"https:\/\/pemmi.de\/fr\/shop\/pemmifill-fr\/naturfuellmaterialien-fr-ouate-de-rembourrage-ouate-polyester\/fuellwatte-aus-100-hanf-natur-1kg-2\/","title":{"rendered":"Ouate 100% chanvre, naturel, 1kg"},"content":{"rendered":"<ul>\n<li>Fabriqu\u00e9 \u00e0 partir de 100% de chanvre &#8211; une mati\u00e8re premi\u00e8re \u00e0 croissance rapide et peu exigeante<\/li>\n<li>fibre naturelle durable, r\u00e9sistant aux parasites<\/li>\n<li>tr\u00e8s respirant avec un tr\u00e8s bon transport de l&#8217;humidit\u00e9 et de bonnes propri\u00e9t\u00e9s climatiques<\/li>\n<li>id\u00e9al pour rembourrer et rembourrer les ours, les poup\u00e9es, les peluches et bien d&#8217;autres petits objets notamment, comme les porte-bonheur ou les anges gardiens<\/li>\n<li>poids optimal et prise en main agr\u00e9able en alourdissant les objets artisanaux<\/li>\n<\/ul>\n<p>&nbsp;<\/p>\n<p>Ce rembourrage est compos\u00e9 \u00e0 100% de fibres de chanvre et est donc un produit naturel fabriqu\u00e9 \u00e0 partir de mati\u00e8res premi\u00e8res renouvelables.Le chanvre est r\u00e9sistant aux parasites et thermor\u00e9gulateur, respirant et offre un transport id\u00e9al de l&#8217;humidit\u00e9.<\/p>\n<p>Cette ouate de rembourrage sp\u00e9ciale antid\u00e9rapante et lourde forme le corps de la poup\u00e9e ou du nounours et lui donne plus de stabilit\u00e9. Ce mat\u00e9riau de remplissage convient \u00e9galement pour peser les animaux en peluche et les corps de poup\u00e9es. Il peut \u00eatre utilis\u00e9 en plus de la bourre de fibres normale afin que les poup\u00e9es et les ours atteignent le poids optimal et soient \u00e9galement tr\u00e8s confortables \u00e0 tenir. Avec des petites poup\u00e9es, des oursons et des peluches, vous en remplissez tout le corps. Ce mat\u00e9riau de remplissage de haute qualit\u00e9 a fait ses preuves gr\u00e2ce \u00e0 sa long\u00e9vit\u00e9.<\/p>\n<p>Made in Germany.<\/p>\n","protected":false},"excerpt":{"rendered":"<p>Fabriqu\u00e9 \u00e0 partir de 100% de chanvre &#8211; une mati\u00e8re premi\u00e8re \u00e0 croissance rapide et peu exigeante fibre naturelle durable, r\u00e9sistant aux parasites tr\u00e8s respirant avec un tr\u00e8s bon transport de l&#8217;humidit\u00e9 et de bonnes propri\u00e9t\u00e9s climatiques id\u00e9al pour rembourrer et rembourrer les ours, les poup\u00e9es, les peluches et bien d&#8217;autres petits objets notamment, comme [&hellip;]<\/p>\n","protected":false},"featured_media":9548,"comment_status":"closed","ping_status":"closed","template":"","meta":[],"product_cat":[262],"product_tag":[],"class_list":{"0":"post-10869","1":"product","2":"type-product","3":"status-publish","4":"has-post-thumbnail","6":"product_cat-naturfuellmaterialien-fr-ouate-de-rembourrage-ouate-polyester","8":"first","9":"instock","10":"taxable","11":"shipping-taxable","12":"purchasable","13":"product-type-simple"},"_links":{"self":[{"href":"https:\/\/pemmi.de\/fr\/wp-json\/wp\/v2\/product\/10869","targetHints":{"allow":["GET"]}}],"collection":[{"href":"https:\/\/pemmi.de\/fr\/wp-json\/wp\/v2\/product"}],"about":[{"href":"https:\/\/pemmi.de\/fr\/wp-json\/wp\/v2\/types\/product"}],"replies":[{"embeddable":true,"href":"https:\/\/pemmi.de\/fr\/wp-json\/wp\/v2\/comments?post=10869"}],"wp:featuredmedia":[{"embeddable":true,"href":"https:\/\/pemmi.de\/fr\/wp-json\/wp\/v2\/media\/9548"}],"wp:attachment":[{"href":"https:\/\/pemmi.de\/fr\/wp-json\/wp\/v2\/media?parent=10869"}],"wp:term":[{"taxonomy":"product_cat","embeddable":true,"href":"https:\/\/pemmi.de\/fr\/wp-json\/wp\/v2\/product_cat?post=10869"},{"taxonomy":"product_tag","embeddable":true,"href":"https:\/\/pemmi.de\/fr\/wp-json\/wp\/v2\/product_tag?post=10869"}],"curies":[{"name":"wp","href":"https:\/\/api.w.org\/{rel}","templated":true}]}}