{"id":10903,"date":"2021-06-17T11:27:02","date_gmt":"2023-03-10T09:50:36","guid":{"rendered":"https:\/\/pemmi.de\/shop\/non class\u00e9\/sections-de-noix-de-coco-dans-une-boite-100x50x50-cm-min-5-kg\/"},"modified":"2023-03-10T10:50:36","modified_gmt":"2023-03-10T09:50:36","slug":"kokosabschnitte-im-karton-100x50x50-cm-mind-5-kg-2","status":"publish","type":"product","link":"https:\/\/pemmi.de\/fr\/shop\/stock-restant\/kokosabschnitte-im-karton-100x50x50-cm-mind-5-kg-2\/","title":{"rendered":"Sections de noix de coco dans une bo\u00eete 100x50x50 cm, min. 5 kg"},"content":{"rendered":"<p>Nous envoyons une bo\u00eete bomb\u00e9e de 100x50x50 cm avec des garnitures de noix de coco trop petites pour \u00eatre vendues, comme les extr\u00e9mit\u00e9s de nos rouleaux. Ou aussi les sections qui restent lors de la coupe de nos disques de paillage sur mesure.<\/p>\n<p>Nous choisissons le contenu. Chaque case est remplie diff\u00e9remment.<\/p>\n<p>Avec le contenu de ces bo\u00eetes, vous pouvez, par exemple, couvrir \u00e0 peu de frais de plus grandes surfaces comme protection contre les mauvaises herbes. Ou vous paillez vos plantes ou l\u00e9gumes avec le mat\u00e9riau. Ou vous pouvez utiliser la noix de coco comme couverture de compost, le tas de compost pourrira alors plus rapidement.<\/p>\n<p>Ou vous retirez les micro-verts des tapis de noix de coco.<\/p>\n<p>La noix de coco pourrit plus lentement que le chanvre.<\/p>\n<p>&nbsp;<\/p>\n<p>&nbsp;<\/p>\n","protected":false},"excerpt":{"rendered":"<p>Nous envoyons une bo\u00eete bomb\u00e9e de 100x50x50 cm avec des garnitures de noix de coco trop petites pour \u00eatre vendues, comme les extr\u00e9mit\u00e9s de nos rouleaux. Ou aussi les sections qui restent lors de la coupe de nos disques de paillage sur mesure. Nous choisissons le contenu. Chaque case est remplie diff\u00e9remment. Avec le contenu [&hellip;]<\/p>\n","protected":false},"featured_media":7678,"comment_status":"closed","ping_status":"closed","template":"","meta":[],"product_cat":[504],"product_tag":[],"class_list":{"0":"post-10903","1":"product","2":"type-product","3":"status-publish","4":"has-post-thumbnail","6":"product_cat-stock-restant","8":"first","9":"instock","10":"taxable","11":"shipping-taxable","12":"purchasable","13":"product-type-simple"},"_links":{"self":[{"href":"https:\/\/pemmi.de\/fr\/wp-json\/wp\/v2\/product\/10903","targetHints":{"allow":["GET"]}}],"collection":[{"href":"https:\/\/pemmi.de\/fr\/wp-json\/wp\/v2\/product"}],"about":[{"href":"https:\/\/pemmi.de\/fr\/wp-json\/wp\/v2\/types\/product"}],"replies":[{"embeddable":true,"href":"https:\/\/pemmi.de\/fr\/wp-json\/wp\/v2\/comments?post=10903"}],"wp:featuredmedia":[{"embeddable":true,"href":"https:\/\/pemmi.de\/fr\/wp-json\/wp\/v2\/media\/7678"}],"wp:attachment":[{"href":"https:\/\/pemmi.de\/fr\/wp-json\/wp\/v2\/media?parent=10903"}],"wp:term":[{"taxonomy":"product_cat","embeddable":true,"href":"https:\/\/pemmi.de\/fr\/wp-json\/wp\/v2\/product_cat?post=10903"},{"taxonomy":"product_tag","embeddable":true,"href":"https:\/\/pemmi.de\/fr\/wp-json\/wp\/v2\/product_tag?post=10903"}],"curies":[{"name":"wp","href":"https:\/\/api.w.org\/{rel}","templated":true}]}}