{"id":10917,"date":"2020-10-21T09:05:13","date_gmt":"2023-03-10T10:17:54","guid":{"rendered":"https:\/\/pemmi.de\/shop\/non class\u00e9\/glace-deco-glacons-deco-30-mm-1000g\/"},"modified":"2023-03-10T11:17:54","modified_gmt":"2023-03-10T10:17:54","slug":"dekoeis-deko-eiswuerfel-30-mm-1000g-1790e-kg-winterdekoration-eisimitat-natur-klar-2","status":"publish","type":"product","link":"https:\/\/pemmi.de\/fr\/shop\/pemmisnow-fr\/deko-eis-fr\/deko-eis-verschiedene-koernungen-fr\/dekoeis-deko-eiswuerfel-30-mm-1000g-1790e-kg-winterdekoration-eisimitat-natur-klar-2\/","title":{"rendered":"Glace d\u00e9co, gla\u00e7ons d\u00e9co 30 mm, 1000g"},"content":{"rendered":"<ul class=\"a-unordered-list a-vertical a-spacing-mini\">\n<li><span class=\"a-list-item\"> Glace d\u00e9corative, gla\u00e7ons en acrylique<br \/>\n<\/span><\/li>\n<li><span class=\"a-list-item\"> Taille environ 30mm <\/span><\/li>\n<li><span class=\"a-list-item\"> manipulation facile, facile \u00e0 d\u00e9corer <\/span><\/li>\n<li><span class=\"a-list-item\"> pour une belle d\u00e9coration de No\u00ebl et d&#8217;hiver <\/span><\/li>\n<li><span class=\"a-list-item\"> convient par exemple aux appartements, magasins et vitrines <\/span><\/li>\n<\/ul>\n<p>Les gla\u00e7ons sont en plastique. Avec ces gla\u00e7ons, vous pouvez cr\u00e9er une superbe d\u00e9coration d&#8217;hiver et de No\u00ebl en un rien de temps et ils offrent un excellent effet de glace et de givre. Particuli\u00e8rement adapt\u00e9 pour les d\u00e9corations d&#8217;hiver sur les rebords de fen\u00eatres, les vitrines, les f\u00eates de No\u00ebl, les soir\u00e9es apr\u00e8s-ski, le cin\u00e9ma et la t\u00e9l\u00e9vision, les march\u00e9s de No\u00ebl, les discoth\u00e8ques.<\/p>\n<p>Les gla\u00e7ons sont \u00e9galement id\u00e9aux pour la photographie de produits.<\/p>\n<p>Cet article peut \u00eatre combin\u00e9 avec de nombreux autres articles de notre large gamme de neige.<\/p>\n","protected":false},"excerpt":{"rendered":"<p>Glace d\u00e9corative, gla\u00e7ons en acrylique Taille environ 30mm manipulation facile, facile \u00e0 d\u00e9corer pour une belle d\u00e9coration de No\u00ebl et d&#8217;hiver convient par exemple aux appartements, magasins et vitrines Les gla\u00e7ons sont en plastique. Avec ces gla\u00e7ons, vous pouvez cr\u00e9er une superbe d\u00e9coration d&#8217;hiver et de No\u00ebl en un rien de temps et ils offrent [&hellip;]<\/p>\n","protected":false},"featured_media":6529,"comment_status":"closed","ping_status":"closed","template":"","meta":[],"product_cat":[277],"product_tag":[],"class_list":{"0":"post-10917","1":"product","2":"type-product","3":"status-publish","4":"has-post-thumbnail","6":"product_cat-deko-eis-verschiedene-koernungen-fr","8":"first","9":"instock","10":"taxable","11":"shipping-taxable","12":"purchasable","13":"product-type-simple"},"_links":{"self":[{"href":"https:\/\/pemmi.de\/fr\/wp-json\/wp\/v2\/product\/10917","targetHints":{"allow":["GET"]}}],"collection":[{"href":"https:\/\/pemmi.de\/fr\/wp-json\/wp\/v2\/product"}],"about":[{"href":"https:\/\/pemmi.de\/fr\/wp-json\/wp\/v2\/types\/product"}],"replies":[{"embeddable":true,"href":"https:\/\/pemmi.de\/fr\/wp-json\/wp\/v2\/comments?post=10917"}],"wp:featuredmedia":[{"embeddable":true,"href":"https:\/\/pemmi.de\/fr\/wp-json\/wp\/v2\/media\/6529"}],"wp:attachment":[{"href":"https:\/\/pemmi.de\/fr\/wp-json\/wp\/v2\/media?parent=10917"}],"wp:term":[{"taxonomy":"product_cat","embeddable":true,"href":"https:\/\/pemmi.de\/fr\/wp-json\/wp\/v2\/product_cat?post=10917"},{"taxonomy":"product_tag","embeddable":true,"href":"https:\/\/pemmi.de\/fr\/wp-json\/wp\/v2\/product_tag?post=10917"}],"curies":[{"name":"wp","href":"https:\/\/api.w.org\/{rel}","templated":true}]}}