{"id":12989,"date":"2023-05-03T12:00:31","date_gmt":"2024-04-10T10:30:37","guid":{"rendered":"https:\/\/pemmi.de\/shop\/non class\u00e9\/litiere-pour-sol-forestier-100l\/"},"modified":"2024-04-10T12:30:37","modified_gmt":"2024-04-10T10:30:37","slug":"litiere-pour-sol-forestier-100l","status":"publish","type":"product","link":"https:\/\/pemmi.de\/fr\/shop\/literie-du-sol-forestier\/litiere-pour-sol-forestier-100l\/","title":{"rendered":"Liti\u00e8re pour sol forestier, 100L"},"content":{"rendered":"<p>\u2705 <span style=\"font-family: Bahnschrift Light, sans-serif;\">MAT\u00c9RIEL<\/span> &#8211; \u00e9corce, compost et bois<\/p>\n<p>\u2705 <span style=\"font-family: Bahnschrift Light, sans-serif;\">MICROORGANISMES<\/span> \u2013 lie l\u2019urine, sans odeur, faible en poussi\u00e8re<\/p>\n<p>\u2705 <span style=\"font-family: Bahnschrift Light, sans-serif;\">POLYVALENT<\/span> &#8211; pour rongeurs, petits animaux, poules, chats, chiens, chevaux<\/p>\n<p>\u2705 <span style=\"font-family: Bahnschrift Light, sans-serif;\">PRODUIT<\/span> NATUREL &#8211; alternative durable <\/p>\n<p>\u2705 <span style=\"font-family: Bahnschrift Light, sans-serif;\">ENGRAIS HUMIS<\/span> \u2013 pH neutre, sans tourbe<\/p>\n<p>&nbsp;<\/p>\n<p><span style=\"font-family: Bahnschrift Light, sans-serif;\">La liti\u00e8re du sol forestier est une alternative naturelle et durable. Il est compos\u00e9 d&#8217;\u00e9corces, de compost et de composants en bois m\u00e9lang\u00e9s de mani\u00e8re homog\u00e8ne et sont donc 100 % naturels. Il existe divers micro-organismes dans le sol forestier qui d\u00e9composent imm\u00e9diatement l&#8217;urine et la rendent ainsi naturellement inodore. <\/span><\/p>\n<p><span style=\"font-family: Bahnschrift Light, sans-serif;\">L&#8217;humidit\u00e9 de base du sol forestier permet de lier la poussi\u00e8re, ce qui fait que cette liti\u00e8re convient parfaitement aux personnes allergiques et m\u00e9nage les voies respiratoires. <\/span><\/p>\n<p><span style=\"font-family: Bahnschrift Light, sans-serif;\">Le sol forestier est \u00e9galement une surface douce pour les animaux, il rafra\u00eechit en \u00e9t\u00e9 et r\u00e9chauffe en hiver et d\u00e9gage \u00e9galement un parfum agr\u00e9able.<\/span><\/p>\n<p><span style=\"font-family: Bahnschrift Light, sans-serif;\">Un autre avantage de la liti\u00e8re de sol forestier est qu&#8217;elle a un ph neutre et qu&#8217;elle ne contient pas de tourbe. Cela signifie qu\u2019il peut ensuite \u00eatre utilis\u00e9 comme engrais humique dans le jardin.<\/span><\/p>\n<p>&nbsp;<\/p>\n<p><span style=\"font-family: Bahnschrift Light, sans-serif;\"><u>Application<\/u><\/span><\/p>\n<p><span style=\"font-family: Bahnschrift Light, sans-serif;\">La liti\u00e8re de base doit toujours avoir une hauteur d&#8217;au moins 0,5 m\u00b2 par animal avec une superficie minimale de 0,5 m\u00b2 par animal. 8 cm pour que le sol forestier fonctionne correctement. Si la liti\u00e8re est trop faible, le sol forestier ne peut d\u00e9composer l&#8217;urine que dans une mesure limit\u00e9e.<\/span><\/p>\n<p><span style=\"font-family: Bahnschrift Light, sans-serif;\">La literie de base ne doit jamais \u00eatre compl\u00e8tement remplac\u00e9e, mais peut \u00eatre ajout\u00e9e une fois par semaine si n\u00e9cessaire. <\/span><\/p>\n<p><span style=\"font-family: Bahnschrift Light, sans-serif;\">La couche la plus basse du sol forestier ne doit pas \u00eatre travaill\u00e9e et laiss\u00e9e au repos.<\/span><\/p>\n<p><span style=\"font-family: Bahnschrift Light, sans-serif;\">Pour 0,5 m\u00b2, vous avez besoin d&#8217;environ 40 L de literie de base d&#8217;une hauteur d&#8217;environ 8 cm. Apr\u00e8s une \u00e0 deux semaines, la liti\u00e8re de base coulera d&#8217;environ 1 \u00e0 2 cm. <\/span><\/p>\n<p><span style=\"font-family: Bahnschrift Light, sans-serif;\">Le fumier doit \u00eatre apport\u00e9 quotidiennement, par exemple. retir\u00e9 avec une pelle \u00e0 liti\u00e8re ou une pelle \u00e0 chat et niveler la couche sup\u00e9rieure. Si la couche sup\u00e9rieure durcit, elle peut se d\u00e9tacher en surface. L&#8217;urine doit pouvoir atteindre la couche inf\u00e9rieure. <\/span><\/p>\n<p><span style=\"font-family: Bahnschrift Light, sans-serif;\">Les zones humides ne doivent pas n\u00e9cessairement \u00eatre \u00e9limin\u00e9es. Si le tapis forestier devient trop humide, les zones humides peuvent \u00eatre supprim\u00e9es et un nouveau tapis forestier peut \u00eatre ajout\u00e9.<\/span><\/p>\n<p><span style=\"font-family: Bahnschrift Light, sans-serif;\"><u>Stockage:<\/u><\/span><\/p>\n<p><span style=\"font-family: Bahnschrift Light, sans-serif;\">Le sol forestier doit \u00eatre stock\u00e9 sac ouvert dans un endroit sec et prot\u00e9g\u00e9 des rayons directs du soleil. <\/span><\/p>\n<p><span style=\"font-family: Bahnschrift Light, sans-serif;\">25 litres de liti\u00e8re foresti\u00e8re p\u00e8sent environ 7 kg.<\/span><\/p>\n","protected":false},"excerpt":{"rendered":"<p>\u2705 MAT\u00c9RIEL &#8211; \u00e9corce, compost et bois \u2705 MICROORGANISMES \u2013 lie l\u2019urine, sans odeur, faible en poussi\u00e8re \u2705 POLYVALENT &#8211; pour rongeurs, petits animaux, poules, chats, chiens, chevaux \u2705 PRODUIT NATUREL &#8211; alternative durable \u2705 ENGRAIS HUMIS \u2013 pH neutre, sans tourbe &nbsp; La liti\u00e8re du sol forestier est une alternative naturelle et durable. Il [&hellip;]<\/p>\n","protected":false},"featured_media":11168,"comment_status":"closed","ping_status":"closed","template":"","meta":[],"product_cat":[556],"product_tag":[554],"class_list":{"0":"post-12989","1":"product","2":"type-product","3":"status-publish","4":"has-post-thumbnail","6":"product_cat-literie-du-sol-forestier","7":"product_tag-perproductshipping-fr","9":"first","10":"instock","11":"taxable","12":"shipping-taxable","13":"purchasable","14":"product-type-simple"},"_links":{"self":[{"href":"https:\/\/pemmi.de\/fr\/wp-json\/wp\/v2\/product\/12989","targetHints":{"allow":["GET"]}}],"collection":[{"href":"https:\/\/pemmi.de\/fr\/wp-json\/wp\/v2\/product"}],"about":[{"href":"https:\/\/pemmi.de\/fr\/wp-json\/wp\/v2\/types\/product"}],"replies":[{"embeddable":true,"href":"https:\/\/pemmi.de\/fr\/wp-json\/wp\/v2\/comments?post=12989"}],"wp:featuredmedia":[{"embeddable":true,"href":"https:\/\/pemmi.de\/fr\/wp-json\/wp\/v2\/media\/11168"}],"wp:attachment":[{"href":"https:\/\/pemmi.de\/fr\/wp-json\/wp\/v2\/media?parent=12989"}],"wp:term":[{"taxonomy":"product_cat","embeddable":true,"href":"https:\/\/pemmi.de\/fr\/wp-json\/wp\/v2\/product_cat?post=12989"},{"taxonomy":"product_tag","embeddable":true,"href":"https:\/\/pemmi.de\/fr\/wp-json\/wp\/v2\/product_tag?post=12989"}],"curies":[{"name":"wp","href":"https:\/\/api.w.org\/{rel}","templated":true}]}}