{"id":1822,"date":"2019-03-06T14:54:04","date_gmt":"2019-06-12T08:11:39","guid":{"rendered":"https:\/\/pemmi.de\/shop\/non%20class\u00e9\/tapis-de-100-de-chanvre-04-m-de-large-15-m-de-long-environ-1-cm-depaisseur\/"},"modified":"2019-06-12T11:18:41","modified_gmt":"2019-06-12T09:18:41","slug":"inchtmate-aus-100-hanf-04-m-wim-15-m-lang-ca-1-cm-epais","status":"publish","type":"product","link":"https:\/\/pemmi.de\/fr\/shop\/pemmigarden-fr\/anzuchtmatten-fr\/anzuchtmatten-aus-hanf-ca-1cm-dick-fr\/inchtmate-aus-100-hanf-04-m-wim-15-m-lang-ca-1-cm-epais\/","title":{"rendered":"Tapis de culture compos\u00e9 \u00e0 100% de chanvre, 0,4 m largeur, 15 m longueur, environ 1 cm d\u2019\u00e9paisseur"},"content":{"rendered":"<ul class=\"a-unordered-list a-vertical a-spacing-none\">\n<li><span class=\"a-list-item\">Tapis de culture pour par exemple cresson et germes de germes (Microgreens), coup\u00e9s \u00e0 la taille <\/span><\/li>\n<li><span class=\"a-list-item\"> Mat\u00e9riau: 100% chanvre, durable, respectueux de l&#8217;environnement, issu de cultures sans pesticides ni fongicides <\/span><\/li>\n<li><span class=\"a-list-item\"> air, &#8211; eau, &#8211; et engrais perm\u00e9able, \u00e0 partir de mati\u00e8res premi\u00e8res domestiques renouvelables <\/span><\/li>\n<li><span class=\"a-list-item\"> r\u00e9sistance naturelle aux parasites tels que les acariens, l\u00b4attaque fongique et la pourriture<br \/>\n<\/span><\/li>\n<li><span class=\"a-list-item\"> microclimat sain, compostable, 100% biod\u00e9gradable <\/span><\/li>\n<\/ul>\n<p>Un r\u00e9cipient, par exemple, un petit bol plat est con\u00e7u avec le tapis de chanvre coup\u00e9. Les graines peuvent \u00eatre r\u00e9parties uniform\u00e9ment dessus. Le mat\u00e9riau est humidifi\u00e9 2 fois par jour, en fonction de la graine et de l&#8217;humidit\u00e9 r\u00e9siduelle du tapis de chanvre. Il faut s&#8217;assurer que les graines ne nagent pas. Il est recommand\u00e9 d&#8217;arroser les graines ou de pulv\u00e9riser avec un n\u00e9buliseur pour \u00e9viter cela. Il faut toutefois v\u00e9rifier l&#8217;humidit\u00e9 du substrat lors de ce processus de lavage afin d&#8217;\u00e9viter la d\u00e9shydratation. Surtout pour les d\u00e9butants, la culture sans terre en vaut la peine, car aucun \u00e9quipement ou mat\u00e9riel sp\u00e9cial et co\u00fbteux ne doit \u00eatre achet\u00e9. Cette m\u00e9thode de culture est particuli\u00e8rement recommand\u00e9e pour les graines qui forment une couche de mucus, comme le cresson et les graines de lin. Vous ne pouvez pas \u00e9touffer par le d\u00e9bordement d&#8217;eau par cette m\u00e9thode, mais tirez le liquide requis de la r\u00e9serve d&#8217;eau de fibre de chanvre. Les nattes en fibres de chanvre sont \u00e9galement utilis\u00e9es dans la culture professionnelle des germes de cresson et de germes (microgreens). Conseil: jetez un coup d&#8217;\u0153il \u00e0 nos ciseaux \u00e0 chanvre. Avec cela, vous pouvez facilement couper les tapis. Fabriqu\u00e9 en Allemagne.<\/p>\n","protected":false},"excerpt":{"rendered":"<p>Tapis de culture pour par exemple cresson et germes de germes (Microgreens), coup\u00e9s \u00e0 la taille Mat\u00e9riau: 100% chanvre, durable, respectueux de l&#8217;environnement, issu de cultures sans pesticides ni fongicides air, &#8211; eau, &#8211; et engrais perm\u00e9able, \u00e0 partir de mati\u00e8res premi\u00e8res domestiques renouvelables r\u00e9sistance naturelle aux parasites tels que les acariens, l\u00b4attaque fongique et [&hellip;]<\/p>\n","protected":false},"featured_media":1812,"comment_status":"closed","ping_status":"closed","template":"","meta":[],"product_cat":[166],"product_tag":[],"class_list":{"0":"post-1822","1":"product","2":"type-product","3":"status-publish","4":"has-post-thumbnail","6":"product_cat-anzuchtmatten-aus-hanf-ca-1cm-dick-fr","8":"first","9":"instock","10":"taxable","11":"shipping-taxable","12":"purchasable","13":"product-type-simple"},"_links":{"self":[{"href":"https:\/\/pemmi.de\/fr\/wp-json\/wp\/v2\/product\/1822","targetHints":{"allow":["GET"]}}],"collection":[{"href":"https:\/\/pemmi.de\/fr\/wp-json\/wp\/v2\/product"}],"about":[{"href":"https:\/\/pemmi.de\/fr\/wp-json\/wp\/v2\/types\/product"}],"replies":[{"embeddable":true,"href":"https:\/\/pemmi.de\/fr\/wp-json\/wp\/v2\/comments?post=1822"}],"wp:featuredmedia":[{"embeddable":true,"href":"https:\/\/pemmi.de\/fr\/wp-json\/wp\/v2\/media\/1812"}],"wp:attachment":[{"href":"https:\/\/pemmi.de\/fr\/wp-json\/wp\/v2\/media?parent=1822"}],"wp:term":[{"taxonomy":"product_cat","embeddable":true,"href":"https:\/\/pemmi.de\/fr\/wp-json\/wp\/v2\/product_cat?post=1822"},{"taxonomy":"product_tag","embeddable":true,"href":"https:\/\/pemmi.de\/fr\/wp-json\/wp\/v2\/product_tag?post=1822"}],"curies":[{"name":"wp","href":"https:\/\/api.w.org\/{rel}","templated":true}]}}