{"id":1863,"date":"2018-03-01T12:37:10","date_gmt":"2019-06-12T09:59:26","guid":{"rendered":"https:\/\/pemmi.de\/shop\/non%20class\u00e9\/unkrautschutzmatte-aus-kokosfaser-100-m-x-2000-m-ca-7-mm-dick-2000-m%c2%b2\/"},"modified":"2024-03-08T11:04:59","modified_gmt":"2024-03-08T10:04:59","slug":"unkrautschutzmatte-aus-kokosfaser-100-m-x-2000-m-ca-7-mm-dick-2000-m%c2%b2-2","status":"publish","type":"product","link":"https:\/\/pemmi.de\/fr\/shop\/pemmigarden-fr\/unkrautschutzmatte-aus-kokosfaser-fr\/unkrautschutzmatte-aus-kokosfaser-100-m-x-2000-m-ca-7-mm-dick-2000-m%c2%b2-2\/","title":{"rendered":"Tapis de protection contre les mauvaises herbes en fibres de noix de coco, 1 m x 20 m, environ 7 mm d&#8217;\u00e9paisseur, 20 m\u00b2"},"content":{"rendered":"<ul class=\"a-unordered-list a-vertical a-spacing-none\">\n<li><span class=\"a-list-item\">Fibre de noix de coco 100% latex, 100% biod\u00e9gradable, fibre naturelle, mati\u00e8re premi\u00e8re renouvelable et durable <\/span><\/li>\n<li><span class=\"a-list-item\"> r\u00e9gulateur d&#8217;humidit\u00e9, air, &#8211; eau, &#8211; et engrais perm\u00e9able, pas de rin\u00e7age du sol, r\u00e9duction de l&#8217;\u00e9vaporation de l&#8217;eau <\/span><\/li>\n<li><span class=\"a-list-item\"> microclimat sain translucide et respirant, excellent stockage de la chaleur <\/span><\/li>\n<li><span class=\"a-list-item\"> Suppression de la croissance des mauvaises herbes, entra\u00eenant moins de produits chimiques, moins d&#8217;entretien <\/span><\/li>\n<li><span class=\"a-list-item\"> repousse les escargots, car ils arrachent trop quand on les touche <\/span><\/li>\n<\/ul>\n<p>Le tapis compos\u00e9 \u00e0 100% de fibre de noix de coco constitue une protection optimale en hiver pour vos plantes en pot, ainsi que pour vos jeunes plantes, arbres et plates-bandes dans le jardin. Le tapis peut \u00eatre coup\u00e9 \u00e0 la taille souhait\u00e9e \u00e0 l&#8217;aide de ciseaux. En pla\u00e7ant le tapis sur votre lit, vous prot\u00e9gerez vos plantes de mani\u00e8re optimale en hiver et en toute autre saison. Les mauvaises herbes sont ma\u00eetris\u00e9es et le sol est prot\u00e9g\u00e9 de la d\u00e9shydratation en \u00e9t\u00e9. Il prot\u00e8ge la zone racinaire des pousses et des troncs d&#8217;arbustes et d&#8217;arbres. Conseil: jetez un coup d&#8217;\u0153il \u00e0 nos ciseaux \u00e0 chanvre. Par la pr\u00e9sente, vous pouvez facilement couper les tapis. Domaines d&#8217;application: &#8211; Protection hivernale, protection contre le gel et le froid &#8211; Isolation thermique et stockage de la chaleur pour les plantes &#8211; Couvre-lit, protection contre les mauvaises herbes &#8211; Couverture de compost pour le compost id\u00e9al<\/p>\n","protected":false},"excerpt":{"rendered":"<p>Fibre de noix de coco 100% latex, 100% biod\u00e9gradable, fibre naturelle, mati\u00e8re premi\u00e8re renouvelable et durable r\u00e9gulateur d&#8217;humidit\u00e9, air, &#8211; eau, &#8211; et engrais perm\u00e9able, pas de rin\u00e7age du sol, r\u00e9duction de l&#8217;\u00e9vaporation de l&#8217;eau microclimat sain translucide et respirant, excellent stockage de la chaleur Suppression de la croissance des mauvaises herbes, entra\u00eenant moins de [&hellip;]<\/p>\n","protected":false},"featured_media":1853,"comment_status":"open","ping_status":"closed","template":"","meta":[],"product_cat":[173],"product_tag":[554],"class_list":{"0":"post-1863","1":"product","2":"type-product","3":"status-publish","4":"has-post-thumbnail","6":"product_cat-unkrautschutzmatte-aus-kokosfaser-fr","7":"product_tag-perproductshipping-fr","9":"first","10":"instock","11":"taxable","12":"shipping-taxable","13":"purchasable","14":"product-type-simple"},"_links":{"self":[{"href":"https:\/\/pemmi.de\/fr\/wp-json\/wp\/v2\/product\/1863","targetHints":{"allow":["GET"]}}],"collection":[{"href":"https:\/\/pemmi.de\/fr\/wp-json\/wp\/v2\/product"}],"about":[{"href":"https:\/\/pemmi.de\/fr\/wp-json\/wp\/v2\/types\/product"}],"replies":[{"embeddable":true,"href":"https:\/\/pemmi.de\/fr\/wp-json\/wp\/v2\/comments?post=1863"}],"wp:featuredmedia":[{"embeddable":true,"href":"https:\/\/pemmi.de\/fr\/wp-json\/wp\/v2\/media\/1853"}],"wp:attachment":[{"href":"https:\/\/pemmi.de\/fr\/wp-json\/wp\/v2\/media?parent=1863"}],"wp:term":[{"taxonomy":"product_cat","embeddable":true,"href":"https:\/\/pemmi.de\/fr\/wp-json\/wp\/v2\/product_cat?post=1863"},{"taxonomy":"product_tag","embeddable":true,"href":"https:\/\/pemmi.de\/fr\/wp-json\/wp\/v2\/product_tag?post=1863"}],"curies":[{"name":"wp","href":"https:\/\/api.w.org\/{rel}","templated":true}]}}