{"id":1901,"date":"2018-03-08T10:59:08","date_gmt":"2019-06-12T10:13:33","guid":{"rendered":"https:\/\/pemmi.de\/shop\/non%20class\u00e9\/kokosfaserziegel-12-x-8-liter-ca-650-g-je-ziegel-gesamt-96-liter\/"},"modified":"2024-03-08T12:36:48","modified_gmt":"2024-03-08T11:36:48","slug":"kokosfaserziegel-12-x-8-liter-ca-650-g-je-ziegel-gesamt-96-liter-2","status":"publish","type":"product","link":"https:\/\/pemmi.de\/fr\/shop\/pemmigarden-fr\/kokosfaserziegel-fr-2\/kokosfaserziegel-12-x-8-liter-ca-650-g-je-ziegel-gesamt-96-liter-2\/","title":{"rendered":"Brique de fibres de coco press\u00e9 12 x 8 (96) litres, env. 650 g"},"content":{"rendered":"<ul class=\"a-unordered-list a-vertical a-spacing-none\">\n<li><span class=\"a-list-item\">Fibre de noix de coco 100% naturelle <\/span><\/li>\n<li><span class=\"a-list-item\"> non fertilis\u00e9e <\/span><\/li>\n<li><span class=\"a-list-item\"> capacit\u00e9 de stockage d&#8217;eau \u00e9lev\u00e9e, capacit\u00e9 d&#8217;absorption \u00e9lev\u00e9e <\/span><\/li>\n<li><span class=\"a-list-item\"> garanti sans tourbe, garanti sans graines de mauvaises herbes, pesticides et produits chimiques <\/span><\/li>\n<li><span class=\"a-list-item\"> Poids +\/- 10% <\/span><\/li>\n<\/ul>\n<p>La brique est compos\u00e9e de fibres de noix de coco naturelles qui sont press\u00e9es dans une brique. En conjonction avec de l&#8217;eau, la brique d&#8217;humus gonfle \u00e0 environ 8-10 fois le volume. Les briques gonflent tr\u00e8s rapidement et le sol de noix de coco est pr\u00eat \u00e0 \u00eatre utilis\u00e9 imm\u00e9diatement. Les avantages des carreaux de noix de coco &#8211; ressource renouvelable. Le cocotier porte annuellement 3 x noix de coco, l&#8217;enveloppe ext\u00e9rieure de la fibre de coco \u00e9tant obtenue. Ainsi, aucun palmier n&#8217;est abattu pour la production. -100% biod\u00e9gradable Pr\u00e9paration: Placez les briques dans un grand r\u00e9cipient, ajoutez environ 4 litres d&#8217;eau, laissez gonfler et m\u00e9langez bien.<\/p>\n","protected":false},"excerpt":{"rendered":"<p>Fibre de noix de coco 100% naturelle non fertilis\u00e9e capacit\u00e9 de stockage d&#8217;eau \u00e9lev\u00e9e, capacit\u00e9 d&#8217;absorption \u00e9lev\u00e9e garanti sans tourbe, garanti sans graines de mauvaises herbes, pesticides et produits chimiques Poids +\/- 10% La brique est compos\u00e9e de fibres de noix de coco naturelles qui sont press\u00e9es dans une brique. En conjonction avec de l&#8217;eau, [&hellip;]<\/p>\n","protected":false},"featured_media":8303,"comment_status":"open","ping_status":"closed","template":"","meta":[],"product_cat":[175],"product_tag":[554],"class_list":{"0":"post-1901","1":"product","2":"type-product","3":"status-publish","4":"has-post-thumbnail","6":"product_cat-kokosfaserziegel-fr-2","7":"product_tag-perproductshipping-fr","9":"first","10":"instock","11":"taxable","12":"shipping-taxable","13":"purchasable","14":"product-type-simple"},"_links":{"self":[{"href":"https:\/\/pemmi.de\/fr\/wp-json\/wp\/v2\/product\/1901","targetHints":{"allow":["GET"]}}],"collection":[{"href":"https:\/\/pemmi.de\/fr\/wp-json\/wp\/v2\/product"}],"about":[{"href":"https:\/\/pemmi.de\/fr\/wp-json\/wp\/v2\/types\/product"}],"replies":[{"embeddable":true,"href":"https:\/\/pemmi.de\/fr\/wp-json\/wp\/v2\/comments?post=1901"}],"wp:featuredmedia":[{"embeddable":true,"href":"https:\/\/pemmi.de\/fr\/wp-json\/wp\/v2\/media\/8303"}],"wp:attachment":[{"href":"https:\/\/pemmi.de\/fr\/wp-json\/wp\/v2\/media?parent=1901"}],"wp:term":[{"taxonomy":"product_cat","embeddable":true,"href":"https:\/\/pemmi.de\/fr\/wp-json\/wp\/v2\/product_cat?post=1901"},{"taxonomy":"product_tag","embeddable":true,"href":"https:\/\/pemmi.de\/fr\/wp-json\/wp\/v2\/product_tag?post=1901"}],"curies":[{"name":"wp","href":"https:\/\/api.w.org\/{rel}","templated":true}]}}