{"id":2101,"date":"2018-03-01T12:09:19","date_gmt":"2019-07-01T09:02:41","guid":{"rendered":"https:\/\/pemmi.de\/shop\/non%20class\u00e9\/multifunktions-matte-aus-100-schafschurwolle-050-m-x-2000-m-500g-m%c2%b2-ca-5-mm-dick-1000-m%c2%b2\/"},"modified":"2022-11-23T10:02:16","modified_gmt":"2022-11-23T09:02:16","slug":"multifunktions-matte-aus-100-schafschurwolle-050-m-x-2000-m-500g-m%c2%b2-ca-5-mm-dick-1000-m%c2%b2","status":"publish","type":"product","link":"https:\/\/pemmi.de\/fr\/shop\/stock-restant\/multifunktions-matte-aus-100-schafschurwolle-050-m-x-2000-m-500g-m%c2%b2-ca-5-mm-dick-1000-m%c2%b2\/","title":{"rendered":"Tapis multifonctionnel en laine 100% pure laine vierge, 0,50 m x 20,00 m, 500 g \/ m\u00b2, environ 5 mm d&#8217;\u00e9paisseur, 10,00 m\u00b2"},"content":{"rendered":"<ul>\n<li><span class=\"tlid-translation translation\" lang=\"fr\">100% biod\u00e9gradable, fibre naturelle, ressource renouvelable et durable<\/span><\/li>\n<li><span class=\"tlid-translation translation\" lang=\"fr\">r\u00e9gulateur d&#8217;humidit\u00e9, perm\u00e9able \u00e0 l&#8217;eau et aux engrais<\/span><\/li>\n<li><span class=\"tlid-translation translation\" lang=\"fr\">microclimat sain translucide et respirant, excellent stockage de la chaleur<\/span><\/li>\n<li><span class=\"tlid-translation translation\" lang=\"fr\">Pendant le compostage, les engrais naturels suivants sont lib\u00e9r\u00e9s: azote, potassium et phosphore<\/span><\/li>\n<li><span class=\"tlid-translation translation\" lang=\"fr\">repousse les escargots, car ils arrachent trop quand on les touche<\/span><\/li>\n<\/ul>\n<div id=\"descriptionAndDetails\" class=\"a-section a-spacing-extra-large\">\n<div id=\"productDescription_feature_div\" class=\"feature\" data-feature-name=\"productDescription\">\n<div id=\"productDescription_feature_div\" class=\"a-row feature\" data-feature-name=\"productDescription\" data-template-name=\"productDescription\">\n<div id=\"productDescription\" class=\"a-section a-spacing-small\">\n<p><span class=\"tlid-translation translation\" lang=\"fr\">Le tapis en pure laine vierge \u00e0 100% constitue une protection optimale en hiver pour vos plantes en pot ainsi que pour vos jeunes plantes, arbres et plates-bandes dans le jardin. Le tapis peut \u00eatre coup\u00e9 \u00e0 la taille souhait\u00e9e \u00e0 l&#8217;aide de ciseaux. En pla\u00e7ant le tapis sur votre lit, vous prot\u00e9gerez vos plantes de mani\u00e8re optimale en hiver et en toute autre saison. Les mauvaises herbes sont ma\u00eetris\u00e9es et le sol est prot\u00e9g\u00e9 de la d\u00e9shydratation en \u00e9t\u00e9. Il prot\u00e8ge la zone racinaire sur les pousses et les troncs d&#8217;arbustes et d&#8217;arbres. Le tapis est \u00e9galement utilis\u00e9 pour la d\u00e9fense des escargots, car ils sont trop visqueux au toucher et \u00e9vitent ainsi la laine du mouton. La d\u00e9sint\u00e9gration de la laine lib\u00e8re de l&#8217;azote, du potassium et du phosphore naturels. Id\u00e9al pour la croissance des plantes. Lorsqu&#8217;il est utilis\u00e9 comme tapis de d\u00e9chiquetage, appuyez fermement sur le tapis. Id\u00e9alement humide avant la pose. <\/span><\/p>\n<p><span class=\"tlid-translation translation\" lang=\"fr\"><strong>Conseil<\/strong>: jetez un coup d\u2019\u0153il \u00e0 nos ciseaux \u00e0 chanvre. Par la pr\u00e9sente, vous pouvez facilement couper les tapis. <\/span><\/p>\n<p><span class=\"tlid-translation translation\" lang=\"fr\">Domaines d&#8217;application: &#8211; Protection hivernale, protection contre le gel et le froid &#8211; Isolation thermique et stockage de la chaleur pour les plantes &#8211; Couvre-lit, protection contre les mauvaises herbes &#8211; Couvre-compost pour l&#8217;engrais id\u00e9al pour la protection des escargots.<\/span><\/p>\n<\/div>\n<\/div>\n<\/div>\n<\/div>\n<table border=\"0\" cellspacing=\"0\" cellpadding=\"0\" align=\"right\">\n<tbody>\n<tr>\n<td valign=\"top\" width=\"100%\"><\/td>\n<\/tr>\n<\/tbody>\n<\/table>\n","protected":false},"excerpt":{"rendered":"<p>100% biod\u00e9gradable, fibre naturelle, ressource renouvelable et durable r\u00e9gulateur d&#8217;humidit\u00e9, perm\u00e9able \u00e0 l&#8217;eau et aux engrais microclimat sain translucide et respirant, excellent stockage de la chaleur Pendant le compostage, les engrais naturels suivants sont lib\u00e9r\u00e9s: azote, potassium et phosphore repousse les escargots, car ils arrachent trop quand on les touche Le tapis en pure laine [&hellip;]<\/p>\n","protected":false},"featured_media":2094,"comment_status":"open","ping_status":"closed","template":"","meta":[],"product_cat":[504],"product_tag":[],"class_list":{"0":"post-2101","1":"product","2":"type-product","3":"status-publish","4":"has-post-thumbnail","6":"product_cat-stock-restant","8":"first","9":"outofstock","10":"taxable","11":"shipping-taxable","12":"purchasable","13":"product-type-simple"},"_links":{"self":[{"href":"https:\/\/pemmi.de\/fr\/wp-json\/wp\/v2\/product\/2101","targetHints":{"allow":["GET"]}}],"collection":[{"href":"https:\/\/pemmi.de\/fr\/wp-json\/wp\/v2\/product"}],"about":[{"href":"https:\/\/pemmi.de\/fr\/wp-json\/wp\/v2\/types\/product"}],"replies":[{"embeddable":true,"href":"https:\/\/pemmi.de\/fr\/wp-json\/wp\/v2\/comments?post=2101"}],"wp:featuredmedia":[{"embeddable":true,"href":"https:\/\/pemmi.de\/fr\/wp-json\/wp\/v2\/media\/2094"}],"wp:attachment":[{"href":"https:\/\/pemmi.de\/fr\/wp-json\/wp\/v2\/media?parent=2101"}],"wp:term":[{"taxonomy":"product_cat","embeddable":true,"href":"https:\/\/pemmi.de\/fr\/wp-json\/wp\/v2\/product_cat?post=2101"},{"taxonomy":"product_tag","embeddable":true,"href":"https:\/\/pemmi.de\/fr\/wp-json\/wp\/v2\/product_tag?post=2101"}],"curies":[{"name":"wp","href":"https:\/\/api.w.org\/{rel}","templated":true}]}}