{"id":2164,"date":"2018-03-01T11:13:02","date_gmt":"2019-07-04T09:55:48","guid":{"rendered":"https:\/\/pemmi.de\/shop\/non%20class\u00e9\/unkrautschutzmatte-aus-100-hanf-600g-%c2%b2-04-m-breit-5-m-lang-ca-05-cm-dick-2m%c2%b2\/"},"modified":"2019-07-05T08:34:02","modified_gmt":"2019-07-05T06:34:02","slug":"unkrautschutzmatte-aus-100-hanf-600g-%c2%b2-04-m-breit-5-m-lang-ca-05-cm-dick","status":"publish","type":"product","link":"https:\/\/pemmi.de\/fr\/shop\/pemmigarden-fr\/unkrautschutzaushanf-fr\/unkrautschutz-aus-hanf-ca-5mm-dick-fr\/unkrautschutzmatte-aus-100-hanf-600g-%c2%b2-04-m-breit-5-m-lang-ca-05-cm-dick\/","title":{"rendered":"Tapis de Protection Contre Les Mauvaises Herbes en Fibre de Chanvre, 600g \/m\u00b2, 0,40 m x 5 m, 2m\u00b2"},"content":{"rendered":"<ul class=\"a-unordered-list a-vertical a-spacing-none\">\n<li><span class=\"a-list-item\"> Offre une protection optimale en hiver <\/span><\/li>\n<li><span class=\"a-list-item\"> Cr\u00e9e un microclimat sain <\/span><\/li>\n<li><span class=\"a-list-item\"> 100 % biod\u00e9gradable <\/span><\/li>\n<li><span class=\"a-list-item\"> 100 % naturel <\/span><\/li>\n<li><span class=\"a-list-item\"> R\u00e9siste naturellement aux parasites tels que les acariens, les champignons et la moisissure <\/span><\/li>\n<\/ul>\n<p>Le tapis en chanvre est l&#8217;outil de protection id\u00e9al pour les bacs de plante, jeunes plants, arbres et parterres de votre jardin en hiver. Le tapis peut \u00eatre d\u00e9coup\u00e9 \u00e0 la taille souhait\u00e9e avec des cisailles. Si vous placez ce tapis sur votre parterre, vos plantes sont prot\u00e9g\u00e9es de mani\u00e8re optimale aussi bien en hiver que pendant les autres saisons de l&#8217;ann\u00e9e. Ainsi, les mauvaises herbes sont jugul\u00e9es et le sol est prot\u00e9g\u00e9 du dess\u00e8chement pendant l&#8217;\u00e9t\u00e9. Vous prot\u00e9gez ainsi la zone de la racine situ\u00e9e au niveau du tronc et des pousses des buissons et des arbres.<\/p>\n<p><strong>Conseil<\/strong> : Jetez un coup d&#8217;\u0153il sur notre ciseaux pour chanvre. Ils vous permet de d\u00e9couper vos tapis en chanvre en toute simplicit\u00e9.<\/p>\n","protected":false},"excerpt":{"rendered":"<p>Offre une protection optimale en hiver Cr\u00e9e un microclimat sain 100 % biod\u00e9gradable 100 % naturel R\u00e9siste naturellement aux parasites tels que les acariens, les champignons et la moisissure Le tapis en chanvre est l&#8217;outil de protection id\u00e9al pour les bacs de plante, jeunes plants, arbres et parterres de votre jardin en hiver. Le tapis [&hellip;]<\/p>\n","protected":false},"featured_media":2124,"comment_status":"open","ping_status":"closed","template":"","meta":[],"product_cat":[184],"product_tag":[],"class_list":{"0":"post-2164","1":"product","2":"type-product","3":"status-publish","4":"has-post-thumbnail","6":"product_cat-unkrautschutz-aus-hanf-ca-5mm-dick-fr","8":"first","9":"instock","10":"taxable","11":"shipping-taxable","12":"purchasable","13":"product-type-simple"},"_links":{"self":[{"href":"https:\/\/pemmi.de\/fr\/wp-json\/wp\/v2\/product\/2164","targetHints":{"allow":["GET"]}}],"collection":[{"href":"https:\/\/pemmi.de\/fr\/wp-json\/wp\/v2\/product"}],"about":[{"href":"https:\/\/pemmi.de\/fr\/wp-json\/wp\/v2\/types\/product"}],"replies":[{"embeddable":true,"href":"https:\/\/pemmi.de\/fr\/wp-json\/wp\/v2\/comments?post=2164"}],"wp:featuredmedia":[{"embeddable":true,"href":"https:\/\/pemmi.de\/fr\/wp-json\/wp\/v2\/media\/2124"}],"wp:attachment":[{"href":"https:\/\/pemmi.de\/fr\/wp-json\/wp\/v2\/media?parent=2164"}],"wp:term":[{"taxonomy":"product_cat","embeddable":true,"href":"https:\/\/pemmi.de\/fr\/wp-json\/wp\/v2\/product_cat?post=2164"},{"taxonomy":"product_tag","embeddable":true,"href":"https:\/\/pemmi.de\/fr\/wp-json\/wp\/v2\/product_tag?post=2164"}],"curies":[{"name":"wp","href":"https:\/\/api.w.org\/{rel}","templated":true}]}}