{"id":2200,"date":"2019-02-19T11:42:48","date_gmt":"2019-07-05T07:09:05","guid":{"rendered":"https:\/\/pemmi.de\/shop\/non%20class\u00e9\/mulchscheiben-aus-100-kokos-20er-pack-durchmesser-80-cm-ca-07-cm-dick\/"},"modified":"2019-07-05T10:00:16","modified_gmt":"2019-07-05T08:00:16","slug":"mulchscheiben-aus-100-kokos-20er-pack-durchmesser-80-cm-ca-07-cm-dick","status":"publish","type":"product","link":"https:\/\/pemmi.de\/fr\/shop\/pemmigarden-fr\/mulchscheibenaushanf-fr\/mulchscheiben-aus-kokos-ca-7mm-dick-fr\/durchmesser-80cm-fr\/mulchscheiben-aus-100-kokos-20er-pack-durchmesser-80-cm-ca-07-cm-dick\/","title":{"rendered":"Disques de paillage 100% noix de coco, paquet de 20, diam\u00e8tre: 80 cm, environ 0,7 cm d&#8217;\u00e9paisseur"},"content":{"rendered":"<ul class=\"a-unordered-list a-vertical a-spacing-none\">\n<li><span class=\"a-list-item\"> 100% fibre de noix de coco en latex unilat\u00e9rale, 100% biod\u00e9gradable, fibre naturelle, mati\u00e8re premi\u00e8re renouvelable et durable <\/span><\/li>\n<li><span class=\"a-list-item\"> R\u00e9gulateur d&#8217;humidit\u00e9, air, &#8211; eau, &#8211; et engrais perm\u00e9able, pas de rin\u00e7age du sol, r\u00e9duction de l&#8217;\u00e9vaporation de l&#8217;eau <\/span><\/li>\n<li><span class=\"a-list-item\"> microclimat sain translucide et respirant, excellent stockage de la chaleur <\/span><\/li>\n<li><span class=\"a-list-item\"> Suppression de la croissance des mauvaises herbes, entra\u00eenant moins de produits chimiques, moins d&#8217;entretien <\/span><\/li>\n<li><span class=\"a-list-item\"> repousse les escargots, car ils arrachent trop quand on les touche <\/span><\/li>\n<\/ul>\n<p>Le disque de paillage compos\u00e9 \u00e0 100% de noix de coco constitue une protection optimale en hiver pour vos plantes en pot, ainsi que pour vos jeunes plantes, arbres et plates-bandes dans le jardin. En pla\u00e7ant le disque de paillage sur votre plates-bandes, vous prot\u00e9gerez les plantes de mani\u00e8re optimale en hiver et en toute autre saison. Les mauvaises herbes sont ma\u00eetris\u00e9es et le sol est prot\u00e9g\u00e9 de la d\u00e9shydratation en \u00e9t\u00e9. Il prot\u00e8ge la zone racinaire des pousses et des troncs d&#8217;arbustes et d&#8217;arbres. Le disque de paillage est \u00e9galement utilis\u00e9 pour la d\u00e9fense des escargots, car ils sont trop arrach\u00e9s au toucher et \u00e9vitent ainsi la fibre de coco. Lorsqu&#8217;il est utilis\u00e9 comme tapis de paillage, appuyez fermement sur le tapis. Id\u00e9alement humide avant la pose.<\/p>\n<p>Domaines d&#8217;application: &#8211; Protection hivernale, protection contre le gel et le froid &#8211; Isolation thermique et stockage de la chaleur pour les plantes &#8211; Couvre-lit, protection contre les mauvaises herbes &#8211; Couvre-compost pour une protection id\u00e9ale contre les escargots.<\/p>\n","protected":false},"excerpt":{"rendered":"<p>100% fibre de noix de coco en latex unilat\u00e9rale, 100% biod\u00e9gradable, fibre naturelle, mati\u00e8re premi\u00e8re renouvelable et durable R\u00e9gulateur d&#8217;humidit\u00e9, air, &#8211; eau, &#8211; et engrais perm\u00e9able, pas de rin\u00e7age du sol, r\u00e9duction de l&#8217;\u00e9vaporation de l&#8217;eau microclimat sain translucide et respirant, excellent stockage de la chaleur Suppression de la croissance des mauvaises herbes, entra\u00eenant [&hellip;]<\/p>\n","protected":false},"featured_media":2187,"comment_status":"closed","ping_status":"closed","template":"","meta":[],"product_cat":[190],"product_tag":[],"class_list":{"0":"post-2200","1":"product","2":"type-product","3":"status-publish","4":"has-post-thumbnail","6":"product_cat-durchmesser-80cm-fr","8":"first","9":"instock","10":"taxable","11":"shipping-taxable","12":"purchasable","13":"product-type-simple"},"_links":{"self":[{"href":"https:\/\/pemmi.de\/fr\/wp-json\/wp\/v2\/product\/2200","targetHints":{"allow":["GET"]}}],"collection":[{"href":"https:\/\/pemmi.de\/fr\/wp-json\/wp\/v2\/product"}],"about":[{"href":"https:\/\/pemmi.de\/fr\/wp-json\/wp\/v2\/types\/product"}],"replies":[{"embeddable":true,"href":"https:\/\/pemmi.de\/fr\/wp-json\/wp\/v2\/comments?post=2200"}],"wp:featuredmedia":[{"embeddable":true,"href":"https:\/\/pemmi.de\/fr\/wp-json\/wp\/v2\/media\/2187"}],"wp:attachment":[{"href":"https:\/\/pemmi.de\/fr\/wp-json\/wp\/v2\/media?parent=2200"}],"wp:term":[{"taxonomy":"product_cat","embeddable":true,"href":"https:\/\/pemmi.de\/fr\/wp-json\/wp\/v2\/product_cat?post=2200"},{"taxonomy":"product_tag","embeddable":true,"href":"https:\/\/pemmi.de\/fr\/wp-json\/wp\/v2\/product_tag?post=2200"}],"curies":[{"name":"wp","href":"https:\/\/api.w.org\/{rel}","templated":true}]}}