{"id":2408,"date":"2018-02-27T11:34:38","date_gmt":"2019-07-12T07:37:46","guid":{"rendered":"https:\/\/pemmi.de\/shop\/non%20class\u00e9\/mulchscheiben-aus-100-hanf-10er-pack-durchmesser-80-cm-10-mm-dick\/"},"modified":"2019-07-12T11:38:56","modified_gmt":"2019-07-12T09:38:56","slug":"mulchscheiben-aus-100-hanf-10er-pack-durchmesser-80-cm-10-mm-dick","status":"publish","type":"product","link":"https:\/\/pemmi.de\/fr\/shop\/pemmigarden-fr\/mulchscheibenaushanf-fr\/mulchscheiben-aus-hanf-ca-10mm-dick-fr\/durchmesser-80cm-fr-2\/mulchscheiben-aus-100-hanf-10er-pack-durchmesser-80-cm-10-mm-dick\/","title":{"rendered":"Disque de paillage en fibres de chanvre, 10 pi\u00e8ces, diam\u00e8tre: 80 cm, 10 mm d\u2018\u00e9paisseur"},"content":{"rendered":"<ul class=\"a-unordered-list a-vertical a-spacing-none\">\n<li><span class=\"a-list-item\"> Emp\u00eache la croissance des mauvaises herbes <\/span><\/li>\n<li><span class=\"a-list-item\"> Facile \u00e0 entretenir, \u00e9loigne les limaces <\/span><\/li>\n<li><span class=\"a-list-item\"> Produit d\u2019une culture sans pesticide ou fongicide, am\u00e9liore la structure du sol <\/span><\/li>\n<li><span class=\"a-list-item\"> Perm\u00e9able \u00e0 l\u2019eau, \u00e0 l\u2019air et aux engrais <\/span><\/li>\n<li><span class=\"a-list-item\"> Ne creuse pas la terre, r\u00e9duit l\u2019\u00e9vaporation de l\u2018eau, fabriqu\u00e9 en Allemagne <\/span><\/li>\n<\/ul>\n<p>Le disque de paillage en fibres de chanvre est l&#8217;outil de protection id\u00e9al pour vos bacs de plante, jeunes plants, arbres et pour les parterres de votre jardin en hiver. Si vous placez ce disque sur votre parterre, vos plantes sont prot\u00e9g\u00e9es de mani\u00e8re optimale aussi bien en hiver que pendant les autres saisons de l&#8217;ann\u00e9e. Ainsi, les mauvaises herbes sont jugul\u00e9es et le sol est prot\u00e9g\u00e9 du dess\u00e8chement pendant l&#8217;\u00e9t\u00e9. Vous prot\u00e9gez ainsi la zone de la racine situ\u00e9e au niveau du tronc et des pousses des buissons et des arbres.<\/p>\n<p>Des disques de plus petite taille sont disponibles sur demande.<\/p>\n","protected":false},"excerpt":{"rendered":"<p>Emp\u00eache la croissance des mauvaises herbes Facile \u00e0 entretenir, \u00e9loigne les limaces Produit d\u2019une culture sans pesticide ou fongicide, am\u00e9liore la structure du sol Perm\u00e9able \u00e0 l\u2019eau, \u00e0 l\u2019air et aux engrais Ne creuse pas la terre, r\u00e9duit l\u2019\u00e9vaporation de l\u2018eau, fabriqu\u00e9 en Allemagne Le disque de paillage en fibres de chanvre est l&#8217;outil de [&hellip;]<\/p>\n","protected":false},"featured_media":2392,"comment_status":"open","ping_status":"closed","template":"","meta":[],"product_cat":[217],"product_tag":[],"class_list":{"0":"post-2408","1":"product","2":"type-product","3":"status-publish","4":"has-post-thumbnail","6":"product_cat-durchmesser-80cm-fr-2","8":"first","9":"instock","10":"taxable","11":"shipping-taxable","12":"purchasable","13":"product-type-simple"},"_links":{"self":[{"href":"https:\/\/pemmi.de\/fr\/wp-json\/wp\/v2\/product\/2408","targetHints":{"allow":["GET"]}}],"collection":[{"href":"https:\/\/pemmi.de\/fr\/wp-json\/wp\/v2\/product"}],"about":[{"href":"https:\/\/pemmi.de\/fr\/wp-json\/wp\/v2\/types\/product"}],"replies":[{"embeddable":true,"href":"https:\/\/pemmi.de\/fr\/wp-json\/wp\/v2\/comments?post=2408"}],"wp:featuredmedia":[{"embeddable":true,"href":"https:\/\/pemmi.de\/fr\/wp-json\/wp\/v2\/media\/2392"}],"wp:attachment":[{"href":"https:\/\/pemmi.de\/fr\/wp-json\/wp\/v2\/media?parent=2408"}],"wp:term":[{"taxonomy":"product_cat","embeddable":true,"href":"https:\/\/pemmi.de\/fr\/wp-json\/wp\/v2\/product_cat?post=2408"},{"taxonomy":"product_tag","embeddable":true,"href":"https:\/\/pemmi.de\/fr\/wp-json\/wp\/v2\/product_tag?post=2408"}],"curies":[{"name":"wp","href":"https:\/\/api.w.org\/{rel}","templated":true}]}}