{"id":2447,"date":"2018-03-06T11:52:30","date_gmt":"2019-07-12T10:42:23","guid":{"rendered":"https:\/\/pemmi.de\/shop\/non%20class\u00e9\/pflanzen-anzuchtset-72-x-pflanztoepfe-aus-kokosfaser-005-liter-72-x-kokos-quelltabletten-oe-22-mm-ca-25-30-ml-torffreie-anzuchterde\/"},"modified":"2019-07-16T12:31:42","modified_gmt":"2019-07-16T10:31:42","slug":"pflanzen-anzuchtset-72-x-pflanztoepfe-aus-kokosfaser-005-liter-72-x-kokos-quelltabletten-o-22-mm-ca-25-30-ml-torffreie-anzuchterde","status":"publish","type":"product","link":"https:\/\/pemmi.de\/fr\/shop\/pemmigarden-fr\/pflanztoepfe-aus-kokosfaser-fr\/pflanzen-anzuchtset-72-x-pflanztoepfe-aus-kokosfaser-005-liter-72-x-kokos-quelltabletten-o-22-mm-ca-25-30-ml-torffreie-anzuchterde\/","title":{"rendered":"Kit de culture des plantes: 72x pots en fibre de coco 0,05L (hauteur 4cm \/ \u00d8 6cm ci-dessus), 72x granul\u00e9s gonflants \u00e0 la noix de coco d&#8217;environ \u00d8 22 mm,env. 25-30ml de terreau sans tourbe"},"content":{"rendered":"<ul class=\"a-unordered-list a-vertical a-spacing-none\">\n<li><span class=\"a-list-item\"> 100% biod\u00e9gradable, sans produits chimiques <\/span><\/li>\n<li><span class=\"a-list-item\"> pourriture sans r\u00e9sidus <\/span><\/li>\n<li><span class=\"a-list-item\"> Support du d\u00e9veloppement des racines et des pousses <\/span><\/li>\n<li><span class=\"a-list-item\"> Id\u00e9al pour faire pousser des plantes <\/span><\/li>\n<\/ul>\n<p>Comprim\u00e9s gonflants \u00e0 la noix de coco \/ comprim\u00e9s gonflants &#8211; \u00d8 22 mm &#8211; chaque granule gonflant donne environ 25-30 ml de terreau organique pr\u00eat \u00e0 l&#8217;emploi. Les granul\u00e9s de noix de coco sont id\u00e9aux et pratiques pour la culture de plantes. Les onglets gonflent en m\u00eame temps que l&#8217;eau et donnent des noix de coco pr\u00eates \u00e0 \u00eatre cultiv\u00e9es. Placez les comprim\u00e9s sources dans un r\u00e9cipient, directement dans le plat de culture ou dans notre pot de 0,05 L en fibre de coco (perm\u00e9able \u00e0 l&#8217;eau avec pr\u00e9caution), puis ajoutez progressivement de l&#8217;eau ti\u00e8de. Les onglets gonflent en un rien de temps et sont pr\u00eats \u00e0 \u00eatre utilis\u00e9s. Veuillez vider l&#8217;exc\u00e8s d&#8217;eau. Substrat 100% noix de coco &#8211; sans tourbe &#8211; non fertilis\u00e9 &#8211; inhibiteur de moisissure &#8211; id\u00e9al pour la culture sans transplantation &#8220;sans choc v\u00e9g\u00e9tal&#8221; &#8211; le pot de fibre de coco et les racines forment une unit\u00e9 biologique mis dans le sol. Ensuite, les racines poussent sans effort \u00e0 travers le mur du pot. La pousse et les racines se d\u00e9roulent librement. Le r\u00e9sultat est des plantes plus saines avec un syst\u00e8me racinaire fort. Les avantages du pot de fibres de coco R\u00e9installation sans rempotage &#8211; \u00e9vite le &#8220;choc de la plante&#8221; et soutient la croissance sans d\u00e9ficience intellectuelle. D\u00e9veloppement racinaire libre &#8211; pas de racines \u00e9trangl\u00e9es et stress\u00e9es; enracinement fort et r\u00e9silient au lieu de racines non naturelles. Croissance non perturb\u00e9e et rentable gr\u00e2ce \u00e0 l&#8217;unit\u00e9 biologique entre planteur et motte. D\u00e9veloppement libre des racines gr\u00e2ce \u00e0 l&#8217;enracinement facile et sans entrave du \u00abmur de pot ouvert\u00bb \u00e0 l&#8217;emplacement final. Pot fabriqu\u00e9 \u00e0 partir de mati\u00e8res premi\u00e8res renouvelables pr\u00e9sentant une stabilit\u00e9 dimensionnelle et une durabilit\u00e9 \u00e9lev\u00e9es pendant toute la dur\u00e9e de la culture &#8211; sans fixation de l&#8217;azote. 100% biod\u00e9gradable &#8211; la pourriture biologique et sans r\u00e9sidus ne commence pas tant que le sol n&#8217;est pas plant\u00e9. Id\u00e9al comme culture, culture et planteur.<\/p>\n<p>&nbsp;<\/p>\n","protected":false},"excerpt":{"rendered":"<p>100% biod\u00e9gradable, sans produits chimiques pourriture sans r\u00e9sidus Support du d\u00e9veloppement des racines et des pousses Id\u00e9al pour faire pousser des plantes Comprim\u00e9s gonflants \u00e0 la noix de coco \/ comprim\u00e9s gonflants &#8211; \u00d8 22 mm &#8211; chaque granule gonflant donne environ 25-30 ml de terreau organique pr\u00eat \u00e0 l&#8217;emploi. Les granul\u00e9s de noix de [&hellip;]<\/p>\n","protected":false},"featured_media":2443,"comment_status":"open","ping_status":"closed","template":"","meta":[],"product_cat":[227],"product_tag":[],"class_list":{"0":"post-2447","1":"product","2":"type-product","3":"status-publish","4":"has-post-thumbnail","6":"product_cat-pflanztoepfe-aus-kokosfaser-fr","8":"first","9":"instock","10":"taxable","11":"shipping-taxable","12":"purchasable","13":"product-type-simple"},"_links":{"self":[{"href":"https:\/\/pemmi.de\/fr\/wp-json\/wp\/v2\/product\/2447","targetHints":{"allow":["GET"]}}],"collection":[{"href":"https:\/\/pemmi.de\/fr\/wp-json\/wp\/v2\/product"}],"about":[{"href":"https:\/\/pemmi.de\/fr\/wp-json\/wp\/v2\/types\/product"}],"replies":[{"embeddable":true,"href":"https:\/\/pemmi.de\/fr\/wp-json\/wp\/v2\/comments?post=2447"}],"wp:featuredmedia":[{"embeddable":true,"href":"https:\/\/pemmi.de\/fr\/wp-json\/wp\/v2\/media\/2443"}],"wp:attachment":[{"href":"https:\/\/pemmi.de\/fr\/wp-json\/wp\/v2\/media?parent=2447"}],"wp:term":[{"taxonomy":"product_cat","embeddable":true,"href":"https:\/\/pemmi.de\/fr\/wp-json\/wp\/v2\/product_cat?post=2447"},{"taxonomy":"product_tag","embeddable":true,"href":"https:\/\/pemmi.de\/fr\/wp-json\/wp\/v2\/product_tag?post=2447"}],"curies":[{"name":"wp","href":"https:\/\/api.w.org\/{rel}","templated":true}]}}