{"id":2496,"date":"2018-03-05T12:27:26","date_gmt":"2019-07-12T10:52:30","guid":{"rendered":"https:\/\/pemmi.de\/shop\/non%20class\u00e9\/pflanztoepfe-aus-kokosfaser-10-liter-hoehe-10-cm-oe-oben-16-cm-10-stueck\/"},"modified":"2019-07-16T12:04:58","modified_gmt":"2019-07-16T10:04:58","slug":"pflanztoepfe-aus-kokosfaser-10-liter-hoehe-10-cm-o-oben-16-cm-10-stueck","status":"publish","type":"product","link":"https:\/\/pemmi.de\/fr\/shop\/pemmigarden-fr\/pflanztoepfe-aus-kokosfaser-fr\/pflanztoepfe-aus-kokosfaser-10-liter-hoehe-10-cm-o-oben-16-cm-10-stueck\/","title":{"rendered":"Pots \u00e0 plantes en fibre de coco 1,0 litres (hauteur 10 cm \/ \u00d8 au dessus de 16 cm), paquet de 10"},"content":{"rendered":"<ul class=\"a-unordered-list a-vertical a-spacing-none\">\n<li><span class=\"a-list-item\"> 100% biod\u00e9gradable, sans produits chimiques <\/span><\/li>\n<li><span class=\"a-list-item\"> pourriture sans r\u00e9sidus <\/span><\/li>\n<li><span class=\"a-list-item\"> Support du d\u00e9veloppement des racines et des pousses <\/span><\/li>\n<\/ul>\n<p>Transplanter sans &#8220;choc de plante&#8221; &#8211; Le pot de fibre de coco et les racines forment une unit\u00e9 biologique. Le pot de fibre de noix de coco est plac\u00e9 avec la plante dans son ensemble, soit dans le pot de fibre de noix de coco imm\u00e9diatement sup\u00e9rieur, soit directement dans le sol. Ensuite, les racines poussent sans effort \u00e0 travers le mur du pot. La pousse et les racines se d\u00e9roulent librement. Le r\u00e9sultat est des plantes plus saines avec un syst\u00e8me racinaire fort. Les avantages du pot de fibres de coco: R\u00e9installation sans rempotage &#8211; \u00e9vite le &#8220;choc de la plante&#8221; et soutient la croissance sans d\u00e9ficience intellectuelle. D\u00e9veloppement racinaire libre &#8211; pas de racines \u00e9trangl\u00e9es et stress\u00e9es; enracinement fort et r\u00e9silient au lieu de racines non naturelles. Croissance non perturb\u00e9e et rentable gr\u00e2ce \u00e0 l&#8217;unit\u00e9 biologique entre planteur et motte. D\u00e9veloppement libre des racines gr\u00e2ce \u00e0 l&#8217;enracinement facile et sans entrave du \u00abmur de pot ouvert\u00bb \u00e0 l&#8217;emplacement final. Pot fabriqu\u00e9 \u00e0 partir de mati\u00e8res premi\u00e8res renouvelables pr\u00e9sentant une stabilit\u00e9 dimensionnelle et une durabilit\u00e9 \u00e9lev\u00e9es pendant toute la dur\u00e9e de la culture &#8211; sans fixation de l&#8217;azote. 100% biod\u00e9gradable &#8211; la pourriture biologique et sans r\u00e9sidus ne commence pas tant que le sol n&#8217;est pas plant\u00e9. Id\u00e9al comme culture, culture et planteur.<\/p>\n","protected":false},"excerpt":{"rendered":"<p>100% biod\u00e9gradable, sans produits chimiques pourriture sans r\u00e9sidus Support du d\u00e9veloppement des racines et des pousses Transplanter sans &#8220;choc de plante&#8221; &#8211; Le pot de fibre de coco et les racines forment une unit\u00e9 biologique. Le pot de fibre de noix de coco est plac\u00e9 avec la plante dans son ensemble, soit dans le pot [&hellip;]<\/p>\n","protected":false},"featured_media":2486,"comment_status":"open","ping_status":"closed","template":"","meta":[],"product_cat":[227],"product_tag":[],"class_list":{"0":"post-2496","1":"product","2":"type-product","3":"status-publish","4":"has-post-thumbnail","6":"product_cat-pflanztoepfe-aus-kokosfaser-fr","8":"first","9":"instock","10":"taxable","11":"shipping-taxable","12":"purchasable","13":"product-type-simple"},"_links":{"self":[{"href":"https:\/\/pemmi.de\/fr\/wp-json\/wp\/v2\/product\/2496","targetHints":{"allow":["GET"]}}],"collection":[{"href":"https:\/\/pemmi.de\/fr\/wp-json\/wp\/v2\/product"}],"about":[{"href":"https:\/\/pemmi.de\/fr\/wp-json\/wp\/v2\/types\/product"}],"replies":[{"embeddable":true,"href":"https:\/\/pemmi.de\/fr\/wp-json\/wp\/v2\/comments?post=2496"}],"wp:featuredmedia":[{"embeddable":true,"href":"https:\/\/pemmi.de\/fr\/wp-json\/wp\/v2\/media\/2486"}],"wp:attachment":[{"href":"https:\/\/pemmi.de\/fr\/wp-json\/wp\/v2\/media?parent=2496"}],"wp:term":[{"taxonomy":"product_cat","embeddable":true,"href":"https:\/\/pemmi.de\/fr\/wp-json\/wp\/v2\/product_cat?post=2496"},{"taxonomy":"product_tag","embeddable":true,"href":"https:\/\/pemmi.de\/fr\/wp-json\/wp\/v2\/product_tag?post=2496"}],"curies":[{"name":"wp","href":"https:\/\/api.w.org\/{rel}","templated":true}]}}