{"id":2696,"date":"2018-03-12T10:32:41","date_gmt":"2019-07-17T06:44:02","guid":{"rendered":"https:\/\/pemmi.de\/shop\/non%20class\u00e9\/kokoseinstreu-extra-fein-50-liter\/"},"modified":"2019-07-17T09:00:04","modified_gmt":"2019-07-17T07:00:04","slug":"kokoseinstreu-extra-fein-50-liter","status":"publish","type":"product","link":"https:\/\/pemmi.de\/fr\/shop\/pemmipet-fr\/kokoseinstreu-fr\/kokoseinstreu-extra-fein-50-liter\/","title":{"rendered":"Liti\u00e8re de noix de coco extra fin, 50 litres"},"content":{"rendered":"<ul class=\"a-unordered-list a-vertical a-spacing-none\">\n<li><span class=\"a-list-item\"> Bloque la formation d\u2019odeurs, r\u00e9gule la temp\u00e9rature <\/span><\/li>\n<li><span class=\"a-list-item\"> Tr\u00e8s forte capacit\u00e9 d\u2019absorption de l\u2019humidit\u00e9, 100% noix de coco <\/span><\/li>\n<li><span class=\"a-list-item\"> d\u00e9corative, biod\u00e9gradable <\/span><\/li>\n<li><span class=\"a-list-item\"> \u00e0 base de mat\u00e9riau renouvelable <\/span><\/li>\n<li><span class=\"a-list-item\"> Directement utilisable <\/span><\/li>\n<\/ul>\n<p>Cette liti\u00e8re absorbe parfaitement toutes les odeurs. Elle convient aussi bien aux rongeurs tels que les lapins, les cobayes et les rats qu&#8217;aux furets, aux reptiles, qu&#8217;aux oiseaux et aux toilettes pour chats. M\u00eame les serpents et les araign\u00e9es se sentent parfaitement \u00e0 l&#8217;aise dans cette liti\u00e8re. En raison de ses propri\u00e9t\u00e9s de r\u00e9gulation de la temp\u00e9rature, elle permet \u00e9galement une incubation hygi\u00e9nique des \u0153ufs. Elle bloque les odeurs mieux que n&#8217;importe quelle autre liti\u00e8re. Ainsi, le climat ambiant s&#8217;am\u00e9liore de mani\u00e8re significative, car l&#8217;odeur animale est jugul\u00e9e. La liti\u00e8re en fibre de noix de coco peut \u00eatre \u00e9galement utilis\u00e9e comme liti\u00e8re unique ou m\u00e9lang\u00e9e \u00e0 d&#8217;autres mat\u00e9riaux. Lorsqu&#8217;elle est utilis\u00e9e comme liti\u00e8re unique, elle est tr\u00e8s \u00e9conomique, car seules les parties souill\u00e9es doivent \u00eatre remplac\u00e9es r\u00e9guli\u00e8rement. La consommation de mat\u00e9riau d\u00e9pend de l&#8217;animal et du type de cage. Cette liti\u00e8re est fabriqu\u00e9e \u00e0 partir de la coque ext\u00e9rieure de la noix de coco, un produit d\u00e9riv\u00e9 de l&#8217;industrie de la noix de coco. Aucun arbre n&#8217;a \u00e9t\u00e9 abattu et aucune for\u00eat n&#8217;a \u00e9t\u00e9 d\u00e9frich\u00e9e pour la fabrication de cette liti\u00e8re. Votre pays compte de nombreux cocotiers et nous nous contentons d&#8217;en cueillir les noix. Par cons\u00e9quent, les coques sont naturelles et exemptes de pesticides et de substances chimiques. On peut utiliser cette liti\u00e8re dans un terrarium et dans des endroits humides, car elle ne moisit pas ; elle s&#8217;utilise \u00e9galement dans des installations extr\u00eamement s\u00e8ches, car elle diffuse la chaleur de fa\u00e7on homog\u00e8ne. Lorsqu&#8217;elle est us\u00e9e, la liti\u00e8re peut devenir une mati\u00e8re premi\u00e8re de choix recyclable.<\/p>\n","protected":false},"excerpt":{"rendered":"<p>Bloque la formation d\u2019odeurs, r\u00e9gule la temp\u00e9rature Tr\u00e8s forte capacit\u00e9 d\u2019absorption de l\u2019humidit\u00e9, 100% noix de coco d\u00e9corative, biod\u00e9gradable \u00e0 base de mat\u00e9riau renouvelable Directement utilisable Cette liti\u00e8re absorbe parfaitement toutes les odeurs. Elle convient aussi bien aux rongeurs tels que les lapins, les cobayes et les rats qu&#8217;aux furets, aux reptiles, qu&#8217;aux oiseaux et [&hellip;]<\/p>\n","protected":false},"featured_media":2691,"comment_status":"open","ping_status":"closed","template":"","meta":[],"product_cat":[244],"product_tag":[],"class_list":{"0":"post-2696","1":"product","2":"type-product","3":"status-publish","4":"has-post-thumbnail","6":"product_cat-kokoseinstreu-fr","8":"first","9":"instock","10":"taxable","11":"shipping-taxable","12":"purchasable","13":"product-type-simple"},"_links":{"self":[{"href":"https:\/\/pemmi.de\/fr\/wp-json\/wp\/v2\/product\/2696","targetHints":{"allow":["GET"]}}],"collection":[{"href":"https:\/\/pemmi.de\/fr\/wp-json\/wp\/v2\/product"}],"about":[{"href":"https:\/\/pemmi.de\/fr\/wp-json\/wp\/v2\/types\/product"}],"replies":[{"embeddable":true,"href":"https:\/\/pemmi.de\/fr\/wp-json\/wp\/v2\/comments?post=2696"}],"wp:featuredmedia":[{"embeddable":true,"href":"https:\/\/pemmi.de\/fr\/wp-json\/wp\/v2\/media\/2691"}],"wp:attachment":[{"href":"https:\/\/pemmi.de\/fr\/wp-json\/wp\/v2\/media?parent=2696"}],"wp:term":[{"taxonomy":"product_cat","embeddable":true,"href":"https:\/\/pemmi.de\/fr\/wp-json\/wp\/v2\/product_cat?post=2696"},{"taxonomy":"product_tag","embeddable":true,"href":"https:\/\/pemmi.de\/fr\/wp-json\/wp\/v2\/product_tag?post=2696"}],"curies":[{"name":"wp","href":"https:\/\/api.w.org\/{rel}","templated":true}]}}