{"id":2719,"date":"2018-03-12T11:29:17","date_gmt":"2019-07-17T07:29:40","guid":{"rendered":"https:\/\/pemmi.de\/shop\/non%20class\u00e9\/kokosfasermatte-30-cm-x-30-cm-1-cm-dick-10er-pack\/"},"modified":"2019-07-17T09:40:01","modified_gmt":"2019-07-17T07:40:01","slug":"kokosfasermatte-30-cm-x-30-cm-1-cm-dick-10er-pack","status":"publish","type":"product","link":"https:\/\/pemmi.de\/fr\/shop\/pemmipet-fr\/kokosfasermatte-fr\/kokosfasermatte-30-cm-x-30-cm-1-cm-dick-10er-pack\/","title":{"rendered":"Tapis en fibres de coco 30 cm x 30 cm, 1 cm d&#8217;\u00e9paisseur, lot de 10"},"content":{"rendered":"<ul class=\"a-unordered-list a-vertical a-spacing-none\">\n<li><span class=\"a-list-item\"> en mat\u00e9riaux naturels <\/span><\/li>\n<li><span class=\"a-list-item\"> tr\u00e8s d\u00e9coratif <\/span><\/li>\n<li><span class=\"a-list-item\"> id\u00e9al pour la plantation <\/span><\/li>\n<li><span class=\"a-list-item\"> possibilit\u00e9s d&#8217;escalade id\u00e9ales <\/span><\/li>\n<li><span class=\"a-list-item\"> \u00c9cran de confidentialit\u00e9 pour les animaux <\/span><\/li>\n<\/ul>\n<p>Ces murs de terrarium d\u00e9coratifs sont fabriqu\u00e9s \u00e0 partir de mat\u00e9riaux naturels (fibre de coco et caoutchouc naturel). Ils sont id\u00e9aux pour la plantation. Les racines des plantes sont ancr\u00e9es dans les tapis. Avec le silicone de terrarium, les tapis peuvent \u00eatre facilement mont\u00e9s dans des terrariums et offrent aux animaux, en plus de la vie priv\u00e9e, encore plus de possibilit\u00e9s d&#8217;escalade.<\/p>\n","protected":false},"excerpt":{"rendered":"<p>en mat\u00e9riaux naturels tr\u00e8s d\u00e9coratif id\u00e9al pour la plantation possibilit\u00e9s d&#8217;escalade id\u00e9ales \u00c9cran de confidentialit\u00e9 pour les animaux Ces murs de terrarium d\u00e9coratifs sont fabriqu\u00e9s \u00e0 partir de mat\u00e9riaux naturels (fibre de coco et caoutchouc naturel). Ils sont id\u00e9aux pour la plantation. Les racines des plantes sont ancr\u00e9es dans les tapis. Avec le silicone de [&hellip;]<\/p>\n","protected":false},"featured_media":2720,"comment_status":"open","ping_status":"closed","template":"","meta":[],"product_cat":[245],"product_tag":[],"class_list":{"0":"post-2719","1":"product","2":"type-product","3":"status-publish","4":"has-post-thumbnail","6":"product_cat-kokosfasermatte-fr","8":"first","9":"instock","10":"taxable","11":"shipping-taxable","12":"purchasable","13":"product-type-simple"},"_links":{"self":[{"href":"https:\/\/pemmi.de\/fr\/wp-json\/wp\/v2\/product\/2719","targetHints":{"allow":["GET"]}}],"collection":[{"href":"https:\/\/pemmi.de\/fr\/wp-json\/wp\/v2\/product"}],"about":[{"href":"https:\/\/pemmi.de\/fr\/wp-json\/wp\/v2\/types\/product"}],"replies":[{"embeddable":true,"href":"https:\/\/pemmi.de\/fr\/wp-json\/wp\/v2\/comments?post=2719"}],"wp:featuredmedia":[{"embeddable":true,"href":"https:\/\/pemmi.de\/fr\/wp-json\/wp\/v2\/media\/2720"}],"wp:attachment":[{"href":"https:\/\/pemmi.de\/fr\/wp-json\/wp\/v2\/media?parent=2719"}],"wp:term":[{"taxonomy":"product_cat","embeddable":true,"href":"https:\/\/pemmi.de\/fr\/wp-json\/wp\/v2\/product_cat?post=2719"},{"taxonomy":"product_tag","embeddable":true,"href":"https:\/\/pemmi.de\/fr\/wp-json\/wp\/v2\/product_tag?post=2719"}],"curies":[{"name":"wp","href":"https:\/\/api.w.org\/{rel}","templated":true}]}}