{"id":2787,"date":"2018-03-12T10:15:20","date_gmt":"2019-07-17T08:31:03","guid":{"rendered":"https:\/\/pemmi.de\/shop\/non%20class\u00e9\/nager-teppich-aus-100-hanf-meterware-080-m-x-1000-m-x-05-cm-dick-8m%c2%b2\/"},"modified":"2019-07-17T12:33:10","modified_gmt":"2019-07-17T10:33:10","slug":"nager-teppich-aus-100-hanf-meterware-080-m-x-1000-m-x-05-cm-dick","status":"publish","type":"product","link":"https:\/\/pemmi.de\/fr\/shop\/pemmipet-fr\/nager-teppiche-fr\/5-mm-dick-fr\/nagerteppiche-5mm-rollenware-fr\/nager-teppich-aus-100-hanf-meterware-080-m-x-1000-m-x-05-cm-dick\/","title":{"rendered":"Tapis 100% Chanvre, m\u00e8tre, 0,80 m x 10 m x 0,5 cm \u00e9paisseur, 8 m\u00b2"},"content":{"rendered":"<ul>\n<li><span class=\"a-list-item\">fabriqu\u00e9 en Allemagne \u00e0 partir de 100% de chanvre <\/span><\/li>\n<li><span class=\"a-list-item\"> edible et enti\u00e8rement digestible, 100% v\u00e9g\u00e9tal <\/span><\/li>\n<li><span class=\"a-list-item\"> liti\u00e8re naturelle et tapis de sol pour votre rongeur <\/span><\/li>\n<li><span class=\"a-list-item\"> absorption d&#8217;humidit\u00e9 \u00e9lev\u00e9e, neutralisant les odeurs et compostable <\/span><\/li>\n<li><span class=\"a-list-item\"> adapt\u00e9 pour les personnes souffrant d&#8217;allergies <\/span><\/li>\n<\/ul>\n<p>Les tapis de chanvre font une aire de couchage doux et sec. Ils ont aussi une r\u00e9sistance naturelle aux insectes nuisibles tels que les acariens, les champignons et la pourriture. Notre tapis pour rongeur est id\u00e9al pour couvrir les planchers interm\u00e9diaires dans des cages.<\/p>\n<p>&nbsp;<\/p>\n","protected":false},"excerpt":{"rendered":"<p>fabriqu\u00e9 en Allemagne \u00e0 partir de 100% de chanvre edible et enti\u00e8rement digestible, 100% v\u00e9g\u00e9tal liti\u00e8re naturelle et tapis de sol pour votre rongeur absorption d&#8217;humidit\u00e9 \u00e9lev\u00e9e, neutralisant les odeurs et compostable adapt\u00e9 pour les personnes souffrant d&#8217;allergies Les tapis de chanvre font une aire de couchage doux et sec. Ils ont aussi une r\u00e9sistance [&hellip;]<\/p>\n","protected":false},"featured_media":5882,"comment_status":"open","ping_status":"closed","template":"","meta":[],"product_cat":[250],"product_tag":[],"class_list":{"0":"post-2787","1":"product","2":"type-product","3":"status-publish","4":"has-post-thumbnail","6":"product_cat-nagerteppiche-5mm-rollenware-fr","8":"first","9":"instock","10":"taxable","11":"shipping-taxable","12":"purchasable","13":"product-type-simple"},"_links":{"self":[{"href":"https:\/\/pemmi.de\/fr\/wp-json\/wp\/v2\/product\/2787","targetHints":{"allow":["GET"]}}],"collection":[{"href":"https:\/\/pemmi.de\/fr\/wp-json\/wp\/v2\/product"}],"about":[{"href":"https:\/\/pemmi.de\/fr\/wp-json\/wp\/v2\/types\/product"}],"replies":[{"embeddable":true,"href":"https:\/\/pemmi.de\/fr\/wp-json\/wp\/v2\/comments?post=2787"}],"wp:featuredmedia":[{"embeddable":true,"href":"https:\/\/pemmi.de\/fr\/wp-json\/wp\/v2\/media\/5882"}],"wp:attachment":[{"href":"https:\/\/pemmi.de\/fr\/wp-json\/wp\/v2\/media?parent=2787"}],"wp:term":[{"taxonomy":"product_cat","embeddable":true,"href":"https:\/\/pemmi.de\/fr\/wp-json\/wp\/v2\/product_cat?post=2787"},{"taxonomy":"product_tag","embeddable":true,"href":"https:\/\/pemmi.de\/fr\/wp-json\/wp\/v2\/product_tag?post=2787"}],"curies":[{"name":"wp","href":"https:\/\/api.w.org\/{rel}","templated":true}]}}