{"id":2843,"date":"2018-03-09T11:24:39","date_gmt":"2019-07-17T09:38:17","guid":{"rendered":"https:\/\/pemmi.de\/shop\/non%20class\u00e9\/nager-teppich-aus-100-hanf-120-x-60-cm-5-mm-dick-5er-pack\/"},"modified":"2019-07-17T13:16:15","modified_gmt":"2019-07-17T11:16:15","slug":"nager-teppich-aus-100-hanf-120-x-60-cm-5-mm-dick-5er-pack","status":"publish","type":"product","link":"https:\/\/pemmi.de\/fr\/shop\/pemmipet-fr\/nager-teppiche-fr\/5-mm-dick-fr\/nagerteppiche-5mm-zuschnitte-fr\/nager-teppich-aus-100-hanf-120-x-60-cm-5-mm-dick-5er-pack\/","title":{"rendered":"Tapis pour rongeurs en Chanvre, 120 x 60 cm, \u00e9paisseur 5mm, Lot de 5"},"content":{"rendered":"<ul class=\"a-unordered-list a-vertical a-spacing-none\">\n<li><span class=\"a-list-item\"> 100% chanvre\u00a0\u2013\u00a0Fabriqu\u00e9 en Allemagne <\/span><\/li>\n<li><span class=\"a-list-item\"> Comestible et digeste\u00a0\u2013\u00a0100% naturel <\/span><\/li>\n<li><span class=\"a-list-item\"> De fond de liti\u00e8re ou de couchette pour rongeur <\/span><\/li>\n<li><span class=\"a-list-item\"> Bonne absorption de l&#8217;humidit\u00e9, neutralise les odeurs et compostable <\/span><\/li>\n<li><span class=\"a-list-item\"> Anti-acariens et pour les personnes souffrant d&#8217;allergies <\/span><\/li>\n<\/ul>\n<p>Chanvre nattes impliquent pour les rongeurs une surface de couchage souple, qui est sec et au chaud. Ils poss\u00e8dent \u00e9galement une r\u00e9sistance naturelle contre les parasites comme les acariens, champignons et pourriture. Notre tapis pour rongeurs est id\u00e9al pour couvrir des entre \u00e9tages dans des cages. Tout pour hamsters, souris et autres rongeurs Les tapis de chanvre pour la construction nid. C&#8217;est une base id\u00e9ale pour l&#8217;emploi. Plus prot\u00e8ge ces tapis de cage les pattes des animaux, comme par exemple cochons d&#8217;Inde. Ce tapis de chanvre pour rongeurs en 100% chanvre est issu de l&#8217;agriculture biologique. Concerne la production de chanvre sont utilis\u00e9s sans herbicides, sans pesticides, pas de fongicides et pas des engrais chimiques. Chanvre est respectueux de l&#8217;environnement, 100% naturel et poss\u00e8de de qualit\u00e9 alimentaire.<\/p>\n<p><strong>Made in Germany\u202f<\/strong>: nous fournissons les rongeurs fabriqu\u00e9s exclusivement en Allemagne tapis.<\/p>\n<p><strong>Application\u202f:<\/strong> Tapis fond de cage de d\u00e9couper selon vos besoins et compl\u00e8te ou partielle. Vous trouverez d&#8217;autres tailles et dimensions en diff\u00e9rentes \u00e9paisseurs dans notre large assortiment.<\/p>\n<p>Tailles sp\u00e9ciales sont \u00e9galement possible sur demande.<\/p>\n<p><strong>Astuce\u202f<\/strong>: N&#8217;h\u00e9sitez pas \u00e0 venir \u00e0 notre chanvre ciseaux. Ici, vous pouvez facilement couper des tapis de chanvre.<\/p>\n","protected":false},"excerpt":{"rendered":"<p>100% chanvre\u00a0\u2013\u00a0Fabriqu\u00e9 en Allemagne Comestible et digeste\u00a0\u2013\u00a0100% naturel De fond de liti\u00e8re ou de couchette pour rongeur Bonne absorption de l&#8217;humidit\u00e9, neutralise les odeurs et compostable Anti-acariens et pour les personnes souffrant d&#8217;allergies Chanvre nattes impliquent pour les rongeurs une surface de couchage souple, qui est sec et au chaud. Ils poss\u00e8dent \u00e9galement une r\u00e9sistance [&hellip;]<\/p>\n","protected":false},"featured_media":2752,"comment_status":"open","ping_status":"closed","template":"","meta":[],"product_cat":[248],"product_tag":[],"class_list":{"0":"post-2843","1":"product","2":"type-product","3":"status-publish","4":"has-post-thumbnail","6":"product_cat-nagerteppiche-5mm-zuschnitte-fr","8":"first","9":"instock","10":"taxable","11":"shipping-taxable","12":"purchasable","13":"product-type-simple"},"_links":{"self":[{"href":"https:\/\/pemmi.de\/fr\/wp-json\/wp\/v2\/product\/2843","targetHints":{"allow":["GET"]}}],"collection":[{"href":"https:\/\/pemmi.de\/fr\/wp-json\/wp\/v2\/product"}],"about":[{"href":"https:\/\/pemmi.de\/fr\/wp-json\/wp\/v2\/types\/product"}],"replies":[{"embeddable":true,"href":"https:\/\/pemmi.de\/fr\/wp-json\/wp\/v2\/comments?post=2843"}],"wp:featuredmedia":[{"embeddable":true,"href":"https:\/\/pemmi.de\/fr\/wp-json\/wp\/v2\/media\/2752"}],"wp:attachment":[{"href":"https:\/\/pemmi.de\/fr\/wp-json\/wp\/v2\/media?parent=2843"}],"wp:term":[{"taxonomy":"product_cat","embeddable":true,"href":"https:\/\/pemmi.de\/fr\/wp-json\/wp\/v2\/product_cat?post=2843"},{"taxonomy":"product_tag","embeddable":true,"href":"https:\/\/pemmi.de\/fr\/wp-json\/wp\/v2\/product_tag?post=2843"}],"curies":[{"name":"wp","href":"https:\/\/api.w.org\/{rel}","templated":true}]}}