{"id":2946,"date":"2018-03-13T11:52:58","date_gmt":"2019-07-18T07:39:59","guid":{"rendered":"https:\/\/pemmi.de\/shop\/non%20class\u00e9\/superflausch-fuellfasern-bastelwatte-aus-100-polyesterhohlfasern-weiss-silikonisiert-5-kg\/"},"modified":"2019-07-18T10:37:05","modified_gmt":"2019-07-18T08:37:05","slug":"superflausch-fuellfasern-bastelwatte-aus-100-polyesterhohlfasern-weiss-silikonisiert-5-kg","status":"publish","type":"product","link":"https:\/\/pemmi.de\/fr\/shop\/pemmifill-fr\/bastelwatte-fuellwatte-polyesterwatte-fr\/superflausch-fuellfasern-bastelwatte-aus-100-polyesterhohlfasern-weiss-silikonisiert-5-kg\/","title":{"rendered":"Fibres de remplissage tr\u00e8s moelleux 5 kg, compos\u00e9e de fibres creuses 100% polyester, blanches, silicon\u00e9es"},"content":{"rendered":"<ul class=\"a-unordered-list a-vertical a-spacing-none\">\n<li><span class=\"a-list-item\"> Rembourrage silicon\u00e9 ultra-doux avec le label de qualit\u00e9: \u00d6ko Tex Standard 100, classe de produits 1 <\/span><\/li>\n<li><span class=\"a-list-item\"> test\u00e9 selon DIN EN 71-3 (s\u00e9curit\u00e9 des jouets) <\/span><\/li>\n<li><span class=\"a-list-item\"> longue dur\u00e9e de vie, doux et moelleux, volume \u00e9lev\u00e9, volume important <\/span><\/li>\n<li><span class=\"a-list-item\"> haute \u00e9lasticit\u00e9, tr\u00e8s l\u00e9g\u00e8re, particuli\u00e8rement moelleuse, lavable en machine jusqu&#8217;\u00e0 60 \u00b0 C <\/span><\/li>\n<li><span class=\"a-list-item\"> Mat\u00e9riau: fibre creuse 100% polyester silicon\u00e9, usin\u00e9e <\/span><\/li>\n<\/ul>\n<p>Fibres de rembourrage ultra-douces en fibres creuses en polyester silicon\u00e9, id\u00e9ales pour le remplissage d&#8217;oreillers, d&#8217;ours en peluche, d&#8217;animaux en peluche, de poup\u00e9es, de lits de chiens ou de chats, etc. bien prouv\u00e9. <span class=\"tlid-translation translation\" lang=\"fr\"><span class=\"\" title=\"\">Pour les personnes allergiques \u00e0 la poussi\u00e8re.<\/span><\/span><\/p>\n<p>Lavable en machine jusqu&#8217;\u00e0 60 \u00b0 C<\/p>\n<p>Test selon la norme du jouet: Les fibres de remplissage ont \u00e9t\u00e9 test\u00e9es selon la norme DIN EN 71-3 et r\u00e9pondent aux exigences.<\/p>\n<p>Par exemple, pour remplir un oreiller de 40 cm x 40 cm, vous aurez besoin d&#8217;environ 220 g de notre coton artisanal. \u00c9galement id\u00e9al comme mat\u00e9riau de recharge ou de remplacement.<\/p>\n<p>Fabriqu\u00e9 en Allemagne: Nous livrons exclusivement du coton artisanal fabriqu\u00e9 en Allemagne.<\/p>\n<p>&nbsp;<\/p>\n","protected":false},"excerpt":{"rendered":"<p>Rembourrage silicon\u00e9 ultra-doux avec le label de qualit\u00e9: \u00d6ko Tex Standard 100, classe de produits 1 test\u00e9 selon DIN EN 71-3 (s\u00e9curit\u00e9 des jouets) longue dur\u00e9e de vie, doux et moelleux, volume \u00e9lev\u00e9, volume important haute \u00e9lasticit\u00e9, tr\u00e8s l\u00e9g\u00e8re, particuli\u00e8rement moelleuse, lavable en machine jusqu&#8217;\u00e0 60 \u00b0 C Mat\u00e9riau: fibre creuse 100% polyester silicon\u00e9, usin\u00e9e [&hellip;]<\/p>\n","protected":false},"featured_media":2941,"comment_status":"open","ping_status":"closed","template":"","meta":[],"product_cat":[256],"product_tag":[],"class_list":{"0":"post-2946","1":"product","2":"type-product","3":"status-publish","4":"has-post-thumbnail","6":"product_cat-bastelwatte-fuellwatte-polyesterwatte-fr","8":"first","9":"instock","10":"taxable","11":"shipping-taxable","12":"purchasable","13":"product-type-simple"},"_links":{"self":[{"href":"https:\/\/pemmi.de\/fr\/wp-json\/wp\/v2\/product\/2946","targetHints":{"allow":["GET"]}}],"collection":[{"href":"https:\/\/pemmi.de\/fr\/wp-json\/wp\/v2\/product"}],"about":[{"href":"https:\/\/pemmi.de\/fr\/wp-json\/wp\/v2\/types\/product"}],"replies":[{"embeddable":true,"href":"https:\/\/pemmi.de\/fr\/wp-json\/wp\/v2\/comments?post=2946"}],"wp:featuredmedia":[{"embeddable":true,"href":"https:\/\/pemmi.de\/fr\/wp-json\/wp\/v2\/media\/2941"}],"wp:attachment":[{"href":"https:\/\/pemmi.de\/fr\/wp-json\/wp\/v2\/media?parent=2946"}],"wp:term":[{"taxonomy":"product_cat","embeddable":true,"href":"https:\/\/pemmi.de\/fr\/wp-json\/wp\/v2\/product_cat?post=2946"},{"taxonomy":"product_tag","embeddable":true,"href":"https:\/\/pemmi.de\/fr\/wp-json\/wp\/v2\/product_tag?post=2946"}],"curies":[{"name":"wp","href":"https:\/\/api.w.org\/{rel}","templated":true}]}}