{"id":2953,"date":"2018-03-13T11:48:31","date_gmt":"2019-07-18T07:41:12","guid":{"rendered":"https:\/\/pemmi.de\/shop\/non%20class\u00e9\/superflausch-fuellfasern-bastelwatte-aus-100-maisfasern-weiss-3-kg\/"},"modified":"2019-07-18T10:42:55","modified_gmt":"2019-07-18T08:42:55","slug":"superflausch-fuellfasern-bastelwatte-aus-100-maisfasern-weiss-3-kg","status":"publish","type":"product","link":"https:\/\/pemmi.de\/fr\/shop\/pemmifill-fr\/bastelwatte-fuellwatte-polyesterwatte-fr\/superflausch-fuellfasern-bastelwatte-aus-100-maisfasern-weiss-3-kg\/","title":{"rendered":"Fibres de remplissage tr\u00e8s moelleux 3 kg, 100% fibres de ma\u00efs, blanc"},"content":{"rendered":"<ul>\n<li><span class=\"tlid-translation translation\" lang=\"fr\">mat\u00e9riau: mastic de fibres de ma\u00efs \u00e0 100%, issu de ressources renouvelables, oxo-biod\u00e9gradable<\/span><\/li>\n<li><span class=\"tlid-translation translation\" lang=\"fr\">id\u00e9al pour farcir des ours, des poup\u00e9es, des animaux en peluche, des taies d&#8217;oreiller, des paniers pour chat, des oreillers pour chien et de nombreux autres objets<\/span><\/li>\n<li><span class=\"tlid-translation translation\" lang=\"fr\">haute long\u00e9vit\u00e9, doux et moelleux, comportement en vrac \u00e9lev\u00e9, grand volume<\/span><\/li>\n<li><span class=\"tlid-translation translation\" lang=\"fr\">haute \u00e9lasticit\u00e9, tr\u00e8s l\u00e9ger, particuli\u00e8rement moelleux<\/span><\/li>\n<li><span class=\"tlid-translation translation\" lang=\"fr\">lavable en machine jusqu&#8217;\u00e0 60 \u00b0 C, anti-poussi\u00e8re<br \/>\n<\/span><\/li>\n<\/ul>\n<p><span class=\"tlid-translation translation\" lang=\"fr\">Un mat\u00e9riau de remplissage fabriqu\u00e9 \u00e0 partir de mati\u00e8res premi\u00e8res renouvelables, qui r\u00e9pond \u00e0 toutes les exigences d&#8217;un coton de qualit\u00e9 et oxo-biod\u00e9gradable: sommeil sec \u00e0 compensation de temp\u00e9rature climat tr\u00e8s absorbant-antibact\u00e9rien-allerg\u00e8ne neutre. Cette ouate de remplissage faite \u00e0 100% de fibre de ma\u00efs est id\u00e9ale pour le remplissage d&#8217;oreillers, d&#8217;ours en peluche, d&#8217;animaux en peluche, de poup\u00e9es et de chiens. Lits de chat etc &#8230;<\/span><\/p>\n","protected":false},"excerpt":{"rendered":"<p>mat\u00e9riau: mastic de fibres de ma\u00efs \u00e0 100%, issu de ressources renouvelables, oxo-biod\u00e9gradable id\u00e9al pour farcir des ours, des poup\u00e9es, des animaux en peluche, des taies d&#8217;oreiller, des paniers pour chat, des oreillers pour chien et de nombreux autres objets haute long\u00e9vit\u00e9, doux et moelleux, comportement en vrac \u00e9lev\u00e9, grand volume haute \u00e9lasticit\u00e9, tr\u00e8s l\u00e9ger, [&hellip;]<\/p>\n","protected":false},"featured_media":2949,"comment_status":"open","ping_status":"closed","template":"","meta":[],"product_cat":[256],"product_tag":[],"class_list":{"0":"post-2953","1":"product","2":"type-product","3":"status-publish","4":"has-post-thumbnail","6":"product_cat-bastelwatte-fuellwatte-polyesterwatte-fr","8":"first","9":"instock","10":"taxable","11":"shipping-taxable","12":"purchasable","13":"product-type-simple"},"_links":{"self":[{"href":"https:\/\/pemmi.de\/fr\/wp-json\/wp\/v2\/product\/2953","targetHints":{"allow":["GET"]}}],"collection":[{"href":"https:\/\/pemmi.de\/fr\/wp-json\/wp\/v2\/product"}],"about":[{"href":"https:\/\/pemmi.de\/fr\/wp-json\/wp\/v2\/types\/product"}],"replies":[{"embeddable":true,"href":"https:\/\/pemmi.de\/fr\/wp-json\/wp\/v2\/comments?post=2953"}],"wp:featuredmedia":[{"embeddable":true,"href":"https:\/\/pemmi.de\/fr\/wp-json\/wp\/v2\/media\/2949"}],"wp:attachment":[{"href":"https:\/\/pemmi.de\/fr\/wp-json\/wp\/v2\/media?parent=2953"}],"wp:term":[{"taxonomy":"product_cat","embeddable":true,"href":"https:\/\/pemmi.de\/fr\/wp-json\/wp\/v2\/product_cat?post=2953"},{"taxonomy":"product_tag","embeddable":true,"href":"https:\/\/pemmi.de\/fr\/wp-json\/wp\/v2\/product_tag?post=2953"}],"curies":[{"name":"wp","href":"https:\/\/api.w.org\/{rel}","templated":true}]}}