{"id":3012,"date":"2018-06-12T12:06:31","date_gmt":"2019-07-18T08:59:23","guid":{"rendered":"https:\/\/pemmi.de\/shop\/non%20class\u00e9\/schurwollkuegelchen-aus-100-schafschurwolle-fein-natur-5-kg\/"},"modified":"2019-07-18T13:27:12","modified_gmt":"2019-07-18T11:27:12","slug":"schurwollkuegelchen-aus-100-schafschurwolle-fein-natur-5-kg","status":"publish","type":"product","link":"https:\/\/pemmi.de\/fr\/shop\/pemmifill-fr\/faserkuegelchen-fr\/schurwollkuegelchen-aus-100-schafschurwolle-fein-natur-5-kg\/","title":{"rendered":"Boules de laine vierge, 100% pure laine vierge de mouton, naturelle, 5 kg fine"},"content":{"rendered":"<ul class=\"a-unordered-list a-vertical a-spacing-none\">\n<li><span class=\"a-list-item\"> 100% pure laine vierge de mouton, naturelle, fibre naturelle renouvelable, compostable, couleur: naturelle <\/span><\/li>\n<li><span class=\"a-list-item\"> La laine, qui est d&#8217;abord trait\u00e9e dans la mouture des moutons sur des moutons vivants <\/span><\/li>\n<li><span class=\"a-list-item\"> Humidit\u00e9 et r\u00e9gulation de la temp\u00e9rature, perm\u00e9able \u00e0 l&#8217;air, respirant, facile \u00e0 nettoyer gr\u00e2ce au pouvoir autonettoyant naturel, r\u00e9duction de l&#8217;infestation des acariens <\/span><\/li>\n<li><span class=\"a-list-item\"> volumineux, doux, moelleux, \u00e9lastique et durable <\/span><\/li>\n<li><span class=\"a-list-item\"> Lavable: Laver \u00e0 la main \u00e0 20-30 degr\u00e9s si possible avec un d\u00e9tergent hydratant pour la laine <\/span><\/li>\n<\/ul>\n<p>Les boulesde laine de mouton douces et moelleuses sont id\u00e9ales pour remplir des oreillers, des ours en peluche, des peluches, des poup\u00e9es, etc. Ce mat\u00e9riau de remplissage de haute qualit\u00e9 et naturel a fait ses preuves gr\u00e2ce \u00e0 sa durabilit\u00e9 et \u00e0 son meilleur bouffant . En raison de la forme sp\u00e9ciale des perles, les coussins peuvent facilement \u00eatre remu\u00e9s, m\u00eame les nattes apr\u00e8s le lavage sont en grande partie \u00e9vit\u00e9es.<\/p>\n<p>Laver \u00e0 la main \u00e0 20-30 degr\u00e9s avec un d\u00e9tergent en laine.<\/p>\n<p>Par exemple, pour remplir un oreiller de 40 cm x 40 cm, vous aurez besoin d&#8217;environ 200 grammes de boules de laine de mouton.<\/p>\n<p>Fabriqu\u00e9 en UE<\/p>\n<p>&nbsp;<\/p>\n","protected":false},"excerpt":{"rendered":"<p>100% pure laine vierge de mouton, naturelle, fibre naturelle renouvelable, compostable, couleur: naturelle La laine, qui est d&#8217;abord trait\u00e9e dans la mouture des moutons sur des moutons vivants Humidit\u00e9 et r\u00e9gulation de la temp\u00e9rature, perm\u00e9able \u00e0 l&#8217;air, respirant, facile \u00e0 nettoyer gr\u00e2ce au pouvoir autonettoyant naturel, r\u00e9duction de l&#8217;infestation des acariens volumineux, doux, moelleux, \u00e9lastique [&hellip;]<\/p>\n","protected":false},"featured_media":3005,"comment_status":"open","ping_status":"closed","template":"","meta":[],"product_cat":[260,262],"product_tag":[],"class_list":{"0":"post-3012","1":"product","2":"type-product","3":"status-publish","4":"has-post-thumbnail","6":"product_cat-faserkuegelchen-fr","7":"product_cat-naturfuellmaterialien-fr-ouate-de-rembourrage-ouate-polyester","9":"first","10":"instock","11":"taxable","12":"shipping-taxable","13":"purchasable","14":"product-type-simple"},"_links":{"self":[{"href":"https:\/\/pemmi.de\/fr\/wp-json\/wp\/v2\/product\/3012","targetHints":{"allow":["GET"]}}],"collection":[{"href":"https:\/\/pemmi.de\/fr\/wp-json\/wp\/v2\/product"}],"about":[{"href":"https:\/\/pemmi.de\/fr\/wp-json\/wp\/v2\/types\/product"}],"replies":[{"embeddable":true,"href":"https:\/\/pemmi.de\/fr\/wp-json\/wp\/v2\/comments?post=3012"}],"wp:featuredmedia":[{"embeddable":true,"href":"https:\/\/pemmi.de\/fr\/wp-json\/wp\/v2\/media\/3005"}],"wp:attachment":[{"href":"https:\/\/pemmi.de\/fr\/wp-json\/wp\/v2\/media?parent=3012"}],"wp:term":[{"taxonomy":"product_cat","embeddable":true,"href":"https:\/\/pemmi.de\/fr\/wp-json\/wp\/v2\/product_cat?post=3012"},{"taxonomy":"product_tag","embeddable":true,"href":"https:\/\/pemmi.de\/fr\/wp-json\/wp\/v2\/product_tag?post=3012"}],"curies":[{"name":"wp","href":"https:\/\/api.w.org\/{rel}","templated":true}]}}