{"id":3079,"date":"2018-03-13T12:05:58","date_gmt":"2019-07-19T06:51:35","guid":{"rendered":"https:\/\/pemmi.de\/shop\/non%20class\u00e9\/fuellwatte-aus-100-schafschurwolle-natur-500-g-fein\/"},"modified":"2019-07-19T08:56:44","modified_gmt":"2019-07-19T06:56:44","slug":"fuellwatte-aus-100-schafschurwolle-natur-500-g-fein-2","status":"publish","type":"product","link":"https:\/\/pemmi.de\/fr\/shop\/pemmifill-fr\/naturfuellmaterialien-fr-ouate-de-rembourrage-ouate-polyester\/fuellwatte-aus-100-schafschurwolle-natur-500-g-fein-2\/","title":{"rendered":"Laine de remplissage en laine vierge de mouton 100% pure, naturelle, 500 g, fine"},"content":{"rendered":"<ul class=\"a-unordered-list a-vertical a-spacing-none\">\n<li><span class=\"a-list-item\"> 100% pure laine vierge de mouton, naturelle, fibre naturelle renouvelable, compostable, couleur: naturelle <\/span><\/li>\n<li><span class=\"a-list-item\"> La laine, qui est d&#8217;abord trait\u00e9e dans la mouture des moutons sur des moutons vivants <\/span><\/li>\n<li><span class=\"a-list-item\"> Humidit\u00e9 et r\u00e9gulation de la temp\u00e9rature, perm\u00e9able \u00e0 l&#8217;air, respirant, facile \u00e0 nettoyer gr\u00e2ce au pouvoir autonettoyant naturel, r\u00e9duction de l&#8217;infestation des acariens <\/span><\/li>\n<li><span class=\"a-list-item\"> volumineux, doux, moelleux, \u00e9lastique et durable <\/span><\/li>\n<li><span class=\"a-list-item\"> Lavable: Laver \u00e0 la main \u00e0 20-30 degr\u00e9s si possible avec un d\u00e9tergent hydratant pour la laine <\/span><\/li>\n<\/ul>\n<p>La laine de mouton douce et moelleuse est id\u00e9ale pour remplir les oreillers, les ours en peluche, les animaux en peluche, les poup\u00e9es, etc. Ce mat\u00e9riau de remplissage de haute qualit\u00e9 et naturel a fait ses preuves gr\u00e2ce \u00e0 sa durabilit\u00e9 et \u00e0 son meilleur bouffant .<\/p>\n<p>Laver \u00e0 la main \u00e0 20-30 degr\u00e9s.<\/p>\n<p>Par exemple, pour remplir un oreiller de 40 cm x 40 cm, vous aurez besoin d&#8217;environ 250 g de notre nouvelle laine de mouton.<\/p>\n<p>Fabriqu\u00e9 en Allemagne: nous livrons uniquement de la laine de mouton fabriqu\u00e9e en Allemagne.<\/p>\n<p>&nbsp;<\/p>\n","protected":false},"excerpt":{"rendered":"<p>100% pure laine vierge de mouton, naturelle, fibre naturelle renouvelable, compostable, couleur: naturelle La laine, qui est d&#8217;abord trait\u00e9e dans la mouture des moutons sur des moutons vivants Humidit\u00e9 et r\u00e9gulation de la temp\u00e9rature, perm\u00e9able \u00e0 l&#8217;air, respirant, facile \u00e0 nettoyer gr\u00e2ce au pouvoir autonettoyant naturel, r\u00e9duction de l&#8217;infestation des acariens volumineux, doux, moelleux, \u00e9lastique [&hellip;]<\/p>\n","protected":false},"featured_media":3080,"comment_status":"open","ping_status":"closed","template":"","meta":[],"product_cat":[262],"product_tag":[],"class_list":{"0":"post-3079","1":"product","2":"type-product","3":"status-publish","4":"has-post-thumbnail","6":"product_cat-naturfuellmaterialien-fr-ouate-de-rembourrage-ouate-polyester","8":"first","9":"instock","10":"taxable","11":"shipping-taxable","12":"purchasable","13":"product-type-simple"},"_links":{"self":[{"href":"https:\/\/pemmi.de\/fr\/wp-json\/wp\/v2\/product\/3079","targetHints":{"allow":["GET"]}}],"collection":[{"href":"https:\/\/pemmi.de\/fr\/wp-json\/wp\/v2\/product"}],"about":[{"href":"https:\/\/pemmi.de\/fr\/wp-json\/wp\/v2\/types\/product"}],"replies":[{"embeddable":true,"href":"https:\/\/pemmi.de\/fr\/wp-json\/wp\/v2\/comments?post=3079"}],"wp:featuredmedia":[{"embeddable":true,"href":"https:\/\/pemmi.de\/fr\/wp-json\/wp\/v2\/media\/3080"}],"wp:attachment":[{"href":"https:\/\/pemmi.de\/fr\/wp-json\/wp\/v2\/media?parent=3079"}],"wp:term":[{"taxonomy":"product_cat","embeddable":true,"href":"https:\/\/pemmi.de\/fr\/wp-json\/wp\/v2\/product_cat?post=3079"},{"taxonomy":"product_tag","embeddable":true,"href":"https:\/\/pemmi.de\/fr\/wp-json\/wp\/v2\/product_tag?post=3079"}],"curies":[{"name":"wp","href":"https:\/\/api.w.org\/{rel}","templated":true}]}}