{"id":3098,"date":"2018-03-15T11:58:07","date_gmt":"2019-07-19T07:02:24","guid":{"rendered":"https:\/\/pemmi.de\/shop\/non%20class\u00e9\/visco-schaumstoff-flocken-weiss-10-kg\/"},"modified":"2024-03-08T12:35:15","modified_gmt":"2024-03-08T11:35:15","slug":"visco-schaumstoff-flocken-weiss-10-kg","status":"publish","type":"product","link":"https:\/\/pemmi.de\/fr\/shop\/pemmifill-fr\/verschiedene-fuellmaterialien-fr\/visco-schaumstoff-flocken-weiss-10-kg\/","title":{"rendered":"Flocons de mousse m\u00e9moire de forme, visco-\u00e9lastique, blanc, 10 kg"},"content":{"rendered":"<ul>\n<li><span class=\"tlid-translation translation\" lang=\"fr\">particuli\u00e8rement adaptable, d\u00e9pressurisant<\/span><\/li>\n<li><span class=\"tlid-translation translation\" lang=\"fr\">id\u00e9al pour farcir des ours, des poup\u00e9es, des animaux en peluche, des taies d&#8217;oreiller, des paniers pour chat, des oreillers pour chien et de nombreux autres objets<\/span><\/li>\n<li><span class=\"tlid-translation translation\" lang=\"fr\">conditions mat\u00e9rielles: pour coussins d&#8217;environ 40 cm x 40 cm, lavables en machine \u00e0 40 \u00b0 C<\/span><\/li>\n<li><span class=\"tlid-translation translation\" lang=\"fr\">mat\u00e9riau: 100% PU, blanc, tri\u00e9, taille des paillettes: 0,3-1 cm<\/span><\/li>\n<li><span class=\"tlid-translation translation\" lang=\"fr\">convient aux personnes allergiques, car la mousse Visco est r\u00e9sistante aux acariens<\/span><\/li>\n<\/ul>\n<p><span class=\"tlid-translation translation\" lang=\"fr\">Visco est une mousse de matelas particuli\u00e8rement adaptable, qui r\u00e9agit \u00e0 la pression et \u00e0 la chaleur et s&#8217;adapte avec pr\u00e9cision au corps de la personne qui dort. Cela cr\u00e9e une impression sous charge. Apr\u00e8s un certain temps, la mousse revient \u00e0 son \u00e9tat initial apr\u00e8s avoir \u00e9t\u00e9 soulag\u00e9e. D\u00e9velopp\u00e9 \u00e0 l&#8217;origine par la NASA pour la technologie des mousses a\u00e9rospatiales. Les flocons de mousse\u00a0visco-\u00e9lastique sont id\u00e9ales pour le remplissage d&#8217;oreillers, d&#8217;ours en peluche, d&#8217;animaux en peluche, de poup\u00e9es, etc. <\/span><\/p>\n<p><span class=\"tlid-translation translation\" lang=\"fr\">Lavable en machine \u00e0 40 \u00b0.<\/span><\/p>\n<p>Par exemple, pour remplir un oreiller de 40 cm x 40 cm, vous aurez besoin d&#8217;environ 400 grammes de nos flocons. \u00c9galement id\u00e9al comme mat\u00e9riau de recharge ou de remplacement.<\/p>\n","protected":false},"excerpt":{"rendered":"<p>particuli\u00e8rement adaptable, d\u00e9pressurisant id\u00e9al pour farcir des ours, des poup\u00e9es, des animaux en peluche, des taies d&#8217;oreiller, des paniers pour chat, des oreillers pour chien et de nombreux autres objets conditions mat\u00e9rielles: pour coussins d&#8217;environ 40 cm x 40 cm, lavables en machine \u00e0 40 \u00b0 C mat\u00e9riau: 100% PU, blanc, tri\u00e9, taille des paillettes: [&hellip;]<\/p>\n","protected":false},"featured_media":6904,"comment_status":"open","ping_status":"closed","template":"","meta":[],"product_cat":[264],"product_tag":[554],"class_list":{"0":"post-3098","1":"product","2":"type-product","3":"status-publish","4":"has-post-thumbnail","6":"product_cat-verschiedene-fuellmaterialien-fr","7":"product_tag-perproductshipping-fr","9":"first","10":"instock","11":"taxable","12":"shipping-taxable","13":"purchasable","14":"product-type-simple"},"_links":{"self":[{"href":"https:\/\/pemmi.de\/fr\/wp-json\/wp\/v2\/product\/3098","targetHints":{"allow":["GET"]}}],"collection":[{"href":"https:\/\/pemmi.de\/fr\/wp-json\/wp\/v2\/product"}],"about":[{"href":"https:\/\/pemmi.de\/fr\/wp-json\/wp\/v2\/types\/product"}],"replies":[{"embeddable":true,"href":"https:\/\/pemmi.de\/fr\/wp-json\/wp\/v2\/comments?post=3098"}],"wp:featuredmedia":[{"embeddable":true,"href":"https:\/\/pemmi.de\/fr\/wp-json\/wp\/v2\/media\/6904"}],"wp:attachment":[{"href":"https:\/\/pemmi.de\/fr\/wp-json\/wp\/v2\/media?parent=3098"}],"wp:term":[{"taxonomy":"product_cat","embeddable":true,"href":"https:\/\/pemmi.de\/fr\/wp-json\/wp\/v2\/product_cat?post=3098"},{"taxonomy":"product_tag","embeddable":true,"href":"https:\/\/pemmi.de\/fr\/wp-json\/wp\/v2\/product_tag?post=3098"}],"curies":[{"name":"wp","href":"https:\/\/api.w.org\/{rel}","templated":true}]}}