{"id":3099,"date":"2018-03-15T11:44:34","date_gmt":"2019-07-19T07:02:51","guid":{"rendered":"https:\/\/pemmi.de\/shop\/non%20class\u00e9\/latex-schaumstoff-flocken-aus-100-kautschuk-weiss-2-kg\/"},"modified":"2019-07-19T10:29:34","modified_gmt":"2019-07-19T08:29:34","slug":"latex-schaumstoff-flocken-aus-100-kautschuk-weiss-2-kg","status":"publish","type":"product","link":"https:\/\/pemmi.de\/fr\/shop\/pemmifill-fr\/verschiedene-fuellmaterialien-fr\/latex-schaumstoff-flocken-aus-100-kautschuk-weiss-2-kg\/","title":{"rendered":"Flocons de mousse de latex, faits \u00e0 100% de caoutchouc, blancs, 2 kg"},"content":{"rendered":"<ul>\n<li><span class=\"tlid-translation translation\" lang=\"fr\">f<span title=\"\">locons de mousse de latex \u00e0 100% de caoutchouc<\/span><\/span><\/li>\n<li><span class=\"tlid-translation translation\" lang=\"fr\"><span title=\"\">id\u00e9al pour farcir des ours, des poup\u00e9es, des animaux en peluche, des taies d&#8217;oreiller, des paniers pour chat, des oreillers pour chien et de nombreux autres objets<\/span><\/span><\/li>\n<li><span class=\"tlid-translation translation\" lang=\"fr\"><span class=\"\" title=\"\">ind\u00e9formable, lavable en machine jusqu&#8217;\u00e0 30 \u00b0 C<\/span><\/span><\/li>\n<li><span class=\"tlid-translation translation\" lang=\"fr\"><span class=\"\" title=\"\">mat\u00e9riau: blanc, tri\u00e9, taille des paillettes: 0,3 \u00e0 4 cm<\/span><\/span><\/li>\n<li><span class=\"tlid-translation translation\" lang=\"fr\"><span class=\"\" title=\"\">conditions mat\u00e9rielles: pour coussins 40 cm x 40 cm environ 450g<\/span><\/span><\/li>\n<\/ul>\n<p><span class=\"tlid-translation translation\" lang=\"fr\"><span title=\"\">Les paillettes de latex sont id\u00e9ales pour le remplissage d&#8217;oreillers, d&#8217;ours en peluche, d&#8217;animaux en peluche, de poup\u00e9es, etc. <\/span><\/span><\/p>\n<p><span class=\"tlid-translation translation\" lang=\"fr\"><span title=\"\">Lavable en machine \u00e0 30 \u00b0 C.<\/span> <\/span><\/p>\n<p><span class=\"tlid-translation translation\" lang=\"fr\"><span title=\"\">Par exemple, pour remplir un oreiller de 40 cm x 40 cm, vous aurez besoin d&#8217;environ 450 grammes de nos flocons.<\/span> <span class=\"\" title=\"\">\u00c9galement id\u00e9al comme mat\u00e9riau de recharge ou de remplacement.<\/span><\/span><\/p>\n","protected":false},"excerpt":{"rendered":"<p>flocons de mousse de latex \u00e0 100% de caoutchouc id\u00e9al pour farcir des ours, des poup\u00e9es, des animaux en peluche, des taies d&#8217;oreiller, des paniers pour chat, des oreillers pour chien et de nombreux autres objets ind\u00e9formable, lavable en machine jusqu&#8217;\u00e0 30 \u00b0 C mat\u00e9riau: blanc, tri\u00e9, taille des paillettes: 0,3 \u00e0 4 cm conditions [&hellip;]<\/p>\n","protected":false},"featured_media":3100,"comment_status":"open","ping_status":"closed","template":"","meta":[],"product_cat":[264],"product_tag":[],"class_list":{"0":"post-3099","1":"product","2":"type-product","3":"status-publish","4":"has-post-thumbnail","6":"product_cat-verschiedene-fuellmaterialien-fr","8":"first","9":"instock","10":"taxable","11":"shipping-taxable","12":"purchasable","13":"product-type-simple"},"_links":{"self":[{"href":"https:\/\/pemmi.de\/fr\/wp-json\/wp\/v2\/product\/3099","targetHints":{"allow":["GET"]}}],"collection":[{"href":"https:\/\/pemmi.de\/fr\/wp-json\/wp\/v2\/product"}],"about":[{"href":"https:\/\/pemmi.de\/fr\/wp-json\/wp\/v2\/types\/product"}],"replies":[{"embeddable":true,"href":"https:\/\/pemmi.de\/fr\/wp-json\/wp\/v2\/comments?post=3099"}],"wp:featuredmedia":[{"embeddable":true,"href":"https:\/\/pemmi.de\/fr\/wp-json\/wp\/v2\/media\/3100"}],"wp:attachment":[{"href":"https:\/\/pemmi.de\/fr\/wp-json\/wp\/v2\/media?parent=3099"}],"wp:term":[{"taxonomy":"product_cat","embeddable":true,"href":"https:\/\/pemmi.de\/fr\/wp-json\/wp\/v2\/product_cat?post=3099"},{"taxonomy":"product_tag","embeddable":true,"href":"https:\/\/pemmi.de\/fr\/wp-json\/wp\/v2\/product_tag?post=3099"}],"curies":[{"name":"wp","href":"https:\/\/api.w.org\/{rel}","templated":true}]}}