{"id":3113,"date":"2018-03-15T11:29:22","date_gmt":"2019-07-19T07:04:43","guid":{"rendered":"https:\/\/pemmi.de\/shop\/non%20class\u00e9\/fuellgranulat-25-kg-weiss-grob\/"},"modified":"2019-07-19T10:43:30","modified_gmt":"2019-07-19T08:43:30","slug":"fuellgranulat-25-kg-weiss-grob-2-2","status":"publish","type":"product","link":"https:\/\/pemmi.de\/fr\/shop\/pemmifill-fr\/verschiedene-fuellmaterialien-fr\/fuellgranulat-25-kg-weiss-grob-2-2\/","title":{"rendered":"Granul\u00e9s de rembourrage, blancs, 2,5 kg, gros"},"content":{"rendered":"<ul>\n<li><span class=\"tlid-translation translation\" lang=\"fr\">id\u00e9al pour farcir des ours, des poup\u00e9es, des animaux empaill\u00e9s et de nombreux autres objets plus petits, tels que des porte-bonheur ou des anges gardiens<\/span><\/li>\n<li><span class=\"tlid-translation translation\" lang=\"fr\">poids optimal et prise agr\u00e9able en pesant les objets d&#8217;artisanat<\/span><\/li>\n<li><span class=\"tlid-translation translation\" lang=\"fr\">les granules sont en forme de perle et sans odeur, la taille de la perle est d&#8217;environ 3 mm<\/span><\/li>\n<li><span class=\"tlid-translation translation\" lang=\"fr\">lavable en machine jusqu&#8217;\u00e0 40 degr\u00e9s<\/span><\/li>\n<li><span class=\"tlid-translation translation\" lang=\"fr\">mat\u00e9riau: 100% polypropyl\u00e8ne<\/span><\/li>\n<li><span class=\"tlid-translation translation\" lang=\"fr\">test\u00e9 selon DIN EN 71-3 (s\u00e9curit\u00e9 des jouets)<\/span><\/li>\n<\/ul>\n<p><span class=\"tlid-translation translation\" lang=\"fr\">Les granul\u00e9s de plastique ultra-doux conviennent \u00e0 la pes\u00e9e d&#8217;animaux empaill\u00e9s et au corps de poup\u00e9es. Les granul\u00e9s sont utilis\u00e9s en compl\u00e9ment de la ouate de remplissage, de sorte que les poup\u00e9es et les ours aient un poids optimal et puissent \u00e9galement \u00eatre tr\u00e8s agr\u00e9ables \u00e0 saisir. Pour les petites poup\u00e9es, les ours et les animaux empaill\u00e9s, vous en remplissez tout le corps. Le mat\u00e9riau en forme de perle est sans odeur. Le mat\u00e9riau conf\u00e8re \u00e0 chaque corps une force naturelle et s&#8217;adapte \u00e0 toutes les formes.<\/span><\/p>\n<p>La taille de la perle est de 3 mm. Lavable en machine jusqu&#8217;\u00e0 40 degr\u00e9s. Norme de jouet DIN EN 71 Partie 3 et la FDA<\/p>\n<p>Test selon la norme du jouet: Le granul\u00e9 de remplissage a \u00e9t\u00e9 test\u00e9 conform\u00e9ment \u00e0 la norme DIN EN 71-3 et r\u00e9pond aux exigences.<\/p>\n<p>Nos certificats de test sont envoy\u00e9s \u00e0 la demande du client.<\/p>\n","protected":false},"excerpt":{"rendered":"<p>id\u00e9al pour farcir des ours, des poup\u00e9es, des animaux empaill\u00e9s et de nombreux autres objets plus petits, tels que des porte-bonheur ou des anges gardiens poids optimal et prise agr\u00e9able en pesant les objets d&#8217;artisanat les granules sont en forme de perle et sans odeur, la taille de la perle est d&#8217;environ 3 mm lavable [&hellip;]<\/p>\n","protected":false},"featured_media":3107,"comment_status":"open","ping_status":"closed","template":"","meta":[],"product_cat":[264],"product_tag":[],"class_list":{"0":"post-3113","1":"product","2":"type-product","3":"status-publish","4":"has-post-thumbnail","6":"product_cat-verschiedene-fuellmaterialien-fr","8":"first","9":"instock","10":"taxable","11":"shipping-taxable","12":"purchasable","13":"product-type-simple"},"_links":{"self":[{"href":"https:\/\/pemmi.de\/fr\/wp-json\/wp\/v2\/product\/3113","targetHints":{"allow":["GET"]}}],"collection":[{"href":"https:\/\/pemmi.de\/fr\/wp-json\/wp\/v2\/product"}],"about":[{"href":"https:\/\/pemmi.de\/fr\/wp-json\/wp\/v2\/types\/product"}],"replies":[{"embeddable":true,"href":"https:\/\/pemmi.de\/fr\/wp-json\/wp\/v2\/comments?post=3113"}],"wp:featuredmedia":[{"embeddable":true,"href":"https:\/\/pemmi.de\/fr\/wp-json\/wp\/v2\/media\/3107"}],"wp:attachment":[{"href":"https:\/\/pemmi.de\/fr\/wp-json\/wp\/v2\/media?parent=3113"}],"wp:term":[{"taxonomy":"product_cat","embeddable":true,"href":"https:\/\/pemmi.de\/fr\/wp-json\/wp\/v2\/product_cat?post=3113"},{"taxonomy":"product_tag","embeddable":true,"href":"https:\/\/pemmi.de\/fr\/wp-json\/wp\/v2\/product_tag?post=3113"}],"curies":[{"name":"wp","href":"https:\/\/api.w.org\/{rel}","templated":true}]}}