{"id":3256,"date":"2018-03-22T09:58:58","date_gmt":"2019-07-22T07:49:45","guid":{"rendered":"https:\/\/pemmi.de\/shop\/non%20class\u00e9\/nadelfilz-aus-100-polyester-120g-m%c2%b2-102-m-breit-1000-m-lang-ca-3-mm-dick-1020-m%c2%b2\/"},"modified":"2022-11-23T09:16:32","modified_gmt":"2022-11-23T08:16:32","slug":"nadelfilz-aus-100-polyester-120g-m%c2%b2-102-m-breit-1000-m-lang-ca-3-mm-dick-1020-m%c2%b2","status":"publish","type":"product","link":"https:\/\/pemmi.de\/fr\/shop\/pemmifill-fr\/volumenvlies-patchworkvlies-polstervlies-bastelvlies-polyestervlies-fr\/feutre-aiguillete-polyester-120g-m%c2%b2\/nadelfilz-aus-100-polyester-120g-m%c2%b2-102-m-breit-1000-m-lang-ca-3-mm-dick-1020-m%c2%b2\/","title":{"rendered":"Feutre aiguillet\u00e9 100% polyester 120g \/ m\u00b2, 1,02 m de large, 10 m de long, environ 3 mm d&#8217;\u00e9paisseur, 10,20 m\u00b2"},"content":{"rendered":"<ul>\n<li><span class=\"tlid-translation translation\" lang=\"fr\">100% polyester, norme Oeko-Tex Standard 100, classe de produits 1<\/span><\/li>\n<li><span class=\"tlid-translation translation\" lang=\"fr\">douce et souple<\/span><\/li>\n<li><span class=\"tlid-translation translation\" lang=\"fr\">ind\u00e9formable et r\u00e9sistant, haute durabilit\u00e9<\/span><\/li>\n<li><span class=\"tlid-translation translation\" lang=\"fr\">bon pour les personnes allergiques \u00e0 la poussi\u00e8re, r\u00e9sistant aux mites<\/span><\/li>\n<li><span class=\"tlid-translation translation\" lang=\"fr\">lavable en machine jusqu&#8217;\u00e0 40 \u00b0 <\/span><\/li>\n<li><span class=\"tlid-translation translation\" lang=\"fr\">couleur: blanc<\/span><\/li>\n<\/ul>\n<p><span class=\"tlid-translation translation\" lang=\"fr\">Feutre 100% polyester facile \u00e0 utiliser. La qualit\u00e9 est douce et souple et peut donc \u00eatre facilement trait\u00e9e avec des machines \u00e0 coudre standard. N\u00e9anmoins, le mat\u00e9riau est ind\u00e9formable, durable et r\u00e9sistant aux mites. Lavable en machine jusqu&#8217;\u00e0 40 \u00b0 C. Le non-tiss\u00e9 aiguillet\u00e9 est r\u00e9sistant aux allerg\u00e8nes de la poussi\u00e8re et a \u00e9t\u00e9 test\u00e9 conform\u00e9ment \u00e0 la norme Oeko-Tex Standard 100, classe de produits 1, et est conforme \u00e0 toutes les directives d&#8217;utilisation des jouets pour b\u00e9b\u00e9s, tels que les jouets. Couvertures en peluche, peluches, poup\u00e9es, etc. Le feutre est \u00e9galement adapt\u00e9 pour le rembourrage et l&#8217;alimentation du jour, du patchwork, et du b\u00e9b\u00e9, ainsi que comme interm\u00e9diaire pour le pas, et la courtepointe. Ce feutre aiguillet\u00e9 est thermiquement solidifi\u00e9. Les fibres de liaison sont utilis\u00e9es pour produire \u00e0 partir de la surface des feutres particuli\u00e8rement volumineux, ind\u00e9formables et particuli\u00e8rement uniformes. <\/span><\/p>\n<p><span class=\"tlid-translation translation\" lang=\"fr\">Norme Oeko-Tex 100, classe de produits 1: Les tests de feutre ont \u00e9t\u00e9 effectu\u00e9s conform\u00e9ment \u00e0 la norme Oeko-Tex Standard 100, produits de b\u00e9b\u00e9, classe 1, et ont montr\u00e9 que toutes les exigences environnementales actuelles de la norme sont respect\u00e9es. <\/span><\/p>\n<p><span class=\"tlid-translation translation\" lang=\"fr\">Fabriqu\u00e9 en Allemagne: Nous ne livrons que du feutre de qualit\u00e9 fabriqu\u00e9 en Allemagne. <\/span><\/p>\n<p><span class=\"tlid-translation translation\" lang=\"fr\">Conseil: jetez un coup d\u2019\u0153il \u00e0 nos <strong>ciseaux sp\u00e9ciaux<\/strong> pour les feutres d\u2019aiguilles. Avec cela, vous pouvez facilement couper le feutre.<br \/>\n<\/span><\/p>\n<p><span class=\"tlid-translation translation\" lang=\"fr\"> Feutre de polyester: id\u00e9al pour la d\u00e9coration et l&#8217;artisanat. Mat\u00e9riau: 100% polyester Couleur: blanc &#8211; id\u00e9al pour: sacs, pantoufles, v\u00eatements, courtepointes, &#8211; couture, matelassage, &#8211; et patchwork<\/span><\/p>\n","protected":false},"excerpt":{"rendered":"<p>100% polyester, norme Oeko-Tex Standard 100, classe de produits 1 douce et souple ind\u00e9formable et r\u00e9sistant, haute durabilit\u00e9 bon pour les personnes allergiques \u00e0 la poussi\u00e8re, r\u00e9sistant aux mites lavable en machine jusqu&#8217;\u00e0 40 \u00b0 couleur: blanc Feutre 100% polyester facile \u00e0 utiliser. La qualit\u00e9 est douce et souple et peut donc \u00eatre facilement trait\u00e9e [&hellip;]<\/p>\n","protected":false},"featured_media":3251,"comment_status":"open","ping_status":"closed","template":"","meta":[],"product_cat":[505],"product_tag":[],"class_list":{"0":"post-3256","1":"product","2":"type-product","3":"status-publish","4":"has-post-thumbnail","6":"product_cat-feutre-aiguillete-polyester-120g-m","8":"first","9":"instock","10":"taxable","11":"shipping-taxable","12":"purchasable","13":"product-type-simple"},"_links":{"self":[{"href":"https:\/\/pemmi.de\/fr\/wp-json\/wp\/v2\/product\/3256","targetHints":{"allow":["GET"]}}],"collection":[{"href":"https:\/\/pemmi.de\/fr\/wp-json\/wp\/v2\/product"}],"about":[{"href":"https:\/\/pemmi.de\/fr\/wp-json\/wp\/v2\/types\/product"}],"replies":[{"embeddable":true,"href":"https:\/\/pemmi.de\/fr\/wp-json\/wp\/v2\/comments?post=3256"}],"wp:featuredmedia":[{"embeddable":true,"href":"https:\/\/pemmi.de\/fr\/wp-json\/wp\/v2\/media\/3251"}],"wp:attachment":[{"href":"https:\/\/pemmi.de\/fr\/wp-json\/wp\/v2\/media?parent=3256"}],"wp:term":[{"taxonomy":"product_cat","embeddable":true,"href":"https:\/\/pemmi.de\/fr\/wp-json\/wp\/v2\/product_cat?post=3256"},{"taxonomy":"product_tag","embeddable":true,"href":"https:\/\/pemmi.de\/fr\/wp-json\/wp\/v2\/product_tag?post=3256"}],"curies":[{"name":"wp","href":"https:\/\/api.w.org\/{rel}","templated":true}]}}