{"id":3273,"date":"2018-03-20T10:08:39","date_gmt":"2019-07-22T07:53:05","guid":{"rendered":"https:\/\/pemmi.de\/shop\/non%20class\u00e9\/spezial-patchworkvlies-80g-m%c2%b2-300-m-breit-300-m-lang-ca-10-mm-dick-9-m%c2%b2\/"},"modified":"2019-07-22T10:58:16","modified_gmt":"2019-07-22T08:58:16","slug":"spezial-patchworkvlies-80g-m%c2%b2-300-m-breit-300-m-lang-ca-10-mm-dick-9-m%c2%b2","status":"publish","type":"product","link":"https:\/\/pemmi.de\/fr\/shop\/pemmifill-fr\/volumenvlies-patchworkvlies-polstervlies-bastelvlies-polyestervlies-fr\/polaire-speciale-patchwork-60g-m%c2%b2-80g-m%c2%b2-120g-m%c2%b2-150g-m%c2%b2\/spezial-patchworkvlies-80g-m%c2%b2-300-m-breit-300-m-lang-ca-10-mm-dick-9-m%c2%b2\/","title":{"rendered":"Non-tiss\u00e9 patchwork sp\u00e9cial 80g\/m\u00b2, 3,0 m de large x 3,0 m de long, env. 10 mm d&#8217;\u00e9paisseur, 9 m\u00b2"},"content":{"rendered":"<ul>\n<li><span class=\"tlid-translation translation\" lang=\"fr\">excellentes propri\u00e9t\u00e9s thermophysiologiques<\/span><\/li>\n<li><span class=\"tlid-translation translation\" lang=\"fr\">doux et souple, ind\u00e9formable et r\u00e9sistant<\/span><\/li>\n<li><span class=\"tlid-translation translation\" lang=\"fr\">lavable en machine jusqu&#8217;\u00e0 30 \u00b0 C, repasser au niveau 1<\/span><\/li>\n<li><span class=\"tlid-translation translation\" lang=\"fr\">haute durabilit\u00e9, 100% polyester<\/span><\/li>\n<li><span class=\"tlid-translation translation\" lang=\"fr\">Oeko-Tex Standard 100, classe de produits 1<\/span><\/li>\n<li><span class=\"tlid-translation translation\" lang=\"fr\">test\u00e9 selon DIN EN 71-3 (s\u00e9curit\u00e9 des jouets)<\/span><\/li>\n<\/ul>\n<p>&nbsp;<\/p>\n<p><span class=\"tlid-translation translation\" lang=\"fr\">La toison thermique populaire et \u00e9l\u00e9gante.<\/span><\/p>\n<p>Nappe en fibres fines li\u00e9e thermiquement \u00e0 une fibre liante. En raison des fibres fines, la surface et les poches d&#8217;air dans le coton augmentent, ce qui augmente la capacit\u00e9 de r\u00e9tention de chaleur avec moins de volume et le m\u00eame poids. Cette fibre thermique constitu\u00e9e de fibres fines poss\u00e8de donc une isolation thermique \u00e9quilibr\u00e9e, responsable du microclimat et de la sensation d&#8217;usure. Il garantit d&#8217;excellentes propri\u00e9t\u00e9s thermophysiologiques. Le non-tiss\u00e9 thermique impressionne par sa douceur et son \u00e9tui en textile. C&#8217;est la tendance \u00e0 cr\u00e9er un v\u00eatement \u00e9l\u00e9gant et doux avec une tenue confortable. Gr\u00e2ce \u00e0 sa bonne stabilit\u00e9 longitudinale et transversale, le non-tiss\u00e9 peut \u00eatre tr\u00e8s bien trait\u00e9 (coupe, couture et matelassage). C&#8217;est la toison id\u00e9ale pour le ski et les v\u00eatements de sport. Le thermo-non-tiss\u00e9 est test\u00e9 anti-poussi\u00e8re conform\u00e9ment \u00e0 la norme Oeko-Tex Standard 100, classe de produit 1 et est conforme \u00e0 toutes les directives d&#8217;utilisation pour le rembourrage et la doublure de jour, &#8211; le patchwork, &#8211; les couvertures pour b\u00e9b\u00e9s et comme interm\u00e9diaire pour les travaux de pas et de courtepointe.<\/p>\n<p>Lavable en machine jusqu&#8217;\u00e0 30 \u00b0 C, ne convient pas aux s\u00e8che-linge.<\/p>\n<p>Norme <strong>Oeko-Tex 100, classe de produits 1<\/strong>: les tests des \u00e9toffes non tiss\u00e9es ont \u00e9t\u00e9 effectu\u00e9s conform\u00e9ment \u00e0 la norme Oeko-Tex 100, classe de produits 1 pour articles pour b\u00e9b\u00e9s, et ont montr\u00e9 que toutes les exigences de la norme en mati\u00e8re d&#8217;\u00e9cologie humaine actuellement valables sont respect\u00e9es.<\/p>\n<p>Test selon la norme relative aux jouets: La toison a \u00e9t\u00e9 test\u00e9e conform\u00e9ment \u00e0 la norme <strong>DIN EN 71-3<\/strong> et r\u00e9pond aux exigences.<\/p>\n<p>Fabriqu\u00e9 en Allemagne: Nous livrons exclusivement en Allemagne en molleton de qualit\u00e9.<\/p>\n<p>Conseil: jetez un coup d\u2019\u0153il \u00e0 nos <strong>ciseaux sp\u00e9ciaux<\/strong> pour le volume de la toison. Avec cela, vous pouvez facilement couper la toison.<\/p>\n<p>&nbsp;<\/p>\n<p>&nbsp;<\/p>\n","protected":false},"excerpt":{"rendered":"<p>excellentes propri\u00e9t\u00e9s thermophysiologiques doux et souple, ind\u00e9formable et r\u00e9sistant lavable en machine jusqu&#8217;\u00e0 30 \u00b0 C, repasser au niveau 1 haute durabilit\u00e9, 100% polyester Oeko-Tex Standard 100, classe de produits 1 test\u00e9 selon DIN EN 71-3 (s\u00e9curit\u00e9 des jouets) &nbsp; La toison thermique populaire et \u00e9l\u00e9gante. Nappe en fibres fines li\u00e9e thermiquement \u00e0 une fibre [&hellip;]<\/p>\n","protected":false},"featured_media":3260,"comment_status":"open","ping_status":"closed","template":"","meta":[],"product_cat":[506],"product_tag":[],"class_list":{"0":"post-3273","1":"product","2":"type-product","3":"status-publish","4":"has-post-thumbnail","6":"product_cat-polaire-speciale-patchwork-60g-m-80g-m-120g-m-150g-m","8":"first","9":"instock","10":"taxable","11":"shipping-taxable","12":"purchasable","13":"product-type-simple"},"_links":{"self":[{"href":"https:\/\/pemmi.de\/fr\/wp-json\/wp\/v2\/product\/3273","targetHints":{"allow":["GET"]}}],"collection":[{"href":"https:\/\/pemmi.de\/fr\/wp-json\/wp\/v2\/product"}],"about":[{"href":"https:\/\/pemmi.de\/fr\/wp-json\/wp\/v2\/types\/product"}],"replies":[{"embeddable":true,"href":"https:\/\/pemmi.de\/fr\/wp-json\/wp\/v2\/comments?post=3273"}],"wp:featuredmedia":[{"embeddable":true,"href":"https:\/\/pemmi.de\/fr\/wp-json\/wp\/v2\/media\/3260"}],"wp:attachment":[{"href":"https:\/\/pemmi.de\/fr\/wp-json\/wp\/v2\/media?parent=3273"}],"wp:term":[{"taxonomy":"product_cat","embeddable":true,"href":"https:\/\/pemmi.de\/fr\/wp-json\/wp\/v2\/product_cat?post=3273"},{"taxonomy":"product_tag","embeddable":true,"href":"https:\/\/pemmi.de\/fr\/wp-json\/wp\/v2\/product_tag?post=3273"}],"curies":[{"name":"wp","href":"https:\/\/api.w.org\/{rel}","templated":true}]}}