{"id":3305,"date":"2018-03-16T10:27:36","date_gmt":"2019-07-22T08:03:02","guid":{"rendered":"https:\/\/pemmi.de\/shop\/non%20class\u00e9\/patchworkvlies-aus-baumwolle-15-m-breit-x-10-m-lang-200-g-m%c2%b2-ca-20-mm-dick-15-m%c2%b2\/"},"modified":"2019-07-22T10:15:19","modified_gmt":"2019-07-22T08:15:19","slug":"patchworkvlies-aus-baumwolle-eur-499-m%c2%b2-15-m-breit-x-10-m-lang-200-g-m%c2%b2-ca-20-mm-dick-15-m%c2%b2","status":"publish","type":"product","link":"https:\/\/pemmi.de\/fr\/shop\/pemmifill-fr\/volumenvlies-aus-naturfasern-fr\/patchworkvlies-aus-baumwolle-eur-499-m%c2%b2-15-m-breit-x-10-m-lang-200-g-m%c2%b2-ca-20-mm-dick-15-m%c2%b2\/","title":{"rendered":"Molleton de patchwork en coton, 1,50 m de large x 10 m de long, 200 g\/m\u00b2, env. 20 mm d&#8217;\u00e9paisseur, 15 m\u00b2"},"content":{"rendered":"<ul class=\"a-unordered-list a-vertical a-spacing-none\">\n<li><span class=\"a-list-item\"> Molleton de coton pour l&#8217;effet r\u00e9tro vintage <\/span><\/li>\n<li><span class=\"a-list-item\"> avant l&#8217;utilisation, afin que le non-tiss\u00e9 devienne plus plat et ait l&#8217;air utilis\u00e9. <\/span><\/li>\n<li><span class=\"a-list-item\">Lavable jusqu&#8217;\u00e0 95 degr\u00e9s. <\/span><\/li>\n<li><span class=\"a-list-item\"> Mati\u00e8re : 85% coton, 15% polyester<br \/>\n<\/span><\/li>\n<li><span class=\"a-list-item\">r\u00e9sistant \u00e0 l&#8217;\u00e9bullition, durable, respectueux de l&#8217;environnement. <\/span><\/li>\n<li><span class=\"a-list-item\"> \u00e0 partir d&#8217;une mati\u00e8re premi\u00e8re renouvelable <\/span><\/li>\n<\/ul>\n<p>La non-tiss\u00e9 est en coton. Il convient pour le rembourrage et la doublure de couvre-lit, les couverture de patchwork et les couvertures pour b\u00e9b\u00e9s et comme insert pour les travaux de quilting. Pour obtenir l&#8217;effet vintage d\u00e9sir\u00e9, le non-tiss\u00e9 patchwork doit \u00eatre lav\u00e9 avant utilisation. Cela rend le molleton de coton plus plat et donne l&#8217;impression d&#8217;\u00eatre utilis\u00e9.<\/p>\n<p>Lavable jusqu&#8217;\u00e0 95 degr\u00e9s.<\/p>\n<p>Fabriqu\u00e9 en Allemagne.<\/p>\n<p>&nbsp;<\/p>\n","protected":false},"excerpt":{"rendered":"<p>Molleton de coton pour l&#8217;effet r\u00e9tro vintage avant l&#8217;utilisation, afin que le non-tiss\u00e9 devienne plus plat et ait l&#8217;air utilis\u00e9. Lavable jusqu&#8217;\u00e0 95 degr\u00e9s. Mati\u00e8re : 85% coton, 15% polyester r\u00e9sistant \u00e0 l&#8217;\u00e9bullition, durable, respectueux de l&#8217;environnement. \u00e0 partir d&#8217;une mati\u00e8re premi\u00e8re renouvelable La non-tiss\u00e9 est en coton. Il convient pour le rembourrage et la [&hellip;]<\/p>\n","protected":false},"featured_media":3222,"comment_status":"open","ping_status":"closed","template":"","meta":[],"product_cat":[268],"product_tag":[],"class_list":{"0":"post-3305","1":"product","2":"type-product","3":"status-publish","4":"has-post-thumbnail","6":"product_cat-volumenvlies-aus-naturfasern-fr","8":"first","9":"outofstock","10":"taxable","11":"shipping-taxable","12":"purchasable","13":"product-type-simple"},"_links":{"self":[{"href":"https:\/\/pemmi.de\/fr\/wp-json\/wp\/v2\/product\/3305","targetHints":{"allow":["GET"]}}],"collection":[{"href":"https:\/\/pemmi.de\/fr\/wp-json\/wp\/v2\/product"}],"about":[{"href":"https:\/\/pemmi.de\/fr\/wp-json\/wp\/v2\/types\/product"}],"replies":[{"embeddable":true,"href":"https:\/\/pemmi.de\/fr\/wp-json\/wp\/v2\/comments?post=3305"}],"wp:featuredmedia":[{"embeddable":true,"href":"https:\/\/pemmi.de\/fr\/wp-json\/wp\/v2\/media\/3222"}],"wp:attachment":[{"href":"https:\/\/pemmi.de\/fr\/wp-json\/wp\/v2\/media?parent=3305"}],"wp:term":[{"taxonomy":"product_cat","embeddable":true,"href":"https:\/\/pemmi.de\/fr\/wp-json\/wp\/v2\/product_cat?post=3305"},{"taxonomy":"product_tag","embeddable":true,"href":"https:\/\/pemmi.de\/fr\/wp-json\/wp\/v2\/product_tag?post=3305"}],"curies":[{"name":"wp","href":"https:\/\/api.w.org\/{rel}","templated":true}]}}