{"id":3385,"date":"2018-03-20T11:45:59","date_gmt":"2019-07-22T10:17:23","guid":{"rendered":"https:\/\/pemmi.de\/shop\/non%20class\u00e9\/volumenvlies-300g-m%c2%b2-15-m-x-05-m-ca-30-mm-dick-075-m%c2%b2\/"},"modified":"2022-11-23T09:35:07","modified_gmt":"2022-11-23T08:35:07","slug":"volumenvlies-300g-m%c2%b2-15-m-x-05-m-ca-30-mm-dick-075-m%c2%b2","status":"publish","type":"product","link":"https:\/\/pemmi.de\/fr\/shop\/pemmifill-fr\/volumenvlies-patchworkvlies-polstervlies-bastelvlies-polyestervlies-fr\/volume-polaire-300g-m%c2%b2\/volumenvlies-300g-m%c2%b2-15-m-x-05-m-ca-30-mm-dick-075-m%c2%b2\/","title":{"rendered":"Non-tiss\u00e9 volumineux au m\u00e8tre 300g\/m\u00b2, 1,50 m de large, 0,50 m de long, env. 30 mm d&#8217;\u00e9paisseur, 0,75 m\u00b2"},"content":{"rendered":"<ul class=\"a-unordered-list a-vertical a-spacing-none\">\n<li><span class=\"a-list-item\"> Oeko-Tex Standard 100, classe de produit 1 <\/span><\/li>\n<li><span class=\"a-list-item\"> doux et souple, dimensionnellement stable et r\u00e9sistant \u00e0 l&#8217;usure, excellentes propri\u00e9t\u00e9s thermophysiologiques <\/span><\/li>\n<li><span class=\"a-list-item\"> haute durabilit\u00e9, 100 % polyester <\/span><\/li>\n<li><span class=\"a-list-item\"> test\u00e9 selon DIN EN 71-3 (s\u00e9curit\u00e9 des jouets), remplissage pour par ex. des jouets souples, poup\u00e9es, ours, oreillers <\/span><\/li>\n<li><span class=\"a-list-item\"> lavable en machine jusqu&#8217;\u00e0 40 \u00b0C <\/span><\/li>\n<\/ul>\n<p>Le non-tiss\u00e9 volumineux est tr\u00e8s doux et souple, tout en restant dimensionnellement stable, r\u00e9sistant \u00e0 l&#8217;usure et aux mites. Lavable en machine jusqu&#8217;\u00e0 40 \u00b0C. Le non-tiss\u00e9 volumineux est test\u00e9 contre les allergies \u00e0 la poussi\u00e8re selon la norme \u00d6ko-Tex Standard 100, classe de produit 1 et est conforme \u00e0 toutes les directives d&#8217;utilisation pour les jouets pour b\u00e9b\u00e9s tels que les couvertures \u00e0 ramper, les peluches, les poup\u00e9es, etc&#8230;..<\/p>\n<p>Test selon la norme jouet : Le non-tiss\u00e9 a \u00e9galement \u00e9t\u00e9 test\u00e9 selon la norme <strong>DIN EN 71-3<\/strong> et r\u00e9pond aux exigences. Le non-tiss\u00e9 convient \u00e9galement pour le rembourrage et la doublure des couvertures quotidiennes, des patchworks et des couvertures pour b\u00e9b\u00e9s, ainsi que comme couche interm\u00e9diaire pour le travail des marches et des couettes.<\/p>\n<p>Ce non-tiss\u00e9 volumineux est coll\u00e9 thermiquement. Les fibres de liage sont utilis\u00e9es pour la fabrication de non-tiss\u00e9s particuli\u00e8rement volumineux, de dimensions stables et d&#8217;une surface particuli\u00e8rement uniforme.<\/p>\n<p><strong>Oeko-Tex Standard 100, classe de produit 1<\/strong> : Les essais sur les non-tiss\u00e9s volumineux ont \u00e9t\u00e9 effectu\u00e9s conform\u00e9ment \u00e0 l&#8217;Oeko-Tex Standard 100, classe de produit 1 pour les articles pour b\u00e9b\u00e9s et ont montr\u00e9 que toutes les exigences \u00e9cologiques pour l&#8217;homme actuellement applicables de la norme ont \u00e9t\u00e9 respect\u00e9es.<\/p>\n<p>Fabriqu\u00e9 en Allemagne : Nous livrons exclusivement des toisons de qualit\u00e9 fabriqu\u00e9es en Allemagne.<\/p>\n<p>Conseil : Regardez \u00e0 nos <strong>ciseaux sp\u00e9ciaux<\/strong> pour le molleton volumineux. Vous pouvez ainsi facilement couper le non-tiss\u00e9 sur mesure.<\/p>\n<p>&nbsp;<\/p>\n<p>&nbsp;<\/p>\n","protected":false},"excerpt":{"rendered":"<p>Oeko-Tex Standard 100, classe de produit 1 doux et souple, dimensionnellement stable et r\u00e9sistant \u00e0 l&#8217;usure, excellentes propri\u00e9t\u00e9s thermophysiologiques haute durabilit\u00e9, 100 % polyester test\u00e9 selon DIN EN 71-3 (s\u00e9curit\u00e9 des jouets), remplissage pour par ex. des jouets souples, poup\u00e9es, ours, oreillers lavable en machine jusqu&#8217;\u00e0 40 \u00b0C Le non-tiss\u00e9 volumineux est tr\u00e8s doux et [&hellip;]<\/p>\n","protected":false},"featured_media":3386,"comment_status":"open","ping_status":"closed","template":"","meta":[],"product_cat":[503],"product_tag":[],"class_list":{"0":"post-3385","1":"product","2":"type-product","3":"status-publish","4":"has-post-thumbnail","6":"product_cat-volume-polaire-300g-m","8":"first","9":"instock","10":"taxable","11":"shipping-taxable","12":"purchasable","13":"product-type-simple"},"_links":{"self":[{"href":"https:\/\/pemmi.de\/fr\/wp-json\/wp\/v2\/product\/3385","targetHints":{"allow":["GET"]}}],"collection":[{"href":"https:\/\/pemmi.de\/fr\/wp-json\/wp\/v2\/product"}],"about":[{"href":"https:\/\/pemmi.de\/fr\/wp-json\/wp\/v2\/types\/product"}],"replies":[{"embeddable":true,"href":"https:\/\/pemmi.de\/fr\/wp-json\/wp\/v2\/comments?post=3385"}],"wp:featuredmedia":[{"embeddable":true,"href":"https:\/\/pemmi.de\/fr\/wp-json\/wp\/v2\/media\/3386"}],"wp:attachment":[{"href":"https:\/\/pemmi.de\/fr\/wp-json\/wp\/v2\/media?parent=3385"}],"wp:term":[{"taxonomy":"product_cat","embeddable":true,"href":"https:\/\/pemmi.de\/fr\/wp-json\/wp\/v2\/product_cat?post=3385"},{"taxonomy":"product_tag","embeddable":true,"href":"https:\/\/pemmi.de\/fr\/wp-json\/wp\/v2\/product_tag?post=3385"}],"curies":[{"name":"wp","href":"https:\/\/api.w.org\/{rel}","templated":true}]}}