{"id":3529,"date":"2018-03-29T12:49:40","date_gmt":"2019-07-23T08:53:23","guid":{"rendered":"https:\/\/pemmi.de\/shop\/non%20class\u00e9\/dekoeis-deko-eiswuerfel-25-30-mm-5-kg\/"},"modified":"2019-07-23T11:24:39","modified_gmt":"2019-07-23T09:24:39","slug":"dekoeis-deko-eiswuerfel-25-30-mm-5-kg","status":"publish","type":"product","link":"https:\/\/pemmi.de\/fr\/shop\/pemmisnow-fr\/deko-eis-fr\/deko-eis-verschiedene-koernungen-fr\/dekoeis-deko-eiswuerfel-25-30-mm-5-kg\/","title":{"rendered":"Glace d\u00e9corative, gla\u00e7ons d\u00e9coratifs 25-30 mm, 5 kg"},"content":{"rendered":"<ul>\n<li><span class=\"tlid-translation translation\" lang=\"fr\">mat\u00e9riau: verre de s\u00e9curit\u00e9, arrondi, non inflammable<\/span><\/li>\n<li><span class=\"tlid-translation translation\" lang=\"fr\">facile \u00e0 manipuler, facile \u00e0 d\u00e9corer<\/span><\/li>\n<li><span class=\"tlid-translation translation\" lang=\"fr\">pour une belle d\u00e9coration, adapt\u00e9e \u00e0 presque toutes les occasions<\/span><\/li>\n<li><span class=\"tlid-translation translation\" lang=\"fr\">appropri\u00e9 pour par exemple appartements, magasins et vitrines<\/span><\/li>\n<\/ul>\n<p><span class=\"tlid-translation translation\" lang=\"fr\">La glace d\u00e9corative est en verre. Avec cette glace d\u00e9corative, ils \u00e9voquent en un tournemain une superbe d\u00e9coration de vacances imaginative. Particuli\u00e8rement appropri\u00e9 comme cadeau pour la d\u00e9coration de table pour des occasions telles que les mariages, les bapt\u00eames, les confirmations, les anniversaires et de nombreuses autres c\u00e9l\u00e9brations. Les beaux reflets en font le mat\u00e9riau de d\u00e9coration universel id\u00e9al pour une ambiance festive. Les gla\u00e7ons d\u00e9coratifs est \u00e9galement id\u00e9al pour la photographie de produits. De m\u00eame, vous pouvez par exemple d\u00e9corez des assiettes, des vases, des verres ou des bols.<\/span><\/p>\n<p>Cet article peut \u00eatre combin\u00e9 avec d&#8217;autres articles de notre vaste gamme de d\u00e9cors.<\/p>\n<p><strong>Quantit\u00e9:<\/strong> 5 kg de cr\u00e8me glac\u00e9e d\u00e9co correspond \u00e0 un volume d&#8217;environ 4 l.<\/p>\n","protected":false},"excerpt":{"rendered":"<p>mat\u00e9riau: verre de s\u00e9curit\u00e9, arrondi, non inflammable facile \u00e0 manipuler, facile \u00e0 d\u00e9corer pour une belle d\u00e9coration, adapt\u00e9e \u00e0 presque toutes les occasions appropri\u00e9 pour par exemple appartements, magasins et vitrines La glace d\u00e9corative est en verre. Avec cette glace d\u00e9corative, ils \u00e9voquent en un tournemain une superbe d\u00e9coration de vacances imaginative. Particuli\u00e8rement appropri\u00e9 comme [&hellip;]<\/p>\n","protected":false},"featured_media":6182,"comment_status":"open","ping_status":"closed","template":"","meta":[],"product_cat":[277],"product_tag":[],"class_list":{"0":"post-3529","1":"product","2":"type-product","3":"status-publish","4":"has-post-thumbnail","6":"product_cat-deko-eis-verschiedene-koernungen-fr","8":"first","9":"outofstock","10":"taxable","11":"shipping-taxable","12":"purchasable","13":"product-type-simple"},"_links":{"self":[{"href":"https:\/\/pemmi.de\/fr\/wp-json\/wp\/v2\/product\/3529","targetHints":{"allow":["GET"]}}],"collection":[{"href":"https:\/\/pemmi.de\/fr\/wp-json\/wp\/v2\/product"}],"about":[{"href":"https:\/\/pemmi.de\/fr\/wp-json\/wp\/v2\/types\/product"}],"replies":[{"embeddable":true,"href":"https:\/\/pemmi.de\/fr\/wp-json\/wp\/v2\/comments?post=3529"}],"wp:featuredmedia":[{"embeddable":true,"href":"https:\/\/pemmi.de\/fr\/wp-json\/wp\/v2\/media\/6182"}],"wp:attachment":[{"href":"https:\/\/pemmi.de\/fr\/wp-json\/wp\/v2\/media?parent=3529"}],"wp:term":[{"taxonomy":"product_cat","embeddable":true,"href":"https:\/\/pemmi.de\/fr\/wp-json\/wp\/v2\/product_cat?post=3529"},{"taxonomy":"product_tag","embeddable":true,"href":"https:\/\/pemmi.de\/fr\/wp-json\/wp\/v2\/product_tag?post=3529"}],"curies":[{"name":"wp","href":"https:\/\/api.w.org\/{rel}","templated":true}]}}