{"id":3604,"date":"2018-08-21T11:30:01","date_gmt":"2019-07-23T12:59:13","guid":{"rendered":"https:\/\/pemmi.de\/shop\/non%20class\u00e9\/big-flakes-50-g-schaumflocken-5-20-mm-gross-schwer-entflammbar\/"},"modified":"2019-07-23T15:05:59","modified_gmt":"2019-07-23T13:05:59","slug":"big-flakes-500-g-schaumflocken-5-20-mm-gross-schwer-entflammbar-2","status":"publish","type":"product","link":"https:\/\/pemmi.de\/fr\/shop\/pemmisnow-fr\/dekoschnee-kunstschnee-streuschnee-pulverschnee-theaterschnee-fr\/big-flakes-schwer-entflammbar-din-4102-b1-fr\/big-flakes-500-g-schaumflocken-5-20-mm-gross-schwer-entflammbar-2\/","title":{"rendered":"Big Flakes 50 g, flocons de mousse 5-20 mm, ignifuge"},"content":{"rendered":"<ul>\n<li><span class=\"tlid-translation translation\" lang=\"fr\"><span class=\"\" title=\"\">Big Flakes sont nos plus gros flocons<\/span><\/span><\/li>\n<li><span class=\"tlid-translation translation\" lang=\"fr\"><span title=\"\">ils sont faits de mousse douce et l\u00e9g\u00e8re<\/span><\/span><\/li>\n<li><span class=\"tlid-translation translation\" lang=\"fr\"><span class=\"\" title=\"\">le flocon simple a une taille comprise entre 5 et 20 mm<\/span><\/span><\/li>\n<li><span class=\"tlid-translation translation\" lang=\"fr\"><span class=\"\" title=\"\">leur utilisation est principalement l\u00e0 o\u00f9 les paysages plus rudes doivent \u00eatre d\u00e9cor\u00e9s ou o\u00f9 les grandes surfaces doivent \u00eatre d\u00e9cor\u00e9es rapidement<\/span><\/span><\/li>\n<li><span class=\"tlid-translation translation\" lang=\"fr\"><span class=\"\" title=\"\">\u00e9corer une surface d&#8217;un m\u00e8tre carr\u00e9 d&#8217;une hauteur de 1 cm n\u00e9cessite 10 litres de gros flocons, ce qui correspond \u00e0 environ 100 g de mat\u00e9riau<\/span><br \/>\n<\/span><\/li>\n<\/ul>\n<p><span class=\"tlid-translation translation\" lang=\"fr\"><span title=\"\">Les gros flocons sont utilis\u00e9s pour:<\/span><br \/>\n<span title=\"\">D\u00e9corations de No\u00ebl<\/span><br \/>\n<span title=\"\">\u00c9v\u00e9nements et f\u00eates<\/span><br \/>\n<span title=\"\">Cin\u00e9ma et t\u00e9l\u00e9vision<\/span><br \/>\n<span title=\"\">Vitrine<\/span>s<br \/>\n<span title=\"\">Les d\u00e9corateurs r\u00e9pandent de gros flocons sur la surface des tapis de neige.<\/span> <span title=\"\">Le r\u00e9sultat ressemble \u00e0 une zone de neige \u00e9paisse.<\/span><\/p>\n<p><span title=\"\">Les gros flocons sont <strong>ignifugeants selon DIN 4102 B1<\/strong>.<\/span><\/p>\n<p><span class=\"\" title=\"\">Si n\u00e9cessaire, une copie du certificat de test peut \u00eatre jointe \u00e0 la livraison.<\/span><\/span><\/p>\n","protected":false},"excerpt":{"rendered":"<p>Big Flakes sont nos plus gros flocons ils sont faits de mousse douce et l\u00e9g\u00e8re le flocon simple a une taille comprise entre 5 et 20 mm leur utilisation est principalement l\u00e0 o\u00f9 les paysages plus rudes doivent \u00eatre d\u00e9cor\u00e9s ou o\u00f9 les grandes surfaces doivent \u00eatre d\u00e9cor\u00e9es rapidement \u00e9corer une surface d&#8217;un m\u00e8tre carr\u00e9 [&hellip;]<\/p>\n","protected":false},"featured_media":3605,"comment_status":"open","ping_status":"closed","template":"","meta":[],"product_cat":[283],"product_tag":[],"class_list":{"0":"post-3604","1":"product","2":"type-product","3":"status-publish","4":"has-post-thumbnail","6":"product_cat-big-flakes-schwer-entflammbar-din-4102-b1-fr","8":"first","9":"instock","10":"taxable","11":"shipping-taxable","12":"purchasable","13":"product-type-simple"},"_links":{"self":[{"href":"https:\/\/pemmi.de\/fr\/wp-json\/wp\/v2\/product\/3604","targetHints":{"allow":["GET"]}}],"collection":[{"href":"https:\/\/pemmi.de\/fr\/wp-json\/wp\/v2\/product"}],"about":[{"href":"https:\/\/pemmi.de\/fr\/wp-json\/wp\/v2\/types\/product"}],"replies":[{"embeddable":true,"href":"https:\/\/pemmi.de\/fr\/wp-json\/wp\/v2\/comments?post=3604"}],"wp:featuredmedia":[{"embeddable":true,"href":"https:\/\/pemmi.de\/fr\/wp-json\/wp\/v2\/media\/3605"}],"wp:attachment":[{"href":"https:\/\/pemmi.de\/fr\/wp-json\/wp\/v2\/media?parent=3604"}],"wp:term":[{"taxonomy":"product_cat","embeddable":true,"href":"https:\/\/pemmi.de\/fr\/wp-json\/wp\/v2\/product_cat?post=3604"},{"taxonomy":"product_tag","embeddable":true,"href":"https:\/\/pemmi.de\/fr\/wp-json\/wp\/v2\/product_tag?post=3604"}],"curies":[{"name":"wp","href":"https:\/\/api.w.org\/{rel}","templated":true}]}}