{"id":3618,"date":"2018-03-22T12:21:39","date_gmt":"2019-07-23T13:10:16","guid":{"rendered":"https:\/\/pemmi.de\/shop\/non%20class\u00e9\/deko-schnee-kompostierbar-50-liter-extra-fein\/"},"modified":"2019-07-23T15:18:14","modified_gmt":"2019-07-23T13:18:14","slug":"deko-schnee-kompostierbar-50-liter-extra-fein","status":"publish","type":"product","link":"https:\/\/pemmi.de\/fr\/shop\/pemmisnow-fr\/dekoschnee-kunstschnee-streuschnee-pulverschnee-theaterschnee-fr\/deko-schnee-kompostierbar-fr\/deko-schnee-kompostierbar-50-liter-extra-fein\/","title":{"rendered":"Neige d\u00e9corative compostable 50 litres, extra fine"},"content":{"rendered":"<ul>\n<li><span class=\"tlid-translation translation\" lang=\"fr\">fabriqu\u00e9 \u00e0 partir de mati\u00e8res premi\u00e8res renouvelables<\/span><\/li>\n<li><span class=\"tlid-translation translation\" lang=\"fr\">compostable<\/span><\/li>\n<li><span class=\"tlid-translation translation\" lang=\"fr\">manipulation facile<\/span><\/li>\n<\/ul>\n<p><span class=\"tlid-translation translation\" lang=\"fr\">Neige d\u00e9corative \u00e0 base d&#8217;amidon. La neige d\u00e9corative compostable colle aux surfaces humides et peut \u00eatre facilement enlev\u00e9e \u00e0 l&#8217;eau sans effort. Id\u00e9al pour la fabrication de vrais sapins dans la neige, car la neige peut \u00eatre compost\u00e9e avec l&#8217;arbre ensemble. Si la neige doit \u00eatre fix\u00e9e, la surface est tr\u00e8s facilement humidifi\u00e9e avec de l&#8217;eau. Pour enlever la neige, il suffit de tremper l\u2019objet avec beaucoup d\u2019eau ou de le laisser pleuvoir dehors. Cette neige biologique est particuli\u00e8rement adapt\u00e9e aux m\u00e9nages avec enfants en bas \u00e2ge et aux animaux domestiques car elle est totalement non toxique.<\/span><\/p>\n<p>Quelques utilisations possibles: berceaux, \u00e9v\u00e9nements et f\u00eates, cin\u00e9ma et t\u00e9l\u00e9vision, vitrines, vitrines, d\u00e9corations d&#8217;hiver, d\u00e9corations de No\u00ebl, discos<\/p>\n<p>Cet article peut \u00eatre combin\u00e9 avec de nombreux autres articles de notre vaste gamme de neige.<\/p>\n<p>&nbsp;<\/p>\n","protected":false},"excerpt":{"rendered":"<p>fabriqu\u00e9 \u00e0 partir de mati\u00e8res premi\u00e8res renouvelables compostable manipulation facile Neige d\u00e9corative \u00e0 base d&#8217;amidon. La neige d\u00e9corative compostable colle aux surfaces humides et peut \u00eatre facilement enlev\u00e9e \u00e0 l&#8217;eau sans effort. Id\u00e9al pour la fabrication de vrais sapins dans la neige, car la neige peut \u00eatre compost\u00e9e avec l&#8217;arbre ensemble. Si la neige doit [&hellip;]<\/p>\n","protected":false},"featured_media":3614,"comment_status":"open","ping_status":"closed","template":"","meta":[],"product_cat":[284],"product_tag":[],"class_list":{"0":"post-3618","1":"product","2":"type-product","3":"status-publish","4":"has-post-thumbnail","6":"product_cat-deko-schnee-kompostierbar-fr","8":"first","9":"outofstock","10":"taxable","11":"shipping-taxable","12":"purchasable","13":"product-type-simple"},"_links":{"self":[{"href":"https:\/\/pemmi.de\/fr\/wp-json\/wp\/v2\/product\/3618","targetHints":{"allow":["GET"]}}],"collection":[{"href":"https:\/\/pemmi.de\/fr\/wp-json\/wp\/v2\/product"}],"about":[{"href":"https:\/\/pemmi.de\/fr\/wp-json\/wp\/v2\/types\/product"}],"replies":[{"embeddable":true,"href":"https:\/\/pemmi.de\/fr\/wp-json\/wp\/v2\/comments?post=3618"}],"wp:featuredmedia":[{"embeddable":true,"href":"https:\/\/pemmi.de\/fr\/wp-json\/wp\/v2\/media\/3614"}],"wp:attachment":[{"href":"https:\/\/pemmi.de\/fr\/wp-json\/wp\/v2\/media?parent=3618"}],"wp:term":[{"taxonomy":"product_cat","embeddable":true,"href":"https:\/\/pemmi.de\/fr\/wp-json\/wp\/v2\/product_cat?post=3618"},{"taxonomy":"product_tag","embeddable":true,"href":"https:\/\/pemmi.de\/fr\/wp-json\/wp\/v2\/product_tag?post=3618"}],"curies":[{"name":"wp","href":"https:\/\/api.w.org\/{rel}","templated":true}]}}