{"id":3661,"date":"2019-03-07T15:41:36","date_gmt":"2019-07-25T07:54:06","guid":{"rendered":"https:\/\/pemmi.de\/shop\/non%20class\u00e9\/dekoschnee-10-kg-streuschnee-pulverschnee-aus-kunststoffflocken\/"},"modified":"2021-12-01T12:12:28","modified_gmt":"2021-12-01T11:12:28","slug":"dekoschnee-10-kg-streuschnee-pulverschnee-aus-kunststoffflocken","status":"publish","type":"product","link":"https:\/\/pemmi.de\/fr\/shop\/pemmisnow-fr\/dekoschnee-kunstschnee-streuschnee-pulverschnee-theaterschnee-fr\/dekoschnee-streuschnee-pulverschnee\/dekoschnee-10-kg-streuschnee-pulverschnee-aus-kunststoffflocken\/","title":{"rendered":"Neige artificielle 10 kg, neige perdue, neige en poudre faite de flocons de plastique"},"content":{"rendered":"<p><span class=\"tlid-translation translation\" lang=\"fr\">L&#8217;imitation de neige la plus vendue, d\u00e9coration de neige faite de flocons de plastique blanc et transparent.<\/span><\/p>\n<p>Lorsque la lumi\u00e8re brille, les flocons de neige artificiels scintillent comme de la neige fra\u00eeche tomb\u00e9e.<br \/>\nLa neige pulv\u00e9ris\u00e9e a de gros flocons d&#8217;environ 2 \u00e0 3 mm et elle est en plastique blanc et transparent.<br \/>\nCe m\u00e9lange donne \u00e0 cette neige artificielle et poudreuse un aspect tr\u00e8s vivant.<\/p>\n<p>&nbsp;<\/p>\n<p><strong>Quantit\u00e9<\/strong>: pour d\u00e9corer 1 m\u00e8tre carr\u00e9 avec 1 cm de profondeur de neige, vous avez besoin de 10 litres.<br \/>\nAvec cette neige, \u00e7a fait environ 1 kg.<\/p>\n<p>Pour toutes les vari\u00e9t\u00e9s de neige artificielle, le rapport entre le volume et le poids peut varier grandement,<br \/>\nPar cons\u00e9quent, on ne devrait pas calculer ses besoins trop parcimonieusement.<\/p>\n<p>Parmi les utilisations possibles, citons:<br \/>\nD\u00e9corations de No\u00ebl \u00e0 la maison<br \/>\nCr\u00e8ches<br \/>\n\u00c9v\u00e9nements et f\u00eates<br \/>\nCin\u00e9ma et t\u00e9l\u00e9vision<br \/>\nVitrines<\/p>\n<p>La neige est souvent plac\u00e9e sur la surface des nattes de neige, leur donnant un regard naturel.<br \/>\nLe r\u00e9sultat ressemble \u00e0 une zone de neige \u00e9paisse.<\/p>\n<p>La neige artificielle a le meilleur rapport qualit\u00e9-prix de toutes les vari\u00e9t\u00e9s d\u2019art de neige.<\/p>\n<p>&nbsp;<\/p>\n","protected":false},"excerpt":{"rendered":"<p>L&#8217;imitation de neige la plus vendue, d\u00e9coration de neige faite de flocons de plastique blanc et transparent. Lorsque la lumi\u00e8re brille, les flocons de neige artificiels scintillent comme de la neige fra\u00eeche tomb\u00e9e. La neige pulv\u00e9ris\u00e9e a de gros flocons d&#8217;environ 2 \u00e0 3 mm et elle est en plastique blanc et transparent. Ce m\u00e9lange [&hellip;]<\/p>\n","protected":false},"featured_media":1798,"comment_status":"closed","ping_status":"closed","template":"","meta":[],"product_cat":[378],"product_tag":[],"class_list":{"0":"post-3661","1":"product","2":"type-product","3":"status-publish","4":"has-post-thumbnail","6":"product_cat-dekoschnee-streuschnee-pulverschnee","8":"first","9":"instock","10":"taxable","11":"shipping-taxable","12":"purchasable","13":"product-type-simple"},"_links":{"self":[{"href":"https:\/\/pemmi.de\/fr\/wp-json\/wp\/v2\/product\/3661","targetHints":{"allow":["GET"]}}],"collection":[{"href":"https:\/\/pemmi.de\/fr\/wp-json\/wp\/v2\/product"}],"about":[{"href":"https:\/\/pemmi.de\/fr\/wp-json\/wp\/v2\/types\/product"}],"replies":[{"embeddable":true,"href":"https:\/\/pemmi.de\/fr\/wp-json\/wp\/v2\/comments?post=3661"}],"wp:featuredmedia":[{"embeddable":true,"href":"https:\/\/pemmi.de\/fr\/wp-json\/wp\/v2\/media\/1798"}],"wp:attachment":[{"href":"https:\/\/pemmi.de\/fr\/wp-json\/wp\/v2\/media?parent=3661"}],"wp:term":[{"taxonomy":"product_cat","embeddable":true,"href":"https:\/\/pemmi.de\/fr\/wp-json\/wp\/v2\/product_cat?post=3661"},{"taxonomy":"product_tag","embeddable":true,"href":"https:\/\/pemmi.de\/fr\/wp-json\/wp\/v2\/product_tag?post=3661"}],"curies":[{"name":"wp","href":"https:\/\/api.w.org\/{rel}","templated":true}]}}