{"id":3792,"date":"2018-05-03T12:15:27","date_gmt":"2019-07-26T08:58:24","guid":{"rendered":"https:\/\/pemmi.de\/shop\/non%20class\u00e9\/eiszapfen-13-cm-mit-irisglimmer-5-beutel-a-6-stueck-gesamtmenge-30-stueck-mit-aufhaenger\/"},"modified":"2019-07-26T12:16:55","modified_gmt":"2019-07-26T10:16:55","slug":"eiszapfen-13-cm-mit-irisglimmer-5-beutel-a-6-stueck-gesamtmenge-30-stueck-mit-aufhaenger","status":"publish","type":"product","link":"https:\/\/pemmi.de\/fr\/shop\/pemmisnow-fr\/eiszapfen-fr\/eiszapfen-einzeln-fr\/eiszapfen-13-cm-mit-irisglimmer-5-beutel-a-6-stueck-gesamtmenge-30-stueck-mit-aufhaenger\/","title":{"rendered":"Stalactite de glace 13 cm avec lueur iris\u00e9e, 30 pi\u00e8ces, avec bride"},"content":{"rendered":"<ul>\n<li><span class=\"tlid-translation translation\" lang=\"fr\"><span class=\"\" title=\"\">Stalactite de glace en plastique de 13 cm de long avec une lueur iris\u00e9e, \u00d8 sup\u00e9rieur \u00e0 environ 1 cm, \u00d8 pointe environ 2 mm<\/span><\/span><\/li>\n<li><span class=\"tlid-translation translation\" lang=\"fr\"><span class=\"\" title=\"\">5 sacs de 6 pi\u00e8ces, quantit\u00e9 totale: 30 pi\u00e8ces, avec bride<\/span><\/span><\/li>\n<li><span class=\"tlid-translation translation\" lang=\"fr\"><span class=\"\" title=\"\">manipulation facile, facile \u00e0 d\u00e9corer<\/span><\/span><\/li>\n<li><span class=\"tlid-translation translation\" lang=\"fr\"><span class=\"\" title=\"\">pour une belle d\u00e9coration de No\u00ebl et d&#8217;hiver<\/span><\/span><\/li>\n<li><span class=\"tlid-translation translation\" lang=\"fr\"><span class=\"\" title=\"\">appropri\u00e9 pour par exemple<\/span> <span class=\"\" title=\"\">Appartements, magasins et vitrines<\/span><\/span><\/li>\n<\/ul>\n<p><span class=\"tlid-translation translation\" lang=\"fr\"><span title=\"\">Les s<span class=\"\" title=\"\">talactite de glace<\/span> sont fabrqu\u00e9 en plastique avec <span class=\"\" title=\"\">une lueur iris\u00e9e<\/span>.<\/span> <span title=\"\">Avec ces s<span class=\"\" title=\"\">talactite de glace<\/span> \u00e9voquent en un rien de temps un bel hiver &#8211; et une d\u00e9coration de No\u00ebl.<\/span><\/span><\/p>\n<p><span title=\"\">Convient particuli\u00e8rement aux d\u00e9corations d&#8217;hiver sur les appuis de fen\u00eatre, les vitrines, les f\u00eates de No\u00ebl, les soir\u00e9es apr\u00e8s-ski, les films et la t\u00e9l\u00e9vision, les march\u00e9s de No\u00ebl, les \u00e9v\u00e9nements, les foires, les discoth\u00e8ques, les centres commerciaux et les b\u00e2timents publics.<\/span><\/p>\n<p><span class=\"\" title=\"\">Cet article peut \u00eatre combin\u00e9 avec de nombreux autres articles de notre vaste gamme de neige.<\/span><\/p>\n","protected":false},"excerpt":{"rendered":"<p>Stalactite de glace en plastique de 13 cm de long avec une lueur iris\u00e9e, \u00d8 sup\u00e9rieur \u00e0 environ 1 cm, \u00d8 pointe environ 2 mm 5 sacs de 6 pi\u00e8ces, quantit\u00e9 totale: 30 pi\u00e8ces, avec bride manipulation facile, facile \u00e0 d\u00e9corer pour une belle d\u00e9coration de No\u00ebl et d&#8217;hiver appropri\u00e9 pour par exemple Appartements, magasins [&hellip;]<\/p>\n","protected":false},"featured_media":3787,"comment_status":"open","ping_status":"closed","template":"","meta":[],"product_cat":[294],"product_tag":[],"class_list":{"0":"post-3792","1":"product","2":"type-product","3":"status-publish","4":"has-post-thumbnail","6":"product_cat-eiszapfen-einzeln-fr","8":"first","9":"outofstock","10":"taxable","11":"shipping-taxable","12":"purchasable","13":"product-type-simple"},"_links":{"self":[{"href":"https:\/\/pemmi.de\/fr\/wp-json\/wp\/v2\/product\/3792","targetHints":{"allow":["GET"]}}],"collection":[{"href":"https:\/\/pemmi.de\/fr\/wp-json\/wp\/v2\/product"}],"about":[{"href":"https:\/\/pemmi.de\/fr\/wp-json\/wp\/v2\/types\/product"}],"replies":[{"embeddable":true,"href":"https:\/\/pemmi.de\/fr\/wp-json\/wp\/v2\/comments?post=3792"}],"wp:featuredmedia":[{"embeddable":true,"href":"https:\/\/pemmi.de\/fr\/wp-json\/wp\/v2\/media\/3787"}],"wp:attachment":[{"href":"https:\/\/pemmi.de\/fr\/wp-json\/wp\/v2\/media?parent=3792"}],"wp:term":[{"taxonomy":"product_cat","embeddable":true,"href":"https:\/\/pemmi.de\/fr\/wp-json\/wp\/v2\/product_cat?post=3792"},{"taxonomy":"product_tag","embeddable":true,"href":"https:\/\/pemmi.de\/fr\/wp-json\/wp\/v2\/product_tag?post=3792"}],"curies":[{"name":"wp","href":"https:\/\/api.w.org\/{rel}","templated":true}]}}