{"id":3815,"date":"2018-05-03T11:16:33","date_gmt":"2019-07-26T09:08:41","guid":{"rendered":"https:\/\/pemmi.de\/shop\/non%20class\u00e9\/eiszapfen-aus-schneewatte-475-x-30-x-ca-2-cm-1er-pack-gesamtlaenge-475-m-schwer-entflammbar-din-4102-b1\/"},"modified":"2019-07-26T13:08:11","modified_gmt":"2019-07-26T11:08:11","slug":"eiszapfen-aus-schneewatte-500-x-30-x-ca-2-cm-1er-pack-gesamtlaenge-5-m-schwer-entflammbar-din-4102-b1","status":"publish","type":"product","link":"https:\/\/pemmi.de\/fr\/shop\/pemmisnow-fr\/eiszapfen-fr\/eiszapfen-meterware-fr\/eiszapfen-aus-schneewatte-500-x-30-x-ca-2-cm-1er-pack-gesamtlaenge-5-m-schwer-entflammbar-din-4102-b1\/","title":{"rendered":"Stalactite de glace de ouate de neige, 475 x 30 x env. 2 cm, paquet de 1, ignifuge DIN 4102 B1"},"content":{"rendered":"<ul>\n<li><span class=\"tlid-translation translation\" lang=\"fr\"><span title=\"\">ignifuge DIN B1<\/span><\/span><\/li>\n<li><span class=\"tlid-translation translation\" lang=\"fr\"><span title=\"\">facile \u00e0 d\u00e9corer<\/span><\/span><\/li>\n<li><span class=\"tlid-translation translation\" lang=\"fr\"><span title=\"\">manipulation facile<\/span><\/span><\/li>\n<li><span class=\"tlid-translation translation\" lang=\"fr\"><span title=\"\">le polyvalent d\u00e9coratif<\/span><\/span><\/li>\n<li><span class=\"tlid-translation translation\" lang=\"fr\"><span title=\"\">en ouate de neige<\/span><\/span><\/li>\n<\/ul>\n<p><span class=\"tlid-translation translation\" lang=\"fr\"><span title=\"\">Les stalactite de glace sont en 100% polyester.<\/span> <span title=\"\">Les fibres synth\u00e9tiques utilis\u00e9es sont ignifugeantes selon <strong>DIN 4102 B1<\/strong>.<\/span> <span title=\"\">Avec nos produits de ouate de neige, ils cr\u00e9ent en un rien de temps une superbe d\u00e9coration hivernale.<\/span> <span class=\"\" title=\"\">Si vous souhaitez des stalactite de glace plus petits, vous pouvez les couper avec des ciseaux.<\/span><\/span><\/p>\n<p><span class=\"\" title=\"\">Quelques applications: appuis de fen\u00eatre, vitrines, f\u00eates de No\u00ebl, soir\u00e9es apr\u00e8s-ski, cin\u00e9ma et t\u00e9l\u00e9vision, march\u00e9s de No\u00ebl, \u00e9v\u00e9nements, foires, discoth\u00e8ques, centres commerciaux, b\u00e2timents publics.<\/span><\/p>\n<p><span class=\"\" title=\"\">Cet article peut \u00eatre combin\u00e9 avec de nombreux autres articles de notre vaste gamme de neige.<\/span><\/p>\n","protected":false},"excerpt":{"rendered":"<p>ignifuge DIN B1 facile \u00e0 d\u00e9corer manipulation facile le polyvalent d\u00e9coratif en ouate de neige Les stalactite de glace sont en 100% polyester. Les fibres synth\u00e9tiques utilis\u00e9es sont ignifugeantes selon DIN 4102 B1. Avec nos produits de ouate de neige, ils cr\u00e9ent en un rien de temps une superbe d\u00e9coration hivernale. Si vous souhaitez des [&hellip;]<\/p>\n","protected":false},"featured_media":3809,"comment_status":"open","ping_status":"closed","template":"","meta":[],"product_cat":[295],"product_tag":[],"class_list":{"0":"post-3815","1":"product","2":"type-product","3":"status-publish","4":"has-post-thumbnail","6":"product_cat-eiszapfen-meterware-fr","8":"first","9":"instock","10":"taxable","11":"shipping-taxable","12":"purchasable","13":"product-type-simple"},"_links":{"self":[{"href":"https:\/\/pemmi.de\/fr\/wp-json\/wp\/v2\/product\/3815","targetHints":{"allow":["GET"]}}],"collection":[{"href":"https:\/\/pemmi.de\/fr\/wp-json\/wp\/v2\/product"}],"about":[{"href":"https:\/\/pemmi.de\/fr\/wp-json\/wp\/v2\/types\/product"}],"replies":[{"embeddable":true,"href":"https:\/\/pemmi.de\/fr\/wp-json\/wp\/v2\/comments?post=3815"}],"wp:featuredmedia":[{"embeddable":true,"href":"https:\/\/pemmi.de\/fr\/wp-json\/wp\/v2\/media\/3809"}],"wp:attachment":[{"href":"https:\/\/pemmi.de\/fr\/wp-json\/wp\/v2\/media?parent=3815"}],"wp:term":[{"taxonomy":"product_cat","embeddable":true,"href":"https:\/\/pemmi.de\/fr\/wp-json\/wp\/v2\/product_cat?post=3815"},{"taxonomy":"product_tag","embeddable":true,"href":"https:\/\/pemmi.de\/fr\/wp-json\/wp\/v2\/product_tag?post=3815"}],"curies":[{"name":"wp","href":"https:\/\/api.w.org\/{rel}","templated":true}]}}