{"id":3923,"date":"2018-06-11T11:16:56","date_gmt":"2019-08-08T06:56:55","guid":{"rendered":"https:\/\/pemmi.de\/shop\/non%20class\u00e9\/schneeflocke-aus-schneewatte-29-cm-ca-2-cm-dick-12er-pack-schwer-entflammbar-din-4102-b1\/"},"modified":"2019-08-08T09:42:14","modified_gmt":"2019-08-08T07:42:14","slug":"schneeflocke-aus-schneewatte-29-cm-ca-2-cm-dick-12er-pack-schwer-entflammbar-din-4102-b1","status":"publish","type":"product","link":"https:\/\/pemmi.de\/fr\/shop\/pemmisnow-fr\/schneeflocken-fr\/schneeflocken-aus-schneewatte-fr\/schneeflocke-aus-schneewatte-29-cm-ca-2-cm-dick-12er-pack-schwer-entflammbar-din-4102-b1\/","title":{"rendered":"Flocon de neige en ouate de neige, \u00d8 29 cm, \u00e9paisseur env. 2 cm, paquet de 12, ignifug\u00e9 DIN 4102 B1"},"content":{"rendered":"<ul>\n<li>ignifuge DIN 4102 B1 B1<\/li>\n<li>\u00d8 29 cm, environ 2 cm d&#8217;\u00e9paisseur<\/li>\n<li>facile \u00e0 d\u00e9corer<\/li>\n<li>utilisation simple<\/li>\n<li>en ouate de neige<\/li>\n<\/ul>\n<p>Les flocons de neige sont faits de 100% polyester. Les fibres synth\u00e9tiques utilis\u00e9es sont ignifuges selon DIN 4102 B1. Avec nos articles d&#8217;ouate de neige, vous pouvez cr\u00e9er de superbes d\u00e9corations hivernales en un rien de temps.<\/p>\n<p>Particuli\u00e8rement indiqu\u00e9 pour la d\u00e9coration hivernale des rebords de fen\u00eatres, vitrines, f\u00eates de No\u00ebl, apr\u00e8s-ski, cin\u00e9ma et t\u00e9l\u00e9vision, march\u00e9s de No\u00ebl, foires, discoth\u00e8ques, centres commerciaux, b\u00e2timents publics.<\/p>\n<p>Cet article est combinable avec de nombreux autres articles de notre large assortiment de neige.<\/p>\n","protected":false},"excerpt":{"rendered":"<p>ignifuge DIN 4102 B1 B1 \u00d8 29 cm, environ 2 cm d&#8217;\u00e9paisseur facile \u00e0 d\u00e9corer utilisation simple en ouate de neige Les flocons de neige sont faits de 100% polyester. Les fibres synth\u00e9tiques utilis\u00e9es sont ignifuges selon DIN 4102 B1. Avec nos articles d&#8217;ouate de neige, vous pouvez cr\u00e9er de superbes d\u00e9corations hivernales en un [&hellip;]<\/p>\n","protected":false},"featured_media":3914,"comment_status":"open","ping_status":"closed","template":"","meta":[],"product_cat":[326],"product_tag":[],"class_list":{"0":"post-3923","1":"product","2":"type-product","3":"status-publish","4":"has-post-thumbnail","6":"product_cat-schneeflocken-aus-schneewatte-fr","8":"first","9":"instock","10":"taxable","11":"shipping-taxable","12":"purchasable","13":"product-type-simple"},"_links":{"self":[{"href":"https:\/\/pemmi.de\/fr\/wp-json\/wp\/v2\/product\/3923","targetHints":{"allow":["GET"]}}],"collection":[{"href":"https:\/\/pemmi.de\/fr\/wp-json\/wp\/v2\/product"}],"about":[{"href":"https:\/\/pemmi.de\/fr\/wp-json\/wp\/v2\/types\/product"}],"replies":[{"embeddable":true,"href":"https:\/\/pemmi.de\/fr\/wp-json\/wp\/v2\/comments?post=3923"}],"wp:featuredmedia":[{"embeddable":true,"href":"https:\/\/pemmi.de\/fr\/wp-json\/wp\/v2\/media\/3914"}],"wp:attachment":[{"href":"https:\/\/pemmi.de\/fr\/wp-json\/wp\/v2\/media?parent=3923"}],"wp:term":[{"taxonomy":"product_cat","embeddable":true,"href":"https:\/\/pemmi.de\/fr\/wp-json\/wp\/v2\/product_cat?post=3923"},{"taxonomy":"product_tag","embeddable":true,"href":"https:\/\/pemmi.de\/fr\/wp-json\/wp\/v2\/product_tag?post=3923"}],"curies":[{"name":"wp","href":"https:\/\/api.w.org\/{rel}","templated":true}]}}