{"id":3950,"date":"2018-06-11T10:47:43","date_gmt":"2019-08-08T07:06:41","guid":{"rendered":"https:\/\/pemmi.de\/shop\/non%20class\u00e9\/schneeflocke-aus-filz-41-cm-ca-2-mm-dick-25er-pack\/"},"modified":"2019-08-08T10:25:44","modified_gmt":"2019-08-08T08:25:44","slug":"schneeflocke-aus-filz-41-cm-ca-2-mm-dick-25er-pack","status":"publish","type":"product","link":"https:\/\/pemmi.de\/fr\/shop\/pemmisnow-fr\/schneeflocken-fr\/schneeflocken-aus-filz-fr\/schneeflocke-aus-filz-41-cm-ca-2-mm-dick-25er-pack\/","title":{"rendered":"Flocon de neige en feutre \u00d8 41 cm, \u00e9paisseur env. 2 mm, paquet de 25 pi\u00e8ces"},"content":{"rendered":"<ul>\n<li>en feutre<\/li>\n<li>\u00d8 41 cm, \u00e9paisseur env. 2 mm<\/li>\n<li>facile \u00e0 d\u00e9corer<\/li>\n<li>utilisation simple<\/li>\n<\/ul>\n<p>Les flocons de neige sont 100% polyester. Avec nos articles en feutre de neige, vous pouvez cr\u00e9er de superbes d\u00e9corations hivernales en un rien de temps.<\/p>\n<p>Particuli\u00e8rement indiqu\u00e9 pour les d\u00e9corations hivernales sur les rebords de fen\u00eatres, vitrines, f\u00eates de No\u00ebl, apr\u00e8s-ski, cin\u00e9ma et t\u00e9l\u00e9vision, f\u00eates de No\u00ebl, march\u00e9s de No\u00ebl, discoth\u00e8ques.<\/p>\n<p>Cet article est combinable avec de nombreux autres articles de notre large assortiment de neige.<\/p>\n","protected":false},"excerpt":{"rendered":"<p>en feutre \u00d8 41 cm, \u00e9paisseur env. 2 mm facile \u00e0 d\u00e9corer utilisation simple Les flocons de neige sont 100% polyester. Avec nos articles en feutre de neige, vous pouvez cr\u00e9er de superbes d\u00e9corations hivernales en un rien de temps. Particuli\u00e8rement indiqu\u00e9 pour les d\u00e9corations hivernales sur les rebords de fen\u00eatres, vitrines, f\u00eates de No\u00ebl, [&hellip;]<\/p>\n","protected":false},"featured_media":3934,"comment_status":"open","ping_status":"closed","template":"","meta":[],"product_cat":[327],"product_tag":[],"class_list":{"0":"post-3950","1":"product","2":"type-product","3":"status-publish","4":"has-post-thumbnail","6":"product_cat-schneeflocken-aus-filz-fr","8":"first","9":"instock","10":"taxable","11":"shipping-taxable","12":"purchasable","13":"product-type-simple"},"_links":{"self":[{"href":"https:\/\/pemmi.de\/fr\/wp-json\/wp\/v2\/product\/3950","targetHints":{"allow":["GET"]}}],"collection":[{"href":"https:\/\/pemmi.de\/fr\/wp-json\/wp\/v2\/product"}],"about":[{"href":"https:\/\/pemmi.de\/fr\/wp-json\/wp\/v2\/types\/product"}],"replies":[{"embeddable":true,"href":"https:\/\/pemmi.de\/fr\/wp-json\/wp\/v2\/comments?post=3950"}],"wp:featuredmedia":[{"embeddable":true,"href":"https:\/\/pemmi.de\/fr\/wp-json\/wp\/v2\/media\/3934"}],"wp:attachment":[{"href":"https:\/\/pemmi.de\/fr\/wp-json\/wp\/v2\/media?parent=3950"}],"wp:term":[{"taxonomy":"product_cat","embeddable":true,"href":"https:\/\/pemmi.de\/fr\/wp-json\/wp\/v2\/product_cat?post=3950"},{"taxonomy":"product_tag","embeddable":true,"href":"https:\/\/pemmi.de\/fr\/wp-json\/wp\/v2\/product_tag?post=3950"}],"curies":[{"name":"wp","href":"https:\/\/api.w.org\/{rel}","templated":true}]}}