{"id":3982,"date":"2018-04-30T11:48:28","date_gmt":"2019-08-08T08:45:47","guid":{"rendered":"https:\/\/pemmi.de\/shop\/non%20class\u00e9\/spezial-schneematte-meterware-150-x-250-m-ca-6-mm-dick-375-m%c2%b2\/"},"modified":"2019-08-08T11:48:25","modified_gmt":"2019-08-08T09:48:25","slug":"spezial-schneematte-meterware-150-x-250-m-ca-6-mm-dick-375-m%c2%b2-2","status":"publish","type":"product","link":"https:\/\/pemmi.de\/fr\/shop\/pemmisnow-fr\/schneematten-fr\/schneematte-extra-flauschig-fr\/spezial-schneematte-meterware-150-x-250-m-ca-6-mm-dick-375-m%c2%b2-2\/","title":{"rendered":"Tapis de neige sp\u00e9cial, au m\u00e8tre, 1,50 x 2,50 m, \u00e9paisseur env. 6 mm, 3,75 m\u00b2"},"content":{"rendered":"<ul>\n<li>particuli\u00e8rement vif, aspect neigeux et duveteux<\/li>\n<li>facile \u00e0 d\u00e9corer, facile \u00e0 utiliser, flexible et universellement applicable<\/li>\n<li>opaque, drapable, id\u00e9al pour les paysages enneig\u00e9s<\/li>\n<li>facilement divisible en tirant, \u00e0 la fois en longueur, largeur et \u00e9paisseur<\/li>\n<li>mat\u00e9riel : 100 % <strong>polyester<\/strong>, certificat <strong>\u00d6kotex, classe de produit 1<\/strong><\/li>\n<\/ul>\n<p>Les tapis de neige sp\u00e9ciaux au m\u00e8tre sont fabriqu\u00e9s \u00e0 100 % en polyester. Cette couverture en laine polaire est extra douce et extra duveteuse. Ce tapis de neige est particuli\u00e8rement facile \u00e0 fa\u00e7onner et \u00e0 draper. Avec nos articles en ouate de neige, vous pouvez cr\u00e9er de superbes d\u00e9corations hivernales en un rien de temps. Le but principal des tapis de neige est le recouvrement rapide et surtout uniforme des surfaces color\u00e9es. Le volume cr\u00e9e une couche qui ressemble \u00e0 de la neige de loin. Le tapis de neige peut \u00eatre d\u00e9cor\u00e9 de fa\u00e7on encore plus naturelle en ajoutant de la neige en aspersion. Les tapis sont tr\u00e8s populaires parce qu&#8217;ils sont polyvalents et faciles \u00e0 utiliser. Si l&#8217;on d\u00e9sire des tapis de neige plus petits, on peut les couper avec des ciseaux. Quelques applications possibles : D\u00e9corations hivernales, vitrines, f\u00eates de No\u00ebl, apr\u00e8s-ski, cin\u00e9ma, t\u00e9l\u00e9vision, stands d&#8217;exposition, march\u00e9s de No\u00ebl, discoth\u00e8ques, centres commerciaux et b\u00e2timents publics.<\/p>\n<p>Cet article peut \u00eatre combin\u00e9 avec de nombreux autres articles de notre vaste assortiment de neige.<\/p>\n","protected":false},"excerpt":{"rendered":"<p>particuli\u00e8rement vif, aspect neigeux et duveteux facile \u00e0 d\u00e9corer, facile \u00e0 utiliser, flexible et universellement applicable opaque, drapable, id\u00e9al pour les paysages enneig\u00e9s facilement divisible en tirant, \u00e0 la fois en longueur, largeur et \u00e9paisseur mat\u00e9riel : 100 % polyester, certificat \u00d6kotex, classe de produit 1 Les tapis de neige sp\u00e9ciaux au m\u00e8tre sont fabriqu\u00e9s [&hellip;]<\/p>\n","protected":false},"featured_media":3265,"comment_status":"open","ping_status":"closed","template":"","meta":[],"product_cat":[329],"product_tag":[],"class_list":{"0":"post-3982","1":"product","2":"type-product","3":"status-publish","4":"has-post-thumbnail","6":"product_cat-schneematte-extra-flauschig-fr","8":"first","9":"instock","10":"taxable","11":"shipping-taxable","12":"purchasable","13":"product-type-simple"},"_links":{"self":[{"href":"https:\/\/pemmi.de\/fr\/wp-json\/wp\/v2\/product\/3982","targetHints":{"allow":["GET"]}}],"collection":[{"href":"https:\/\/pemmi.de\/fr\/wp-json\/wp\/v2\/product"}],"about":[{"href":"https:\/\/pemmi.de\/fr\/wp-json\/wp\/v2\/types\/product"}],"replies":[{"embeddable":true,"href":"https:\/\/pemmi.de\/fr\/wp-json\/wp\/v2\/comments?post=3982"}],"wp:featuredmedia":[{"embeddable":true,"href":"https:\/\/pemmi.de\/fr\/wp-json\/wp\/v2\/media\/3265"}],"wp:attachment":[{"href":"https:\/\/pemmi.de\/fr\/wp-json\/wp\/v2\/media?parent=3982"}],"wp:term":[{"taxonomy":"product_cat","embeddable":true,"href":"https:\/\/pemmi.de\/fr\/wp-json\/wp\/v2\/product_cat?post=3982"},{"taxonomy":"product_tag","embeddable":true,"href":"https:\/\/pemmi.de\/fr\/wp-json\/wp\/v2\/product_tag?post=3982"}],"curies":[{"name":"wp","href":"https:\/\/api.w.org\/{rel}","templated":true}]}}