{"id":4015,"date":"2018-04-05T11:28:44","date_gmt":"2019-08-08T08:56:55","guid":{"rendered":"https:\/\/pemmi.de\/shop\/non%20class\u00e9\/schneematte-auf-rolle-140-x-50-m-ca-1-cm-dick-70-m%c2%b2-schwer-entflammbar-british-standard\/"},"modified":"2024-03-08T12:33:24","modified_gmt":"2024-03-08T11:33:24","slug":"schneematte-auf-rolle-140-x-50-m-ca-1-cm-dick-70-m%c2%b2-schwer-entflammbar-british-standard","status":"publish","type":"product","link":"https:\/\/pemmi.de\/fr\/shop\/pemmisnow-fr\/schneematten-fr\/schneematten-schwer-entflammbar-fr\/schneematte-auf-rolle-140-x-50-m-ca-1-cm-dick-70-m%c2%b2-schwer-entflammbar-british-standard\/","title":{"rendered":"Tapis de neige, en rouleau 1,40 x 50 m env. 1 cm d&#8217;\u00e9paisseur, 70 m\u00b2, ignifuge British Standard"},"content":{"rendered":"<ul>\n<li>id\u00e9al pour les paysages enneig\u00e9s<\/li>\n<li>facile \u00e0 d\u00e9corer, facile \u00e0 utiliser, flexible et universellement applicable<\/li>\n<li>ignifuge British Standard<\/li>\n<li>mat\u00e9riau : ouate de neige 100 % <strong>polyester<\/strong>, certificat <strong>\u00d6kotex, classe de produit 1<\/strong><\/li>\n<\/ul>\n<p>Les tapis de neige en rouleau sont faits de 100% polyester. Les fibres synth\u00e9tiques utilis\u00e9es sont ignifuges selon DIN 4102 B1. Une copie du certificat d&#8217;essai peut \u00eatre jointe \u00e0 la commande sur demande. Avec nos articles en ouate de neige, vous pouvez cr\u00e9er de superbes d\u00e9corations hivernales en un rien de temps. Le but principal des tapis de neige est le recouvrement rapide et surtout uniforme des surfaces color\u00e9es. Le volume cr\u00e9e une couche qui ressemble \u00e0 de la neige de loin. Le tapis de neige peut \u00eatre d\u00e9cor\u00e9 de fa\u00e7on encore plus naturelle en ajoutant de la neige en aspersion. Les tapis sont tr\u00e8s populaires parce qu&#8217;ils sont polyvalents et faciles \u00e0 utiliser. Si l&#8217;on d\u00e9sire des tapis de neige plus petits, on peut les couper avec des ciseaux.<\/p>\n<p>Quelques applications possibles : D\u00e9corations hivernales, vitrines, f\u00eates de No\u00ebl, cin\u00e9ma apr\u00e8s-ski, t\u00e9l\u00e9vision, stands d&#8217;exposition, march\u00e9s de No\u00ebl, discoth\u00e8ques, centres commerciaux et b\u00e2timents publics.<\/p>\n<p>Cet article peut \u00eatre combin\u00e9 avec de nombreux autres articles de notre vaste assortiment de neige.<\/p>\n","protected":false},"excerpt":{"rendered":"<p>id\u00e9al pour les paysages enneig\u00e9s facile \u00e0 d\u00e9corer, facile \u00e0 utiliser, flexible et universellement applicable ignifuge British Standard mat\u00e9riau : ouate de neige 100 % polyester, certificat \u00d6kotex, classe de produit 1 Les tapis de neige en rouleau sont faits de 100% polyester. Les fibres synth\u00e9tiques utilis\u00e9es sont ignifuges selon DIN 4102 B1. Une copie [&hellip;]<\/p>\n","protected":false},"featured_media":2546,"comment_status":"open","ping_status":"closed","template":"","meta":[],"product_cat":[330],"product_tag":[554],"class_list":{"0":"post-4015","1":"product","2":"type-product","3":"status-publish","4":"has-post-thumbnail","6":"product_cat-schneematten-schwer-entflammbar-fr","7":"product_tag-perproductshipping-fr","9":"first","10":"instock","11":"taxable","12":"shipping-taxable","13":"purchasable","14":"product-type-simple"},"_links":{"self":[{"href":"https:\/\/pemmi.de\/fr\/wp-json\/wp\/v2\/product\/4015","targetHints":{"allow":["GET"]}}],"collection":[{"href":"https:\/\/pemmi.de\/fr\/wp-json\/wp\/v2\/product"}],"about":[{"href":"https:\/\/pemmi.de\/fr\/wp-json\/wp\/v2\/types\/product"}],"replies":[{"embeddable":true,"href":"https:\/\/pemmi.de\/fr\/wp-json\/wp\/v2\/comments?post=4015"}],"wp:featuredmedia":[{"embeddable":true,"href":"https:\/\/pemmi.de\/fr\/wp-json\/wp\/v2\/media\/2546"}],"wp:attachment":[{"href":"https:\/\/pemmi.de\/fr\/wp-json\/wp\/v2\/media?parent=4015"}],"wp:term":[{"taxonomy":"product_cat","embeddable":true,"href":"https:\/\/pemmi.de\/fr\/wp-json\/wp\/v2\/product_cat?post=4015"},{"taxonomy":"product_tag","embeddable":true,"href":"https:\/\/pemmi.de\/fr\/wp-json\/wp\/v2\/product_tag?post=4015"}],"curies":[{"name":"wp","href":"https:\/\/api.w.org\/{rel}","templated":true}]}}