{"id":4129,"date":"2018-03-29T12:16:50","date_gmt":"2019-08-19T08:02:21","guid":{"rendered":"https:\/\/pemmi.de\/shop\/non%20class\u00e9\/schneewatte-3-kg-schwer-entflammbar-british-standard\/"},"modified":"2019-08-19T10:18:51","modified_gmt":"2019-08-19T08:18:51","slug":"schneewatte-5-kg-schwer-entflammbar-british-standard","status":"publish","type":"product","link":"https:\/\/pemmi.de\/fr\/shop\/pemmisnow-fr\/schneewatte-fr\/schneewatte-fr-schneewatte-fr\/schneewatte-5-kg-schwer-entflammbar-british-standard\/","title":{"rendered":"Ouate de neige 3 kg, ignifuge British Standard"},"content":{"rendered":"<ul>\n<li>optique duveteuse extra \u00e9paisse<\/li>\n<li>facile \u00e0 d\u00e9corer, facile \u00e0 manipuler<\/li>\n<li>longueur env. 14 m, largeur env. 25 cm par kg<\/li>\n<li>Certificat \u00d6kotex<\/li>\n<li>ignifuge British Standard<\/li>\n<\/ul>\n<p>La ouate de neige est 100 % polyester. Les fibres synth\u00e9tiques utilis\u00e9es sont ignifuges selon le British Standard et sont certifi\u00e9es \u00d6kotex, classe de produit 1. La largeur du fil de ouate est d&#8217;environ 20 cm. La ouate de neige donne un aspect particuli\u00e8rement \u00e9pais et duveteux. Cette ouate d\u00e9corative est facile \u00e0 d\u00e9corer car elle est facile \u00e0 manipuler. Il y a 2 fa\u00e7ons de d\u00e9corer avec de la ouate synth\u00e9tique : soit simplement disposer le contenu du sac, soit plumer la ouate en flocons. Cette ouate convient \u00e9galement \u00e0 l&#8217;emballage d&#8217;objets. La d\u00e9coration \u00e0 l&#8217;aide d&#8217;ouate est souvent affin\u00e9e en saupoudrant un peu de neige sur la surface \u00e0 la fin.<\/p>\n<p>La ouate de neige est particuli\u00e8rement adapt\u00e9e aux d\u00e9corations hivernales sur les rebords de fen\u00eatres, vitrines de magasins, f\u00eates de No\u00ebl, apr\u00e8s-ski, cin\u00e9ma et t\u00e9l\u00e9vision, vitrines, cr\u00e8ches, march\u00e9s de No\u00ebl, discoth\u00e8ques.<\/p>\n<p>Cet article peut \u00eatre combin\u00e9 avec de nombreux autres articles de notre vaste assortiment de neige.<\/p>\n","protected":false},"excerpt":{"rendered":"<p>optique duveteuse extra \u00e9paisse facile \u00e0 d\u00e9corer, facile \u00e0 manipuler longueur env. 14 m, largeur env. 25 cm par kg Certificat \u00d6kotex ignifuge British Standard La ouate de neige est 100 % polyester. Les fibres synth\u00e9tiques utilis\u00e9es sont ignifuges selon le British Standard et sont certifi\u00e9es \u00d6kotex, classe de produit 1. La largeur du fil [&hellip;]<\/p>\n","protected":false},"featured_media":2621,"comment_status":"open","ping_status":"closed","template":"","meta":[],"product_cat":[336],"product_tag":[],"class_list":{"0":"post-4129","1":"product","2":"type-product","3":"status-publish","4":"has-post-thumbnail","6":"product_cat-schneewatte-fr-schneewatte-fr","8":"first","9":"instock","10":"taxable","11":"shipping-taxable","12":"purchasable","13":"product-type-simple"},"_links":{"self":[{"href":"https:\/\/pemmi.de\/fr\/wp-json\/wp\/v2\/product\/4129","targetHints":{"allow":["GET"]}}],"collection":[{"href":"https:\/\/pemmi.de\/fr\/wp-json\/wp\/v2\/product"}],"about":[{"href":"https:\/\/pemmi.de\/fr\/wp-json\/wp\/v2\/types\/product"}],"replies":[{"embeddable":true,"href":"https:\/\/pemmi.de\/fr\/wp-json\/wp\/v2\/comments?post=4129"}],"wp:featuredmedia":[{"embeddable":true,"href":"https:\/\/pemmi.de\/fr\/wp-json\/wp\/v2\/media\/2621"}],"wp:attachment":[{"href":"https:\/\/pemmi.de\/fr\/wp-json\/wp\/v2\/media?parent=4129"}],"wp:term":[{"taxonomy":"product_cat","embeddable":true,"href":"https:\/\/pemmi.de\/fr\/wp-json\/wp\/v2\/product_cat?post=4129"},{"taxonomy":"product_tag","embeddable":true,"href":"https:\/\/pemmi.de\/fr\/wp-json\/wp\/v2\/product_tag?post=4129"}],"curies":[{"name":"wp","href":"https:\/\/api.w.org\/{rel}","templated":true}]}}