{"id":7189,"date":"2021-03-16T09:47:32","date_gmt":"2021-03-16T08:47:32","guid":{"rendered":"https:\/\/pemmi.de\/?post_type=product&#038;p=7189"},"modified":"2022-11-24T11:10:15","modified_gmt":"2022-11-24T10:10:15","slug":"boules-de-fibres-150-g-100-polyester-virgin-type-blanches-siliconees-kopie-kopie","status":"publish","type":"product","link":"https:\/\/pemmi.de\/fr\/shop\/pemmifill-fr\/faserkuegelchen-fr\/boules-de-fibres-150-g-100-polyester-virgin-type-blanches-siliconees-kopie-kopie\/","title":{"rendered":"Boules de fibres 6 kg, Regenerat-type, blanches, silicon\u00e9es"},"content":{"rendered":"<ul>\n<li><span class=\"HwtZe\" lang=\"fr\"><span class=\"jCAhz\"><span class=\"ryNqvb\">silicon\u00e9, blanc, extra doux et moelleux, haute durabilit\u00e9 et comportement gonflant \u00e9lev\u00e9 <\/span><\/span><\/span><\/li>\n<li><span class=\"HwtZe\" lang=\"fr\"><span class=\"jCAhz\"><span class=\"ryNqvb\">lavable en machine jusqu&#8217;\u00e0 95 \u00b0C, <\/span><\/span><\/span><span class=\"HwtZe\" lang=\"fr\"><span class=\"jCAhz\"><span class=\"ryNqvb\">adapt\u00e9 au s\u00e8che-linge <\/span><\/span><\/span><\/li>\n<li><span class=\"HwtZe\" lang=\"fr\"><span class=\"jCAhz\"><span class=\"ryNqvb\">perles de fibres recycl\u00e9es respectueuses de l&#8217;environnement, pr\u00e9servant les ressources naturelles <\/span><\/span><\/span><\/li>\n<li><span class=\"HwtZe\" lang=\"fr\"><span class=\"jCAhz\"><span class=\"ryNqvb\">allergie et inodore, avec \u00d6kotex 100, boules de fibres de classe de produit 1 <\/span><\/span><\/span><\/li>\n<li><span class=\"HwtZe\" lang=\"fr\"><span class=\"jCAhz\"><span class=\"ryNqvb\">10 kg = environ 500 litres <\/span><\/span><\/span><\/li>\n<\/ul>\n<p>&nbsp;<\/p>\n<p><span class=\"HwtZe\" lang=\"fr\"><span class=\"jCAhz\"><span class=\"ryNqvb\">Les boules de fibres r\u00e9g\u00e9n\u00e9r\u00e9es sont fabriqu\u00e9es \u00e0 partir de vieilles bouteilles de cola, par exemple, en utilisant un processus de recyclage. En achetant ce produit, vous aidez activement l&#8217;environnement. Les ressources naturelles sont pr\u00e9serv\u00e9es. Perles de rembourrage en polyester blanc silicon\u00e9 extra moelleuses avec certificat Oeko-Tex 100, classe de produit 1, id\u00e9ales pour le rembourrage d&#8217;oreillers, d&#8217;ours en peluche, de peluches, de poup\u00e9es, etc. Convient \u00e9galement aux articles pour b\u00e9b\u00e9s, tels que les coussins d&#8217;allaitement et les produits pour les personnes allergiques en raison de la certification sp\u00e9cifi\u00e9e. Ce mat\u00e9riau de remplissage particuli\u00e8rement qualitatif a fait ses preuves gr\u00e2ce \u00e0 sa long\u00e9vit\u00e9 et ses propri\u00e9t\u00e9s gonflantes. M\u00eame apr\u00e8s plusieurs lavages, les billes de fibres conservent leur forme d&#8217;origine. Aucun signe de feutrage ou d&#8217;agglutination. Toujours facile \u00e0 secouer. Lavable en machine jusqu&#8217;\u00e0 95 degr\u00e9s. Super doux, l\u00e9ger comme une plume, inodore, non allerg\u00e8ne. Par exemple, pour remplir un oreiller de 40 cm x 40 cm, il vous faut environ 150 g de nos billes de fibres. Id\u00e9al \u00e9galement comme recharge ou mat\u00e9riau de remplacement. \u00d6ko-Tex Standard 100, classe de produit 1 : Les tests sur ces perles de fibres ont \u00e9t\u00e9 effectu\u00e9s conform\u00e9ment \u00e0 la norme \u00d6ko-Tex Standard 100, classe de produit 1 pour les articles pour b\u00e9b\u00e9s et ont montr\u00e9 que toutes les exigences actuellement applicables en mati\u00e8re d&#8217;\u00e9cologie humaine de la norme sont respect\u00e9es .<\/span><\/span><\/span><\/p>\n","protected":false},"excerpt":{"rendered":"<p>silicon\u00e9, blanc, extra doux et moelleux, haute durabilit\u00e9 et comportement gonflant \u00e9lev\u00e9 lavable en machine jusqu&#8217;\u00e0 95 \u00b0C, adapt\u00e9 au s\u00e8che-linge perles de fibres recycl\u00e9es respectueuses de l&#8217;environnement, pr\u00e9servant les ressources naturelles allergie et inodore, avec \u00d6kotex 100, boules de fibres de classe de produit 1 10 kg = environ 500 litres &nbsp; Les boules [&hellip;]<\/p>\n","protected":false},"featured_media":7187,"comment_status":"open","ping_status":"closed","template":"","meta":[],"product_cat":[260],"product_tag":[554],"class_list":{"0":"post-7189","1":"product","2":"type-product","3":"status-publish","4":"has-post-thumbnail","6":"product_cat-faserkuegelchen-fr","7":"product_tag-perproductshipping-fr","9":"first","10":"instock","11":"taxable","12":"shipping-taxable","13":"purchasable","14":"product-type-simple"},"_links":{"self":[{"href":"https:\/\/pemmi.de\/fr\/wp-json\/wp\/v2\/product\/7189","targetHints":{"allow":["GET"]}}],"collection":[{"href":"https:\/\/pemmi.de\/fr\/wp-json\/wp\/v2\/product"}],"about":[{"href":"https:\/\/pemmi.de\/fr\/wp-json\/wp\/v2\/types\/product"}],"replies":[{"embeddable":true,"href":"https:\/\/pemmi.de\/fr\/wp-json\/wp\/v2\/comments?post=7189"}],"wp:featuredmedia":[{"embeddable":true,"href":"https:\/\/pemmi.de\/fr\/wp-json\/wp\/v2\/media\/7187"}],"wp:attachment":[{"href":"https:\/\/pemmi.de\/fr\/wp-json\/wp\/v2\/media?parent=7189"}],"wp:term":[{"taxonomy":"product_cat","embeddable":true,"href":"https:\/\/pemmi.de\/fr\/wp-json\/wp\/v2\/product_cat?post=7189"},{"taxonomy":"product_tag","embeddable":true,"href":"https:\/\/pemmi.de\/fr\/wp-json\/wp\/v2\/product_tag?post=7189"}],"curies":[{"name":"wp","href":"https:\/\/api.w.org\/{rel}","templated":true}]}}