{"id":7989,"date":"2021-08-16T12:15:32","date_gmt":"2021-08-16T10:15:32","guid":{"rendered":"https:\/\/pemmi.de\/?post_type=product&#038;p=7989"},"modified":"2021-08-16T14:30:32","modified_gmt":"2021-08-16T12:30:32","slug":"tapis-de-culture-100-noix-de-coco-50-x-25-cm-environ-7-mm-depaisseur-paquet-de-5-kopie-kopie-kopie-kopie-kopie-kopie","status":"publish","type":"product","link":"https:\/\/pemmi.de\/fr\/shop\/pemmigarden-fr\/anzuchtmatten-fr\/anzuchtmatten-aus-kokos-ca-7mm-dick-fr\/tapis-de-culture-100-noix-de-coco-50-x-25-cm-environ-7-mm-depaisseur-paquet-de-5-kopie-kopie-kopie-kopie-kopie-kopie\/","title":{"rendered":"Tapis de culture 100 % noix de coco, 23&#215;23 cm, environ 7 mm d&#8217;\u00e9paisseur, 10 pi\u00e8ces, adapt\u00e9 au plateau 1010"},"content":{"rendered":"<ul class=\"a-unordered-list a-vertical a-spacing-none\">\n<li><span class=\"a-list-item\"><span class=\"tlid-translation translation\" lang=\"fr\">Tapis de culture pour par exemple cresson et germes (Microgreens), pour tray 1010<br \/>\n<\/span><\/span><\/li>\n<li><span class=\"a-list-item\"><span class=\"tlid-translation translation\" lang=\"fr\">Mat\u00e9riau: 100% de fibre de noix de coco latex unilat\u00e9rale, durable, respectueuse de l&#8217;environnement<\/span><\/span><\/li>\n<li><span class=\"a-list-item\"><span class=\"tlid-translation translation\" lang=\"fr\">air, &#8211; eau, &#8211; ainsi que perm\u00e9able aux engrais, \u00e0 partir de mati\u00e8re premi\u00e8re renouvelable<\/span><\/span><\/li>\n<li><span class=\"a-list-item\"><span class=\"tlid-translation translation\" lang=\"fr\">r\u00e9sistance naturelle aux parasites tels que les acariens, les attaques fongiques et la pourriture<\/span><\/span><\/li>\n<li><span class=\"a-list-item\"><span class=\"tlid-translation translation\" lang=\"fr\">microclimat sain, compostable, 100% biod\u00e9gradable<\/span><\/span><\/li>\n<\/ul>\n<p><span class=\"tlid-translation translation\" lang=\"fr\">Un r\u00e9cipient, par exemple, un petit bol plat est dispos\u00e9 avec le tapis de noix de coco coup\u00e9 (c\u00f4t\u00e9 latex lisse vers le bas, fibreux, c\u00f4t\u00e9 doux vers le haut). Les graines peuvent \u00eatre r\u00e9parties uniform\u00e9ment dessus. En fonction de la graine et de l&#8217;humidit\u00e9 r\u00e9siduelle du tapis de noix de coco, le mat\u00e9riau est humidifi\u00e9 1 \u00e0 2 fois par jour. Il faut s&#8217;assurer que les graines ne nagent pas. Il est recommand\u00e9 d&#8217;arroser les graines ou de pulv\u00e9riser avec un n\u00e9buliseur pour \u00e9viter cela. Il faut toutefois v\u00e9rifier l&#8217;humidit\u00e9 du substrat lors de ce processus de lavage afin d&#8217;\u00e9viter la d\u00e9shydratation. Surtout pour les d\u00e9butants, la culture sans terre en vaut la peine, car aucun \u00e9quipement ou mat\u00e9riel sp\u00e9cial et co\u00fbteux ne doit \u00eatre achet\u00e9. Cette m\u00e9thode de culture est particuli\u00e8rement recommand\u00e9e pour les graines qui forment une couche de mucus, comme le cresson et les graines de lin. Vous ne pouvez pas \u00e9touffer par un d\u00e9bordement d&#8217;eau par cette m\u00e9thode, mais tirez le liquide requis des r\u00e9servoirs d&#8217;eau en fibre de coco. Les nattes en fibres de coco sont \u00e9galement utilis\u00e9es dans la culture professionnelle du cresson et des germes de germes (microgreens).<\/span><\/p>\n<p><span class=\"tlid-translation translation\" lang=\"fr\"><strong>Conseil:<\/strong> jetez un coup d\u2019\u0153il \u00e0 nos ciseaux \u00e0 chanvre. Avec cela, vous pouvez facilement couper les tapis.<\/span><\/p>\n<p>Fabriqu\u00e9 en Allemagne.<\/p>\n<p>&nbsp;<\/p>\n","protected":false},"excerpt":{"rendered":"<p>Tapis de culture pour par exemple cresson et germes (Microgreens), pour tray 1010 Mat\u00e9riau: 100% de fibre de noix de coco latex unilat\u00e9rale, durable, respectueuse de l&#8217;environnement air, &#8211; eau, &#8211; ainsi que perm\u00e9able aux engrais, \u00e0 partir de mati\u00e8re premi\u00e8re renouvelable r\u00e9sistance naturelle aux parasites tels que les acariens, les attaques fongiques et la [&hellip;]<\/p>\n","protected":false},"featured_media":7980,"comment_status":"closed","ping_status":"closed","template":"","meta":[],"product_cat":[168],"product_tag":[],"class_list":{"0":"post-7989","1":"product","2":"type-product","3":"status-publish","4":"has-post-thumbnail","6":"product_cat-anzuchtmatten-aus-kokos-ca-7mm-dick-fr","8":"first","9":"instock","10":"taxable","11":"shipping-taxable","12":"purchasable","13":"product-type-simple"},"_links":{"self":[{"href":"https:\/\/pemmi.de\/fr\/wp-json\/wp\/v2\/product\/7989","targetHints":{"allow":["GET"]}}],"collection":[{"href":"https:\/\/pemmi.de\/fr\/wp-json\/wp\/v2\/product"}],"about":[{"href":"https:\/\/pemmi.de\/fr\/wp-json\/wp\/v2\/types\/product"}],"replies":[{"embeddable":true,"href":"https:\/\/pemmi.de\/fr\/wp-json\/wp\/v2\/comments?post=7989"}],"wp:featuredmedia":[{"embeddable":true,"href":"https:\/\/pemmi.de\/fr\/wp-json\/wp\/v2\/media\/7980"}],"wp:attachment":[{"href":"https:\/\/pemmi.de\/fr\/wp-json\/wp\/v2\/media?parent=7989"}],"wp:term":[{"taxonomy":"product_cat","embeddable":true,"href":"https:\/\/pemmi.de\/fr\/wp-json\/wp\/v2\/product_cat?post=7989"},{"taxonomy":"product_tag","embeddable":true,"href":"https:\/\/pemmi.de\/fr\/wp-json\/wp\/v2\/product_tag?post=7989"}],"curies":[{"name":"wp","href":"https:\/\/api.w.org\/{rel}","templated":true}]}}