{"id":8333,"date":"2021-10-14T10:09:50","date_gmt":"2021-10-14T08:09:51","guid":{"rendered":"https:\/\/pemmi.de\/?post_type=product&#038;p=8333"},"modified":"2024-03-08T12:31:00","modified_gmt":"2024-03-08T11:31:00","slug":"tapis-de-neige-en-rouleau-200g-m%c2%b2-140-x-25-m-environ-2-cm-depaisseur-35-m%c2%b2-ininflammable-m1-2","status":"publish","type":"product","link":"https:\/\/pemmi.de\/fr\/shop\/pemmisnow-fr\/schneematten-fr\/tapis-de-neige-m1\/tapis-de-neige-en-rouleau-200g-m%c2%b2-140-x-25-m-environ-2-cm-depaisseur-35-m%c2%b2-ininflammable-m1-2\/","title":{"rendered":"Tapis de neige en rouleau 200g\/m\u00b2, 1,40 x 25 m environ 2 cm d&#8217;\u00e9paisseur, 35 m\u00b2, ininflammable M1"},"content":{"rendered":"<p>id\u00e9al pour les paysages de neige<br \/>\nfacile \u00e0 d\u00e9corer, facile \u00e0 utiliser, flexible et universellement utilisable<br \/>\nininflammable M1<br \/>\nMati\u00e8re : ouate de neige 100 % polyester<\/p>\n<p>Ces tapis de neige sont fabriqu\u00e9s \u00e0 partir de fibres ininflammables. Si vous tenez une flamme sur ces tapis de neige, le mat\u00e9riau fond sans s&#8217;\u00e9goutter.<\/p>\n<p>Les tapis de neige sp\u00e9ciaux peuvent \u00eatre utilis\u00e9s partout o\u00f9 des exigences particuli\u00e8rement \u00e9lev\u00e9es sont pos\u00e9es en mati\u00e8re de protection contre les incendies, comme les b\u00e2timents publics, les centres commerciaux ou les d\u00e9corations de salons.<\/p>\n<p>Les tapis de neige en rouleaux sont fabriqu\u00e9s \u00e0 100 % en polyester.<\/p>\n<p>Avec nos articles en fil \u00e0 neige, vous pouvez cr\u00e9er de superbes d\u00e9corations d&#8217;hiver en un rien de temps. Le but principal des tapis de neige est de couvrir les surfaces color\u00e9es rapidement et surtout uniform\u00e9ment. Le volume cr\u00e9e une couche qui ressemble \u00e0 de la neige de loin. Le tapis de neige peut \u00eatre d\u00e9cor\u00e9 encore plus naturellement en y ajoutant de la neige \u00e9parse. Les tapis sont tr\u00e8s populaires car ils sont polyvalents et faciles \u00e0 utiliser. Si vous voulez des tapis de neige plus petits, vous pouvez les couper avec des ciseaux.<\/p>\n<p>Peut \u00eatre combin\u00e9 avec de nombreux autres articles de notre large gamme de neige.<br \/>\nCet article est de la m\u00eame couleur que le Zupf-Schnee M1.<\/p>\n","protected":false},"excerpt":{"rendered":"<p>id\u00e9al pour les paysages de neige facile \u00e0 d\u00e9corer, facile \u00e0 utiliser, flexible et universellement utilisable ininflammable M1 Mati\u00e8re : ouate de neige 100 % polyester Ces tapis de neige sont fabriqu\u00e9s \u00e0 partir de fibres ininflammables. Si vous tenez une flamme sur ces tapis de neige, le mat\u00e9riau fond sans s&#8217;\u00e9goutter. Les tapis de [&hellip;]<\/p>\n","protected":false},"featured_media":2546,"comment_status":"open","ping_status":"closed","template":"","meta":[],"product_cat":[474],"product_tag":[554],"class_list":{"0":"post-8333","1":"product","2":"type-product","3":"status-publish","4":"has-post-thumbnail","6":"product_cat-tapis-de-neige-m1","7":"product_tag-perproductshipping-fr","9":"first","10":"instock","11":"taxable","12":"shipping-taxable","13":"purchasable","14":"product-type-simple"},"_links":{"self":[{"href":"https:\/\/pemmi.de\/fr\/wp-json\/wp\/v2\/product\/8333","targetHints":{"allow":["GET"]}}],"collection":[{"href":"https:\/\/pemmi.de\/fr\/wp-json\/wp\/v2\/product"}],"about":[{"href":"https:\/\/pemmi.de\/fr\/wp-json\/wp\/v2\/types\/product"}],"replies":[{"embeddable":true,"href":"https:\/\/pemmi.de\/fr\/wp-json\/wp\/v2\/comments?post=8333"}],"wp:featuredmedia":[{"embeddable":true,"href":"https:\/\/pemmi.de\/fr\/wp-json\/wp\/v2\/media\/2546"}],"wp:attachment":[{"href":"https:\/\/pemmi.de\/fr\/wp-json\/wp\/v2\/media?parent=8333"}],"wp:term":[{"taxonomy":"product_cat","embeddable":true,"href":"https:\/\/pemmi.de\/fr\/wp-json\/wp\/v2\/product_cat?post=8333"},{"taxonomy":"product_tag","embeddable":true,"href":"https:\/\/pemmi.de\/fr\/wp-json\/wp\/v2\/product_tag?post=8333"}],"curies":[{"name":"wp","href":"https:\/\/api.w.org\/{rel}","templated":true}]}}