{"id":4888,"date":"2018-03-20T11:07:52","date_gmt":"2019-10-23T11:41:17","guid":{"rendered":"https:\/\/pemmi.de\/shop\/niet-gecategoriseerd\/volumenvlies-400g-m%c2%b2-15-m-breit-4-m-lang-ca-40-mm-dick-6m%c2%b2\/"},"modified":"2019-10-23T13:41:17","modified_gmt":"2019-10-23T11:41:17","slug":"volumenvlies-400g-m%c2%b2-15-m-breit-4-m-lang-ca-40-mm-dick-6m%c2%b2-2-2","status":"publish","type":"product","link":"https:\/\/pemmi.de\/nl\/shop\/unkategorisiert\/volumenvlies-400g-m%c2%b2-15-m-breit-4-m-lang-ca-40-mm-dick-6m%c2%b2-2-2\/","title":{"rendered":"Volumenvlies 400g\/m\u00b2 1,5 m breit 4 m lang ca. 40 mm dick, 6m\u00b2"},"content":{"rendered":"<ul class=\"a-unordered-list a-vertical a-spacing-none\">\n<li><span class=\"a-list-item\">\u00d6ko-Tex Standard 100, Produktklasse 1 <\/span><\/li>\n<li>gepr\u00fcft nach DIN EN 71-3 (Sicherheit von Spielzeugen)<\/li>\n<li><span class=\"a-list-item\"> weich und geschmeidig <\/span><\/li>\n<li><span class=\"a-list-item\"> hohe Langlebigkeit, 100 % Polyester <\/span><\/li>\n<li><span class=\"a-list-item\"> formbest\u00e4ndig und strapazierf\u00e4hig <\/span><\/li>\n<li><span class=\"a-list-item\"> Maschinenwaschbar bis 40 \u00b0C <\/span><\/li>\n<\/ul>\n<p>Das Volumenvlies ist sehr weich und geschmeidig, aber trotzdem formbest\u00e4ndig, strapazierfahig und mottenbest\u00e4ndig. Maschinenwaschbar bis 40 \u00b0C. Das Volumenvlies ist stauballergikerfreundlich gepr\u00fcft nach \u00d6ko-Tex Standard 100, Produktklasse 1 und erf\u00fcllt alle Richtlinien f\u00fcr die Verwendung in Babyspielzeug wie z.B. Krabbeldecken, Stofftieren, Babypuppen, etc. Das Vlies ist ebenso geeignet f\u00fcr die Wattierung und Abf\u00fctterung von Tages,- Patchwork- und Babydecken und als Zwischenlage f\u00fcr Step- und Quiltarbeiten. Dieses Volumenvlies ist thermisch verfestigt. Es werden Bindefasern benutzt um besonders volumin\u00f6se, formstabile und von der Oberfl\u00e4che her besonders gleichm\u00e4\u00dfige Vliese herzustellen.<\/p>\n<p>\u00d6ko-Tex Standard 100, Produktklasse 1: Die Pr\u00fcfungen der Volumenvliese wurden nach \u00d6ko-Tex Standard 100, Produktklasse 1 f\u00fcr Babyartikel durchgef\u00fchrt und haben ergeben, dass alle derzeit geltenden human\u00f6kologischen Anforderungen des Standards erf\u00fcllt sind. Der zertifizierte Artikel erf\u00fcllt alle Anforderungen der REACH Verordnung.<\/p>\n<p>Pr\u00fcfung nach der Spielzeugnorm: Das Vlies wurde nach DIN EN 71-3 gepr\u00fcft und entspricht den Anforderungen.<\/p>\n<p>Unsere Pr\u00fcfzeugnisse werden auf Kundenwunsch gemailt.<\/p>\n<p>Tipp: Schauen Sie sich auch unsere Spezial Schere f\u00fcr Volumenvlies an. Hiermit k\u00f6nnen Sie ganz einfach das Vlies zurechtschneiden.<\/p>\n","protected":false},"excerpt":{"rendered":"<p>\u00d6ko-Tex Standard 100, Produktklasse 1 gepr\u00fcft nach DIN EN 71-3 (Sicherheit von Spielzeugen) weich und geschmeidig hohe Langlebigkeit, 100 % Polyester formbest\u00e4ndig und strapazierf\u00e4hig Maschinenwaschbar bis 40 \u00b0C Das Volumenvlies ist sehr weich und geschmeidig, aber trotzdem formbest\u00e4ndig, strapazierfahig und mottenbest\u00e4ndig. Maschinenwaschbar bis 40 \u00b0C. Das Volumenvlies ist stauballergikerfreundlich gepr\u00fcft nach \u00d6ko-Tex Standard 100, Produktklasse [&hellip;]<\/p>\n","protected":false},"featured_media":3419,"comment_status":"open","ping_status":"closed","template":"","meta":[],"product_cat":[15],"product_tag":[],"class_list":{"0":"post-4888","1":"product","2":"type-product","3":"status-publish","4":"has-post-thumbnail","6":"product_cat-unkategorisiert","8":"first","9":"instock","10":"taxable","11":"shipping-taxable","12":"purchasable","13":"product-type-simple"},"_links":{"self":[{"href":"https:\/\/pemmi.de\/nl\/wp-json\/wp\/v2\/product\/4888","targetHints":{"allow":["GET"]}}],"collection":[{"href":"https:\/\/pemmi.de\/nl\/wp-json\/wp\/v2\/product"}],"about":[{"href":"https:\/\/pemmi.de\/nl\/wp-json\/wp\/v2\/types\/product"}],"replies":[{"embeddable":true,"href":"https:\/\/pemmi.de\/nl\/wp-json\/wp\/v2\/comments?post=4888"}],"wp:featuredmedia":[{"embeddable":true,"href":"https:\/\/pemmi.de\/nl\/wp-json\/wp\/v2\/media\/3419"}],"wp:attachment":[{"href":"https:\/\/pemmi.de\/nl\/wp-json\/wp\/v2\/media?parent=4888"}],"wp:term":[{"taxonomy":"product_cat","embeddable":true,"href":"https:\/\/pemmi.de\/nl\/wp-json\/wp\/v2\/product_cat?post=4888"},{"taxonomy":"product_tag","embeddable":true,"href":"https:\/\/pemmi.de\/nl\/wp-json\/wp\/v2\/product_tag?post=4888"}],"curies":[{"name":"wp","href":"https:\/\/api.w.org\/{rel}","templated":true}]}}